{"id":7661,"date":"2024-02-14T22:48:32","date_gmt":"2024-02-14T21:48:32","guid":{"rendered":"https:\/\/www.italianwinebrands.it\/investors\/copertura-analisti\/"},"modified":"2026-02-09T09:04:51","modified_gmt":"2026-02-09T08:04:51","slug":"coverage","status":"publish","type":"page","link":"https:\/\/www.italianwinebrands.it\/en\/investors\/coverage\/","title":{"rendered":"Coverage"},"content":{"rendered":"\n<p><strong>Avvertenza<\/strong><\/p>\n\n\n\n<p>Di seguito viene riportato l\u2019elenco degli analisti che seguono IWB S.p.A., insieme a una sintesi delle loro raccomandazioni. &nbsp;<\/p>\n\n\n\n<p>L&#8217;elenco potrebbe non essere completo ed \u00e8 soggetto a modifiche. Si noti che tutte le opinioni, stime o previsioni relative ai risultati di IWB S.p.A. a cura degli analisti sono opinioni personali degli stessi espresse in autonomia e non rappresentano opinioni, previsioni o anticipazioni di IWB S.p.A. o del suo <em>management<\/em>.<\/p>\n\n\n\n<p>L&#8217;elenco fornito non comporta per IWB S.p.A. &#8211; e a tale proposito la presente costituisce espressa avvertenza contraria &#8211; alcun avallo delle ricerche, conclusioni e raccomandazioni fornite dagli analisti. La societ\u00e0 si impegna ad aggiornare periodicamente tali informazioni, ma non garantisce n\u00e9 si assume la responsabilit\u00e0 dell\u2019accuratezza, della correttezza e\/o della completezza di tali dati, la cui presentazione viene effettuata a puro scopo informativo e non costituisce in alcun modo una sollecitazione all\u2019acquisto, al mantenimento o alla vendita degli strumenti finanziari.<\/p>\n","protected":false},"excerpt":{"rendered":"<p>Avvertenza Di seguito viene riportato l\u2019elenco degli analisti che seguono IWB S.p.A., insieme a una sintesi delle loro raccomandazioni. &nbsp; L&#8217;elenco potrebbe non essere completo ed \u00e8 soggetto a modifiche. Si noti che tutte le opinioni, stime o previsioni relative ai risultati di IWB S.p.A. a cura degli analisti sono [&hellip;]<\/p>\n","protected":false},"author":2,"featured_media":7662,"parent":2727,"menu_order":0,"comment_status":"closed","ping_status":"closed","template":"template-investor-analist.php","meta":{"kt_blocks_editor_width":""},"yoast_head":"<!-- This site is optimized with the Yoast SEO plugin v16.4 - https:\/\/yoast.com\/wordpress\/plugins\/seo\/ -->\n<title>Coverage - Italian Wine Brands<\/title>\n<meta name=\"description\" content=\"Avvertenza Di seguito viene riportato l\u2019elenco degli analisti che seguono IWB S.p.A., insieme a una sintesi delle loro raccomandazioni. &nbsp; L&#039;elenco\" \/>\n<meta name=\"robots\" content=\"index, follow, max-snippet:-1, max-image-preview:large, max-video-preview:-1\" \/>\n<link rel=\"canonical\" href=\"https:\/\/www.italianwinebrands.it\/en\/investors\/coverage\/\" \/>\n<meta property=\"og:locale\" content=\"en_US\" \/>\n<meta property=\"og:type\" content=\"article\" \/>\n<meta property=\"og:title\" content=\"Coverage - Italian Wine Brands\" \/>\n<meta property=\"og:description\" content=\"Avvertenza Di seguito viene riportato l\u2019elenco degli analisti che seguono IWB S.p.A., insieme a una sintesi delle loro raccomandazioni. &nbsp; L&#039;elenco\" \/>\n<meta property=\"og:url\" content=\"https:\/\/www.italianwinebrands.it\/en\/investors\/coverage\/\" \/>\n<meta property=\"og:site_name\" content=\"Italian Wine Brands\" \/>\n<meta property=\"article:modified_time\" content=\"2026-02-09T08:04:51+00:00\" \/>\n<meta property=\"og:image\" content=\"https:\/\/www.italianwinebrands.it\/wp-content\/uploads\/2021\/04\/home-investor-bg.jpg\" \/>\n\t<meta property=\"og:image:width\" content=\"1500\" \/>\n\t<meta property=\"og:image:height\" content=\"998\" \/>\n<meta name=\"twitter:card\" content=\"summary_large_image\" \/>\n<meta name=\"twitter:label1\" content=\"Est. reading time\" \/>\n\t<meta name=\"twitter:data1\" content=\"1 minute\" \/>\n<script type=\"application\/ld+json\" class=\"yoast-schema-graph\">{\"@context\":\"https:\/\/schema.org\",\"@graph\":[{\"@type\":\"WebSite\",\"@id\":\"https:\/\/www.italianwinebrands.it\/de\/#website\",\"url\":\"https:\/\/www.italianwinebrands.it\/de\/\",\"name\":\"Italian Wine Brands\",\"description\":\"\",\"potentialAction\":[{\"@type\":\"SearchAction\",\"target\":\"https:\/\/www.italianwinebrands.it\/de\/?s={search_term_string}\",\"query-input\":\"required name=search_term_string\"}],\"inLanguage\":\"en-US\"},{\"@type\":\"ImageObject\",\"@id\":\"https:\/\/www.italianwinebrands.it\/en\/investors\/coverage\/#primaryimage\",\"inLanguage\":\"en-US\",\"url\":\"https:\/\/www.italianwinebrands.it\/wp-content\/uploads\/2021\/04\/home-investor-bg.jpg\",\"contentUrl\":\"https:\/\/www.italianwinebrands.it\/wp-content\/uploads\/2021\/04\/home-investor-bg.jpg\",\"width\":1500,\"height\":998},{\"@type\":\"WebPage\",\"@id\":\"https:\/\/www.italianwinebrands.it\/en\/investors\/coverage\/#webpage\",\"url\":\"https:\/\/www.italianwinebrands.it\/en\/investors\/coverage\/\",\"name\":\"Coverage - Italian Wine Brands\",\"isPartOf\":{\"@id\":\"https:\/\/www.italianwinebrands.it\/de\/#website\"},\"primaryImageOfPage\":{\"@id\":\"https:\/\/www.italianwinebrands.it\/en\/investors\/coverage\/#primaryimage\"},\"datePublished\":\"2024-02-14T21:48:32+00:00\",\"dateModified\":\"2026-02-09T08:04:51+00:00\",\"description\":\"Avvertenza Di seguito viene riportato l\\u2019elenco degli analisti che seguono IWB S.p.A., insieme a una sintesi delle loro raccomandazioni. &nbsp; L'elenco\",\"breadcrumb\":{\"@id\":\"https:\/\/www.italianwinebrands.it\/en\/investors\/coverage\/#breadcrumb\"},\"inLanguage\":\"en-US\",\"potentialAction\":[{\"@type\":\"ReadAction\",\"target\":[\"https:\/\/www.italianwinebrands.it\/en\/investors\/coverage\/\"]}]},{\"@type\":\"BreadcrumbList\",\"@id\":\"https:\/\/www.italianwinebrands.it\/en\/investors\/coverage\/#breadcrumb\",\"itemListElement\":[{\"@type\":\"ListItem\",\"position\":1,\"item\":{\"@type\":\"WebPage\",\"@id\":\"https:\/\/www.italianwinebrands.it\/de\/\",\"url\":\"https:\/\/www.italianwinebrands.it\/de\/\",\"name\":\"IWB\"}},{\"@type\":\"ListItem\",\"position\":2,\"item\":{\"@type\":\"WebPage\",\"@id\":\"https:\/\/www.italianwinebrands.it\/de\/investoren\/\",\"url\":\"https:\/\/www.italianwinebrands.it\/de\/investoren\/\",\"name\":\"Investors\"}},{\"@type\":\"ListItem\",\"position\":3,\"item\":{\"@id\":\"https:\/\/www.italianwinebrands.it\/en\/investors\/coverage\/#webpage\"}}]}]}<\/script>\n<!-- \/ Yoast SEO plugin. -->","_links":{"self":[{"href":"https:\/\/www.italianwinebrands.it\/en\/wp-json\/wp\/v2\/pages\/7661"}],"collection":[{"href":"https:\/\/www.italianwinebrands.it\/en\/wp-json\/wp\/v2\/pages"}],"about":[{"href":"https:\/\/www.italianwinebrands.it\/en\/wp-json\/wp\/v2\/types\/page"}],"author":[{"embeddable":true,"href":"https:\/\/www.italianwinebrands.it\/en\/wp-json\/wp\/v2\/users\/2"}],"replies":[{"embeddable":true,"href":"https:\/\/www.italianwinebrands.it\/en\/wp-json\/wp\/v2\/comments?post=7661"}],"version-history":[{"count":17,"href":"https:\/\/www.italianwinebrands.it\/en\/wp-json\/wp\/v2\/pages\/7661\/revisions"}],"predecessor-version":[{"id":8981,"href":"https:\/\/www.italianwinebrands.it\/en\/wp-json\/wp\/v2\/pages\/7661\/revisions\/8981"}],"up":[{"embeddable":true,"href":"https:\/\/www.italianwinebrands.it\/en\/wp-json\/wp\/v2\/pages\/2727"}],"wp:featuredmedia":[{"embeddable":true,"href":"https:\/\/www.italianwinebrands.it\/en\/wp-json\/wp\/v2\/media\/7662"}],"wp:attachment":[{"href":"https:\/\/www.italianwinebrands.it\/en\/wp-json\/wp\/v2\/media?parent=7661"}],"curies":[{"name":"wp","href":"https:\/\/api.w.org\/{rel}","templated":true}]}}