{"id":6132,"date":"2023-03-13T17:22:17","date_gmt":"2023-03-13T16:22:17","guid":{"rendered":"https:\/\/www.italianwinebrands.it\/marken\/le-forconate\/"},"modified":"2026-04-10T15:36:50","modified_gmt":"2026-04-10T13:36:50","slug":"tenuta-le-forconate","status":"publish","type":"page","link":"https:\/\/www.italianwinebrands.it\/de\/marken\/tenuta-le-forconate\/","title":{"rendered":"Tenuta Le Forconate"},"content":{"rendered":"<div id=\"hookmove-imgsx\" class=\"setPosition\"><\/div>\n<div class=\"container mt-5 mb-md-5\">\n    <div id=\"sx-img-iwb-1776574397480\" class=\"row align-items-center block-sx-image-page-content\">\n        <style>\n        #sx-img-iwb-1776574397480 .mcenter {\n\t\t\tmargin-top:-30px;\n\t\t}\n        #sx-img-iwb-1776574397480 .immagine-pagina {\n            margin-left: -7%!important;\n            margin-right: 7%!important;\n\t\t\tposition:relative;\n\t\t\tmax-height: 670px; \/* NON MODIFICARE *\/\n        }\n        #sx-img-iwb-1776574397480 .testo-pagina {\n            padding:0px 80px 0px 0;\n        }\n\t\t@media (max-width: 768px) {\n\t\t\t#sx-img-iwb-1776574397480 .testo-pagina {\n\t\t\t\tpadding:0 50px 0px 50px;\n\t\t\t}\n\t\t}\n\n\t\t#sx-img-iwb-1776574397480 .setPosition {\n\t\t\tposition:absolute;\n\t\t}\n        #sx-img-iwb-1776574397480 .mleft {\n\t\t\tposition:relative;\n\t\t\toverflow:hidden;\n\t\t\tmax-width:calc(15% - 15px);\n\t\t\tfloat:left;\n\t\t\tz-index:2;\n\t\t\tmargin-right:15px;\n        }\n        #sx-img-iwb-1776574397480 .mleft img {\n\t\t\tobject-position: left;\n\t\t}\n        #sx-img-iwb-1776574397480 .mright {\n\t\t\tposition:relative;\n\t\t\toverflow:hidden;\n\t\t\tmax-width:calc(30% - 15px);\n\t\t\tfloat:left;\n\t\t\tz-index:2;\n\t\t\tmargin-left:15px;\n        }\n        #sx-img-iwb-1776574397480 .mright img {\n\t\t\tobject-position: right;\n\t\t}\n        #sx-img-iwb-1776574397480 .mcenter {\n\t\t\tposition:relative;\n\t\t\toverflow:hidden;\n\t\t\tmax-width:55%;\n\t\t\tfloat:left;\n\t\t\tz-index:1;\n        }\n        #sx-img-iwb-1776574397480 .mcenter img {\n\t\t\tobject-position: 35%;\n\t\t}\n        #sx-img-iwb-1776574397480 .mright img, #sx-img-iwb-1776574397480 .mleft img, #sx-img-iwb-1776574397480 .mcenter img {\n\t\t\theight:100%;\n\t\t\twidth:auto;\n\t\t\tobject-fit: cover;\n\t\t}\n\t\t@media (max-width:1399px) {\n\t\t\t#sx-img-iwb-1776574397480 .mright, #sx-img-iwb-1776574397480 .mleft, #sx-img-iwb-1776574397480 .mcenter {\n\t\t\t\theight:580px;\n\t\t\t}\n\t\t\t#sx-img-iwb-1776574397480 .mcenter img {\n\t\t\t\tobject-position: 35.5%;\n\t\t\t}\n\t\t}\n\t\t@media (max-width:1199px) {\n\t\t\t#sx-img-iwb-1776574397480 .mright, #sx-img-iwb-1776574397480 .mleft, #sx-img-iwb-1776574397480 .mcenter {\n\t\t\t\theight:500px;\n\t\t\t}\n\t\t\t#sx-img-iwb-1776574397480 .mcenter img {\n\t\t\t\tobject-position: 41%;\n\t\t\t}\n\t\t}\n\t\t@media (min-width:1400px) {\n\t\t\t#sx-img-iwb-1776574397480 .mcenter img {\n\t\t\t\tobject-position: 36.5%;\n\t\t\t}\n\t\t}\n\n\t\t@media (min-width: 1399px) {\n\t\t\t#sx-img-iwb-1776574397480 .testo-pagina {\n\t\t\t\tpadding:80px 80px 80px inherit;\n\t\t\t}\n\t\t}\n\t\t@media (min-width: 992px) and (max-width:1199px){\n\t\t\t#sx-img-iwb-1776574397480> .testo-pagina {\n\t\t\t\tpadding:80px 40px 80px inherit;\n\t\t\t}\n\t\t}\n\t\t@media (max-width:991px) {\n\t\t\t\/*\n\t\t\t#sx-img-iwb-1776574397480 .testo-pagina {\n\t\t\t\tpadding:50px;\n\t\t\t}*\/\n\t\t\t#sx-img-iwb-1776574397480 .testo-pagina {\n\t\t\t\tpadding:0 50px 50px;\n\t\t\t}\n\t\t}\n\t\t@media (max-width:474px) {\n\t\t\t\/*\n\t\t\t#sx-img-iwb-1776574397480 .testo-pagina {\n\t\t\t\tpadding:50px;\n\t\t\t}*\/\n\t\t\t#sx-img-iwb-1776574397480 .testo-pagina {\n\t\t\t\tpadding:0 35px 15px;\n\t\t\t}\n\t\t}\n        <\/style>\n        <div class=\"col-sm-12 col-md-12 col-lg-7 col-xl-7 immagine-pagina px-0 text-end d-none d-lg-block\">\n        \t<div id=\"imgsxleft\" class=\"mleft\"><img decoding=\"async\" class=\"img-sx\" src=\"https:\/\/www.italianwinebrands.it\/wp-content\/uploads\/2024\/12\/LeForconate_banner_v2.jpg\" \/><\/div>\n        \t<div id=\"imgsxcenter\" class=\"mcenter\"><img decoding=\"async\" class=\"img-fluid\" src=\"https:\/\/www.italianwinebrands.it\/wp-content\/uploads\/2024\/12\/LeForconate_banner_v2.jpg\" \/><\/div>\n        \t<div id=\"imgsxright\" class=\"mright\"><img decoding=\"async\" src=\"https:\/\/www.italianwinebrands.it\/wp-content\/uploads\/2024\/12\/LeForconate_banner_v2.jpg\" \/><\/div>\n        <\/div>\n        <div class=\"col-sm-12 col-md-12 col-lg-5 col-xl-5 testo-pagina text-center text-lg-start\">\n            <h2 class=\"titoli-contenuti text-start \" data-aos=\"fade-out\">Tenuta Le forconate<\/h2>\n            <p class=\"text-justify mb-3 mb-md-0\" data-aos=\"fade-out\">Im Jahr 2008 erwarb die Familie Barbanera die ersten Weinberge des Landwirtschaftsbetriebs in der Gemeinde Cetona (Siena), nahe dem Monte Cetona, mit dem Ziel, ein eigenes Weinbauprojekt zu entwickeln \u2014 die Frucht einer Leidenschaft f\u00fcr die Weinproduktion, die seit vier Generationen gepflegt wird. 2017 erwarb sie das gesamte Anwesen, das dazu bestimmt ist, ein einzigartiger Ort zu werden, an dem Geschichte und Moderne aufeinandertreffen \u2014 in einem Gebiet, das von der historischen Grenze zwischen dem Kirchenstaat und dem Gro\u00dfherzogtum Toskana sowie von der heutigen Grenze zwischen der Toskana und Umbrien gepr\u00e4gt ist. <br \/>\nEin Ort, der heute noch wenig bekannt, aber von gro\u00dfer Sch\u00f6nheit und bemerkenswertem Potenzial f\u00fcr Weinbau und Weintourismus ist \u2014 ein Ort, der es verdient, entdeckt und erz\u00e4hlt zu werden. Die urspr\u00fcngliche Rebfl\u00e4che von 7,5 Hektar wurde unter der Familie Barbanera auf 26,5 Hektar erweitert, verteilt zwischen San Casciano dei Bagni und Cetona. Sie umfasst die urspr\u00fcnglichen Rebsorten Sangiovese und Merlot und wurde im Laufe der Zeit um neue Sorten wie Cabernet Franc, Sagrantino und Vermentino erg\u00e4nzt.<\/p>\n                    <\/div>\n    <\/div>\n<\/div>\n<div class=\"clearfix clear mb-5\"><\/div>\n\n<div class=\"container pt-5 my-5\">\n\t<div class=\"row\">\n\t\t<div class=\"d-none d-md-block col-sm-1\"><\/div>\n\t\t<div id=\"carouseliwb-product-carousel177657439700\" class=\"prodotti-brands owl-carousel col-12 col-md-10\">\n\t\t\t\t\t\t<div class=\"item opacita\">\n\t\t\t\t<img decoding=\"async\" src=\"https:\/\/www.italianwinebrands.it\/wp-content\/uploads\/2026\/04\/Le-Forconate-fotoTICCHE.jpg\" class=\"img-responsive\" style=\"max-height:475px;width:auto;margin:0 auto;\">\n\t\t\t\t\t\t\t\t\t<h5 class=\"titolo-prodotto text-center\" style=\"margin-bottom:0px; padding-bottom:0px;margin-top:30px;\">T\u00eccche<\/h5>\n\t\t\t\t\t\t\t\t<p class=\"descrizione-prodotto text-center\"><\/p>\n\t\t\t<\/div>\n\t\t\t\t\t\t<div class=\"item opacita\">\n\t\t\t\t<img decoding=\"async\" src=\"https:\/\/www.italianwinebrands.it\/wp-content\/uploads\/2026\/04\/Le-Forconate-fotoRASOLE.jpg\" class=\"img-responsive\" style=\"max-height:475px;width:auto;margin:0 auto;\">\n\t\t\t\t\t\t\t\t\t<h5 class=\"titolo-prodotto text-center\" style=\"margin-bottom:0px; padding-bottom:0px;margin-top:30px;\">R\u00e0sole<\/h5>\n\t\t\t\t\t\t\t\t<p class=\"descrizione-prodotto text-center\"><\/p>\n\t\t\t<\/div>\n\t\t\t\t\t\t<div class=\"item opacita\">\n\t\t\t\t<img decoding=\"async\" src=\"https:\/\/www.italianwinebrands.it\/wp-content\/uploads\/2026\/04\/Le-Forconate-fotoOLTREVIA.jpg\" class=\"img-responsive\" style=\"max-height:475px;width:auto;margin:0 auto;\">\n\t\t\t\t\t\t\t\t\t<h5 class=\"titolo-prodotto text-center\" style=\"margin-bottom:0px; padding-bottom:0px;margin-top:30px;\">Oltrevia<\/h5>\n\t\t\t\t\t\t\t\t<p class=\"descrizione-prodotto text-center\"><\/p>\n\t\t\t<\/div>\n\t\t\t\t\t\t<div class=\"item opacita\">\n\t\t\t\t<img decoding=\"async\" src=\"https:\/\/www.italianwinebrands.it\/wp-content\/uploads\/2026\/04\/Le-Forconate-fotoLEFORCONATE.jpg\" class=\"img-responsive\" style=\"max-height:475px;width:auto;margin:0 auto;\">\n\t\t\t\t\t\t\t\t\t<h5 class=\"titolo-prodotto text-center\" style=\"margin-bottom:0px; padding-bottom:0px;margin-top:30px;\">Le Forconate<\/h5>\n\t\t\t\t\t\t\t\t<p class=\"descrizione-prodotto text-center\"><\/p>\n\t\t\t<\/div>\n\t\t\t\t\t\t<div class=\"item opacita\">\n\t\t\t\t<img decoding=\"async\" src=\"https:\/\/www.italianwinebrands.it\/wp-content\/uploads\/2026\/04\/Le-Forconate-fotoCONFINEROSSO.jpg\" class=\"img-responsive\" style=\"max-height:475px;width:auto;margin:0 auto;\">\n\t\t\t\t\t\t\t\t\t<h5 class=\"titolo-prodotto text-center\" style=\"margin-bottom:0px; padding-bottom:0px;margin-top:30px;\">Confine Rosso<\/h5>\n\t\t\t\t\t\t\t\t<p class=\"descrizione-prodotto text-center\"><\/p>\n\t\t\t<\/div>\n\t\t\t\t\t\t<div class=\"item opacita\">\n\t\t\t\t<img decoding=\"async\" src=\"https:\/\/www.italianwinebrands.it\/wp-content\/uploads\/2026\/04\/Le-Forconate-fotoCONFINEBIANCO.jpg\" class=\"img-responsive\" style=\"max-height:475px;width:auto;margin:0 auto;\">\n\t\t\t\t\t\t\t\t\t<h5 class=\"titolo-prodotto text-center\" style=\"margin-bottom:0px; padding-bottom:0px;margin-top:30px;\">Confine Bianco<\/h5>\n\t\t\t\t\t\t\t\t<p class=\"descrizione-prodotto text-center\"><\/p>\n\t\t\t<\/div>\n\t\t\t\t\t<\/div>\n\t\t<div class=\"d-none d-md-block col-sm-1\"><\/div>\n\t\t\n\t<\/div>\n<\/div>\n\n\n<div id=\"2col-iwb-1776574397500\" class=\"container my-0 my-sm-5\">\n    <div id=\"2col-iwb-1776574397500\" class=\"row align-items-center block-due-colonne-page-content\">\n        <div class=\"col-xs-12 col-md-6 posizione-testo\">\n                        <p class=\"fs20 text-justify\"  data-aos=\"fade-up\" data-aos-easing=\"linear\" data-aos-duration=\"700\">K\u00fcrzlich hat das Weingut in den Ausbau seiner Vinifikations-, G\u00e4rungs- und Reifungsr\u00e4ume investiert, mit dem Ziel, zu einer Ikone der Exzellenz in der toskanischen Weinlandschaft zu werden. <br \/>\nIn diesem Sinne werden die Weine der Tenuta Le Forconate von Italian Wine Brands vertrieben, der f\u00fchrenden b\u00f6rsennotierten italienischen Weingruppe.<\/p>\n        <\/div>\n        <div class=\"col-12 col-md-6 text-md-end mt-5 mt-md-0\">\n        \t<div class=\"posizione-immagine\">\n                <img decoding=\"async\" src=\"https:\/\/www.italianwinebrands.it\/wp-content\/uploads\/2026\/04\/IWB-LeForconate-tablet.jpg\" \/>\n            <\/div>\n        <\/div>\n    <\/div>\n<\/div>\n\n\n\n<script type=\"text\/javascript\">var gform;gform||(document.addEventListener(\"gform_main_scripts_loaded\",function(){gform.scriptsLoaded=!0}),window.addEventListener(\"DOMContentLoaded\",function(){gform.domLoaded=!0}),gform={domLoaded:!1,scriptsLoaded:!1,initializeOnLoaded:function(o){gform.domLoaded&&gform.scriptsLoaded?o():!gform.domLoaded&&gform.scriptsLoaded?window.addEventListener(\"DOMContentLoaded\",o):document.addEventListener(\"gform_main_scripts_loaded\",o)},hooks:{action:{},filter:{}},addAction:function(o,n,r,t){gform.addHook(\"action\",o,n,r,t)},addFilter:function(o,n,r,t){gform.addHook(\"filter\",o,n,r,t)},doAction:function(o){gform.doHook(\"action\",o,arguments)},applyFilters:function(o){return gform.doHook(\"filter\",o,arguments)},removeAction:function(o,n){gform.removeHook(\"action\",o,n)},removeFilter:function(o,n,r){gform.removeHook(\"filter\",o,n,r)},addHook:function(o,n,r,t,i){null==gform.hooks[o][n]&&(gform.hooks[o][n]=[]);var e=gform.hooks[o][n];null==i&&(i=n+\"_\"+e.length),gform.hooks[o][n].push({tag:i,callable:r,priority:t=null==t?10:t})},doHook:function(n,o,r){var t;if(r=Array.prototype.slice.call(r,1),null!=gform.hooks[n][o]&&((o=gform.hooks[n][o]).sort(function(o,n){return o.priority-n.priority}),o.forEach(function(o){\"function\"!=typeof(t=o.callable)&&(t=window[t]),\"action\"==n?t.apply(null,r):r[0]=t.apply(null,r)})),\"filter\"==n)return r[0]},removeHook:function(o,n,t,i){var r;null!=gform.hooks[o][n]&&(r=(r=gform.hooks[o][n]).filter(function(o,n,r){return!!(null!=i&&i!=o.tag||null!=t&&t!=o.priority)}),gform.hooks[o][n]=r)}});<\/script>\n                <div class='gf_browser_gecko gform_wrapper gravity-theme form-contatti_wrapper' id='gform_wrapper_3' ><form method='post' enctype='multipart\/form-data'  id='gform_3' class='form-contatti' action='\/de\/wp-json\/wp\/v2\/pages\/6132' >\n                        <div class='gform_body gform-body'><div id='gform_fields_3' class='gform_fields top_label form_sublabel_below description_below'><div id=\"field_3_11\" class=\"gfield gfield--width-full gfield_html gfield_html_formatted gfield_no_follows_desc field_sublabel_below field_description_below gfield_visibility_visible\" ><h2 class=\"my-0 py-0 fs26\">Vertiefen Sie jedes Detail mit einem unserer Exportmanager<\/h2><p class=\"my-0 py-0\">F\u00fcllen Sie das Formular aus: Wir werden uns so schnell wie m\u00f6glich mit Ihnen in Verbindung setzen.<\/p><\/div><div id=\"field_3_1\" class=\"gfield gfield--width-half gfield_contains_required field_sublabel_below field_description_below hidden_label gfield_visibility_visible\" ><label class='gfield_label' for='input_3_1' >Vor- und Nachname<span class=\"gfield_required\"><span class=\"gfield_required gfield_required_asterisk\">*<\/span><\/span><\/label><div class='ginput_container ginput_container_text'><input name='input_1' id='input_3_1' type='text' value='' class='large'    placeholder='Vor- und Nachname' aria-required=\"true\" aria-invalid=\"false\"   \/> <\/div><\/div><div id=\"field_3_2\" class=\"gfield gfield--width-half gfield_contains_required field_sublabel_below field_description_below hidden_label gfield_visibility_visible\" ><label class='gfield_label' for='input_3_2' >Vor- und Nachname<span class=\"gfield_required\"><span class=\"gfield_required gfield_required_asterisk\">*<\/span><\/span><\/label><div class='ginput_container ginput_container_text'><input name='input_2' id='input_3_2' type='text' value='' class='large'    placeholder='Firma' aria-required=\"true\" aria-invalid=\"false\"   \/> <\/div><\/div><div id=\"field_3_10\" class=\"gfield gfield--width-half gfield_contains_required field_sublabel_below field_description_below hidden_label gfield_visibility_visible\" ><label class='gfield_label' for='input_3_10' >E-mail<span class=\"gfield_required\"><span class=\"gfield_required gfield_required_asterisk\">*<\/span><\/span><\/label><div class='ginput_container ginput_container_email'>\n                            <input name='input_10' id='input_3_10' type='text' value='' class='large'   placeholder='E-mail' aria-required=\"true\" aria-invalid=\"false\"  \/>\n                        <\/div><\/div><div id=\"field_3_9\" class=\"gfield gfield--width-half gfield_contains_required field_sublabel_below field_description_below hidden_label gfield_visibility_visible\" ><label class='gfield_label' for='input_3_9' >Telefonnummer<span class=\"gfield_required\"><span class=\"gfield_required gfield_required_asterisk\">*<\/span><\/span><\/label><div class='ginput_container ginput_container_phone'><input name='input_9' id='input_3_9' type='text' value='' class='large'  placeholder='Telefonnummer' aria-required=\"true\" aria-invalid=\"false\"   \/><\/div><\/div><fieldset id=\"field_3_8\" class=\"gfield gfield--width-full text-end d-inline-block gfield_contains_required field_sublabel_below field_description_below hidden_label gfield_visibility_visible\" ><legend class='gfield_label gfield_label_before_complex'  >Datenschutzakzeptanz<span class=\"gfield_required\"><span class=\"gfield_required gfield_required_asterisk\">*<\/span><\/span><\/legend><div class='ginput_container ginput_container_consent'><input name='input_8.1' id='input_3_8_1' type='checkbox' value='1'   aria-required=\"true\" aria-invalid=\"false\"   \/> <label class=\"gfield_consent_label\" for='input_3_8_1' ><a href=\"\/de\/privacy-policy\/\" target=\"_blank\">Datenschutzakzeptanz<\/a><\/label><span class=\"gfield_required gfield_required_asterisk\">*<\/span><input type='hidden' name='input_8.2' value='&lt;a href=&quot;\/de\/privacy-policy\/&quot; target=&quot;_blank&quot;&gt;Datenschutzakzeptanz&lt;\/a&gt;' class='gform_hidden' \/><input type='hidden' name='input_8.3' value='5' class='gform_hidden' \/><\/div><\/fieldset><div id=\"field_3_12\" class=\"gfield gfield--width-full field_sublabel_below field_description_below gfield_visibility_visible\" ><label class='gfield_label screen-reader-text' for='input_3_12' ><\/label><div id='input_3_12' class='ginput_container ginput_recaptcha' data-sitekey='6Lf7XtspAAAAAOeZV0tRoYzpL7MLQaC0oMud1Zk8'  data-theme='light' data-tabindex='-1' data-size='invisible' data-badge='bottomright'><\/div><\/div><\/div><\/div>\n        <div class='gform_footer top_label'> <input type='submit' id='gform_submit_button_3' class='gform_button button' value='Senden'  onclick='if(window[\"gf_submitting_3\"]){return false;}  window[\"gf_submitting_3\"]=true;  ' onkeypress='if( event.keyCode == 13 ){ if(window[\"gf_submitting_3\"]){return false;} window[\"gf_submitting_3\"]=true;  jQuery(\"#gform_3\").trigger(\"submit\",[true]); }' \/> \n            <input type='hidden' class='gform_hidden' name='is_submit_3' value='1' \/>\n            <input type='hidden' class='gform_hidden' name='gform_submit' value='3' \/>\n            \n            <input type='hidden' class='gform_hidden' name='gform_unique_id' value='' \/>\n            <input type='hidden' class='gform_hidden' name='state_3' value='WyJ7XCI4LjFcIjpcIjQ4MGY1NDEyN2ZhYzNkMGU3MTc4ZmE5YmMxNWQ1NzQ4XCIsXCI4LjJcIjpcIjNiYTFjMzU5N2E3YjYxZDlmMzAyMjg5MDNhYWZlZjlmXCIsXCI4LjNcIjpcIjEzNmQ0YTIxMzcwMGYzY2JlMDI3MzY0MGJhMTAwMjFhXCJ9IiwiYWU3YWEzYzkxOWJiMDRlZTkzZGI2ZWM1ODBhYjg1ODciXQ==' \/>\n            <input type='hidden' class='gform_hidden' name='gform_target_page_number_3' id='gform_target_page_number_3' value='0' \/>\n            <input type='hidden' class='gform_hidden' name='gform_source_page_number_3' id='gform_source_page_number_3' value='1' \/>\n            <input type='hidden' name='gform_field_values' value='' \/>\n            \n        <\/div>\n                        <\/form>\n                        <\/div>","protected":false},"excerpt":{"rendered":"","protected":false},"author":2,"featured_media":9116,"parent":4380,"menu_order":0,"comment_status":"closed","ping_status":"closed","template":"template-single-brand.php","meta":{"kt_blocks_editor_width":""},"yoast_head":"<!-- This site is optimized with the Yoast SEO plugin v16.4 - https:\/\/yoast.com\/wordpress\/plugins\/seo\/ -->\n<title>Tenuta Le Forconate - Italian Wine Brands<\/title>\n<meta name=\"robots\" content=\"index, follow, max-snippet:-1, max-image-preview:large, max-video-preview:-1\" \/>\n<link rel=\"canonical\" href=\"https:\/\/www.italianwinebrands.it\/de\/marken\/tenuta-le-forconate\/\" \/>\n<meta property=\"og:locale\" content=\"de_DE\" \/>\n<meta property=\"og:type\" content=\"article\" \/>\n<meta property=\"og:title\" content=\"Tenuta Le Forconate - Italian Wine Brands\" \/>\n<meta property=\"og:url\" content=\"https:\/\/www.italianwinebrands.it\/de\/marken\/tenuta-le-forconate\/\" \/>\n<meta property=\"og:site_name\" content=\"Italian Wine Brands\" \/>\n<meta property=\"article:modified_time\" content=\"2026-04-10T13:36:50+00:00\" \/>\n<meta property=\"og:image\" content=\"https:\/\/www.italianwinebrands.it\/wp-content\/uploads\/2026\/04\/LeForconate_Header.jpg\" \/>\n\t<meta property=\"og:image:width\" content=\"1600\" \/>\n\t<meta property=\"og:image:height\" content=\"600\" \/>\n<meta name=\"twitter:card\" content=\"summary_large_image\" \/>\n<script type=\"application\/ld+json\" class=\"yoast-schema-graph\">{\"@context\":\"https:\/\/schema.org\",\"@graph\":[{\"@type\":\"WebSite\",\"@id\":\"https:\/\/www.italianwinebrands.it\/de\/#website\",\"url\":\"https:\/\/www.italianwinebrands.it\/de\/\",\"name\":\"Italian Wine Brands\",\"description\":\"\",\"potentialAction\":[{\"@type\":\"SearchAction\",\"target\":\"https:\/\/www.italianwinebrands.it\/de\/?s={search_term_string}\",\"query-input\":\"required name=search_term_string\"}],\"inLanguage\":\"de-DE\"},{\"@type\":\"ImageObject\",\"@id\":\"https:\/\/www.italianwinebrands.it\/de\/marken\/tenuta-le-forconate\/#primaryimage\",\"inLanguage\":\"de-DE\",\"url\":\"https:\/\/www.italianwinebrands.it\/wp-content\/uploads\/2026\/04\/LeForconate_Header.jpg\",\"contentUrl\":\"https:\/\/www.italianwinebrands.it\/wp-content\/uploads\/2026\/04\/LeForconate_Header.jpg\",\"width\":1600,\"height\":600},{\"@type\":\"WebPage\",\"@id\":\"https:\/\/www.italianwinebrands.it\/de\/marken\/tenuta-le-forconate\/#webpage\",\"url\":\"https:\/\/www.italianwinebrands.it\/de\/marken\/tenuta-le-forconate\/\",\"name\":\"Tenuta Le Forconate - Italian Wine Brands\",\"isPartOf\":{\"@id\":\"https:\/\/www.italianwinebrands.it\/de\/#website\"},\"primaryImageOfPage\":{\"@id\":\"https:\/\/www.italianwinebrands.it\/de\/marken\/tenuta-le-forconate\/#primaryimage\"},\"datePublished\":\"2023-03-13T16:22:17+00:00\",\"dateModified\":\"2026-04-10T13:36:50+00:00\",\"breadcrumb\":{\"@id\":\"https:\/\/www.italianwinebrands.it\/de\/marken\/tenuta-le-forconate\/#breadcrumb\"},\"inLanguage\":\"de-DE\",\"potentialAction\":[{\"@type\":\"ReadAction\",\"target\":[\"https:\/\/www.italianwinebrands.it\/de\/marken\/tenuta-le-forconate\/\"]}]},{\"@type\":\"BreadcrumbList\",\"@id\":\"https:\/\/www.italianwinebrands.it\/de\/marken\/tenuta-le-forconate\/#breadcrumb\",\"itemListElement\":[{\"@type\":\"ListItem\",\"position\":1,\"item\":{\"@type\":\"WebPage\",\"@id\":\"https:\/\/www.italianwinebrands.it\/de\/\",\"url\":\"https:\/\/www.italianwinebrands.it\/de\/\",\"name\":\"IWB\"}},{\"@type\":\"ListItem\",\"position\":2,\"item\":{\"@type\":\"WebPage\",\"@id\":\"https:\/\/www.italianwinebrands.it\/de\/marken\/\",\"url\":\"https:\/\/www.italianwinebrands.it\/de\/marken\/\",\"name\":\"Marken\"}},{\"@type\":\"ListItem\",\"position\":3,\"item\":{\"@id\":\"https:\/\/www.italianwinebrands.it\/de\/marken\/tenuta-le-forconate\/#webpage\"}}]}]}<\/script>\n<!-- \/ Yoast SEO plugin. -->","_links":{"self":[{"href":"https:\/\/www.italianwinebrands.it\/de\/wp-json\/wp\/v2\/pages\/6132"}],"collection":[{"href":"https:\/\/www.italianwinebrands.it\/de\/wp-json\/wp\/v2\/pages"}],"about":[{"href":"https:\/\/www.italianwinebrands.it\/de\/wp-json\/wp\/v2\/types\/page"}],"author":[{"embeddable":true,"href":"https:\/\/www.italianwinebrands.it\/de\/wp-json\/wp\/v2\/users\/2"}],"replies":[{"embeddable":true,"href":"https:\/\/www.italianwinebrands.it\/de\/wp-json\/wp\/v2\/comments?post=6132"}],"version-history":[{"count":8,"href":"https:\/\/www.italianwinebrands.it\/de\/wp-json\/wp\/v2\/pages\/6132\/revisions"}],"predecessor-version":[{"id":9122,"href":"https:\/\/www.italianwinebrands.it\/de\/wp-json\/wp\/v2\/pages\/6132\/revisions\/9122"}],"up":[{"embeddable":true,"href":"https:\/\/www.italianwinebrands.it\/de\/wp-json\/wp\/v2\/pages\/4380"}],"wp:featuredmedia":[{"embeddable":true,"href":"https:\/\/www.italianwinebrands.it\/de\/wp-json\/wp\/v2\/media\/9116"}],"wp:attachment":[{"href":"https:\/\/www.italianwinebrands.it\/de\/wp-json\/wp\/v2\/media?parent=6132"}],"curies":[{"name":"wp","href":"https:\/\/api.w.org\/{rel}","templated":true}]}}