{"id":5086,"date":"2022-03-08T10:12:08","date_gmt":"2022-03-08T09:12:08","guid":{"rendered":"https:\/\/www.italianwinebrands.it\/informativa-privacy-azionisti\/"},"modified":"2022-03-08T10:27:36","modified_gmt":"2022-03-08T09:27:36","slug":"informationen-aktionare","status":"publish","type":"page","link":"https:\/\/www.italianwinebrands.it\/de\/informationen-aktionare\/","title":{"rendered":"Informationen f\u00fcr Aktion\u00e4re\ufffc"},"content":{"rendered":"\n<h3 id=\"informativa-privacy-web-da-fornire-ex-art-13-reg-ue-2016-679-gdpr\"><strong><strong><strong>Informationen f\u00fcr Aktion\u00e4re, gem\u00e4\u00df Art. 13-14, EU-Verordnung 2016\/679 (DSGVO)<\/strong><\/strong><\/strong><\/h3>\n\n\n\n<p>Gem\u00e4\u00df der Verordnung 2016\/679\/EU (Datenschutz-Grundverordnung \u2013 im Folgenden DSGVO) informiert Sie Italian Wine Brands S.p.A., im Folgenden auch IWB, wie folgt \u00fcber die Verarbeitung Ihrer personenbezogenen Daten, die Sie IWB, auch \u00fcber Kreditinstitute und Finanzvermittlungsgesellschaften, im Zusammenhang mit Ihrer Beziehung als Aktion\u00e4r zur Verf\u00fcgung stellen.<\/p>\n\n\n\n<p><strong>Identit\u00e4t und Kontaktangaben des f\u00fcr die Datenverarbeitung Verantwortlichen<\/strong><\/p>\n\n\n\n<p>Der f\u00fcr die Datenverarbeitung Verantwortliche ist &nbsp;&nbsp;&nbsp;&nbsp;&nbsp;, mit Sitz in Viale Abruzzi, 94 \u2013 20131 Milano und USt-IdNr. 08851780968.<\/p>\n\n\n\n<p>Dar\u00fcber hinaus wurde ein Datenschutzbeauftragter (DSB) ernannt, der erreichbar ist unter der E-Mail Adresse: <a href=\"mailto:dpoiwb@italianwinebrands.it.%20\">privacy@italianwinebrands.it<\/a><\/p>\n\n\n\n<p>Die vollst\u00e4ndige und aktuelle Liste der von unserem Unternehmen ernannten Verantwortlichen kann durch eine schriftliche Anfrage per E-Mail an die folgende Adresse <a href=\"mailto:privacy-office@italianwinebrands.it\">privacy-office@italianwinebrands.it<\/a> angefordert werden, oder per Einschreiben.<\/p>\n\n\n\n<p><strong>Zweck der Verarbeitung und <\/strong><strong>rechtliche G<\/strong><strong>rundlage<\/strong><\/p>\n\n\n\n<p>Ihre personenbezogenen Daten werden f\u00fcr die folgenden Zwecke verarbeitet:<\/p>\n\n\n\n<ul><li>Verwaltung des Verzeichnisses der Anteilseigner und der damit verbundenen T\u00e4tigkeiten;<\/li><li>Erstellung und Aktualisierung der Mailingliste (Name, Adresse und sonstige Kontaktdaten) f\u00fcr den Versand von Mitteilungen und Gesellschaftsdokumenten;<\/li><li>Akkreditierung und Registrierung f\u00fcr die Teilnahme an Gesellschaftsversammlungen;<\/li><li>Aufzeichnung und Protokollierung der Redebeitr\u00e4ge und Abstimmungen der Versammlung;<\/li><li>Aussch\u00fcttung von Dividenden;<\/li><li>Aus\u00fcbung des Widerrufsrechts oder eines anderen Rechts, f\u00fcr dessen Aus\u00fcbung nach dem Gesetz eine vorherige Legitimation durch den Emittenten erforderlich ist;<\/li><li>Statistiken zur Ermittlung der Aktion\u00e4rsbasis der Gesellschaft oder der Teilnahme an Hauptversammlungen.<\/li><\/ul>\n\n\n\n<p>Au\u00dferdem, wenn Sie Ihre pers\u00f6nlichen Daten zum Zweck der Aus\u00fcbung der Aktion\u00e4rsrechte gem\u00e4\u00df dem konsolidierten Finanzgesetz (Gesetzesdekret 58\/1998) zur Verf\u00fcgung stellen, konkret f\u00fcr:<\/p>\n\n\n\n<ul><li>die Formulierung von Fragen vor der Versammlung;<\/li><li>Benachrichtigung der IWB \u00fcber die an ihre Vertreter erteilten Vollmachten,<\/li><li>Aus\u00fcbung der Stimmrechte auf elektronischem Wege im Vorfeld der Hauptversammlung,<\/li><\/ul>\n\n\n\n<p>Neben den oben bezeichneten Zwecken k\u00f6nnen die genannten Daten auch verarbeitet werden, um die in Gesetzen, Verordnungen oder gemeinschaftlichen Rechtsvorschriften vorgesehenen Verpflichtungen zu erf\u00fcllen.<\/p>\n\n\n\n<p>Die Rechtsgrundlage ist durch die Erf\u00fcllung des Gesetzes (Art. 2370 des Handelsgesetzbuchs und folgende) sowie f\u00fcr die damit verbundenen und daraus folgenden Verpflichtungen gegeben. Die Erfassung Ihrer Daten ist daher notwendig und\/oder gesetzlich vorgeschrieben, um die in diesem Informationsschreiben genannten Zwecke zu erf\u00fcllen.<\/p>\n\n\n\n<p>Wenn Sie Ihre Daten nicht, nur teilweise oder ungenau angeben, kann dies dazu f\u00fchren, dass die (gesetzlichen oder Sie betreffenden) Verpflichtungen nicht erf\u00fcllt werden und Sie nicht zur Hauptversammlung zugelassen werden.<\/p>\n\n\n\n<p><strong>Kategorie der personenbezogenen Daten und Art der Verarbeitung&nbsp;&nbsp;&nbsp;&nbsp;&nbsp;&nbsp;&nbsp;&nbsp;&nbsp;&nbsp;&nbsp;&nbsp;&nbsp;&nbsp;&nbsp;&nbsp;&nbsp;&nbsp;&nbsp;&nbsp;&nbsp;&nbsp;&nbsp;&nbsp;&nbsp;&nbsp;&nbsp;&nbsp;&nbsp;&nbsp;&nbsp;&nbsp;&nbsp;&nbsp;&nbsp;&nbsp;&nbsp;&nbsp;&nbsp;&nbsp;&nbsp;&nbsp;&nbsp;&nbsp;&nbsp;&nbsp;&nbsp;&nbsp;<\/strong><\/p>\n\n\n\n<p>In Bezug auf den oben beschriebenen Zweck, verarbeitet &nbsp;&nbsp;&nbsp;&nbsp;&nbsp;&nbsp;personenbezogene Daten, wie&nbsp; zum Beispiel, aber nicht ausschlie\u00dflich:<\/p>\n\n\n\n<ul><li>pers\u00f6nliche Angaben (z.B. Vorname, Nachname, Adresse, Geburtsdatum, Ausweis, Steuernummer);<\/li><li>Steuerdaten zu den gehaltenen Aktien.<\/li><\/ul>\n\n\n\n<p>Die Verarbeitung der betreffenden Daten erfolgt nach den Grunds\u00e4tzen der Korrektheit, Rechtm\u00e4\u00dfigkeit, Transparenz und des Schutzes der Vertraulichkeit. Es werden spezifische Sicherheits- und Vertraulichkeitsma\u00dfnahmen gem\u00e4\u00df den gesetzlichen Bestimmungen, den einschl\u00e4gigen Vorschriften und den internen Bestimmungen ergriffen, um den Verlust von Daten, die unrechtm\u00e4\u00dfige oder unkorrekte Verwendung und den unbefugten Zugriff zu verhindern.<\/p>\n\n\n\n<p>Alle uns zur Verf\u00fcgung gestellten und in Papierform oder direkt in elektronischer Form gesammelten Unterlagen werden von unserer Gesellschaft in der Niederlassung der Giordano Vini S.p.A., mit Verwaltungssitz in Via Guido Cane 47 bis-50 &#8211; 12055 Valle Talloria d&#8217;Alba (CN), f\u00fcr die von den zivil- und steuerrechtlichen Vorschriften vorgeschriebene Zeit aufbewahrt.<\/p>\n\n\n\n<p>Die Verarbeitung der betreffenden Daten erfolgt auch mit Hilfe elektronischer und automatisierter Mittel, mit Hilfe von Terminals und Personalcomputern, die an das Unternehmensnetz angeschlossen sind, und auf jeden Fall mit Instrumenten, die Sicherheit und Vertraulichkeit gew\u00e4hrleisten. Die angewandten Methoden garantieren auch, dass es keine \u00dcberschneidungen zwischen den Behandlungen im Zusammenhang mit den verschiedenen Zwecken gibt und dass nur die f\u00fcr die jeweiligen Zwecke verantwortlichen Personen Zugang haben, die mit der Beziehung zwischen der betroffenen Person und Italian Wine Brands S.p.A. verbunden sind.<\/p>\n\n\n\n<p><strong>Aufbewahrungsfrist der Daten<\/strong><\/p>\n\n\n\n<p>Alle personenbezogenen Daten werden zusammen mit den w\u00e4hrend der Hauptversammlung erstellten Dokumenten aufbewahrt von &nbsp;&nbsp;&nbsp;&nbsp;&nbsp;, um die Inhalte des Protokolls zu dokumentieren. Etwaige Audio-\/Videoaufnahmen, die w\u00e4hrend der Versammlung gemacht wurden, werden nach der Erstellung des Protokolls vernichtet.<\/p>\n\n\n\n<p>Nach den Grunds\u00e4tzen der Verh\u00e4ltnism\u00e4\u00dfigkeit und der Notwendigkeit werden personenbezogene Daten in einer Form aufbewahrt, die die Identifizierung der betroffenen Personen w\u00e4hrend eines Zeitraums erm\u00f6glicht, der die Erf\u00fcllung der Zwecke, f\u00fcr die die Daten verarbeitet werden, nicht \u00fcbersteigt, sowie w\u00e4hrend des Zeitraums, der f\u00fcr Verwaltungszwecke, die Bearbeitung von Beschwerden\/Streitigkeiten oder f\u00fcr strafrechtliche Zwecke gesetzlich vorgeschrieben ist.<\/p>\n\n\n\n<p><strong>Umfang der Daten\u00fcbermittlung<\/strong><\/p>\n\n\n\n<p>Neben den Angestellten\/Mitarbeitern von IWB k\u00f6nnen einige Ihrer personenbezogenen Daten auch von Dritten verarbeitet werden, einschlie\u00dflich der Tochtergesellschaften von IWB, denen IWB T\u00e4tigkeiten und Dienstleistungen (oder Teile davon) anvertraut, um die oben genannten Zwecke umzusetzen.<\/p>\n\n\n\n<p>Diese Dritten k\u00f6nnen auch im Ausland, in EU-L\u00e4ndern oder in Nicht-EU-L\u00e4ndern ans\u00e4ssig sein; im letzteren Fall erfolgt die Daten\u00fcbermittlung aufgrund eines Beschlusses der Europ\u00e4ischen Kommission \u00fcber die Angemessenheit des Datenschutzniveaus des Nicht-EU-Landes oder auf der Grundlage der angemessenen und geeigneten Garantien gem\u00e4\u00df Artikel 46 oder 47 der DSGVO (z.B. Unterzeichnung der von der Europ\u00e4ischen Kommission angenommenen \u201eStandardklauseln\u201c zum Datenschutz) oder der zus\u00e4tzlichen Legitimit\u00e4tsbedingungen f\u00fcr die \u00dcbermittlung gem\u00e4\u00df Artikel 49 der DSGVO. Diese Einrichtungen sind als autonome f\u00fcr die Datenverarbeitung Verantwortliche t\u00e4tig oder werden als Datenverarbeiter benannt und fallen unter die folgenden Kategorien:<\/p>\n\n\n\n<ol type=\"a\"><li>Mitglieder des Verwaltungsrats und des Rechnungspr\u00fcferausschusses der Gesellschaft;<\/li><li>Unternehmen oder Personen, die mit dem Versand von Unternehmensmaterial betraut sind;<\/li><li>Unternehmen oder Personen f\u00fcr die Verwaltung und Pflege von Informationssystemen;<\/li><li>Wirtschaftspr\u00fcfungsgesellschaften;<\/li><li>Unternehmen\/Servicezentren f\u00fcr die Ermittlung der f\u00fcr die Aktualisierung des Aktion\u00e4rsregisters erforderlichen Daten;<\/li><li>Unternehmen\/Servicezentren, professionelle Firmen oder Freiberufler f\u00fcr Beratung und Unterst\u00fctzung bei Unternehmensgesch\u00e4ften, Organisation\/Verwaltung von Hauptversammlungen sowie damit verbundener Aktivit\u00e4ten;<\/li><li>Institutionen und\/oder Beh\u00f6rden (Gerichte, B\u00f6rse, B\u00f6rsenaufsicht usw.), um bestimmte gesetzliche\/regulatorische Verpflichtungen zu erf\u00fcllen;<\/li><li>Unternehmen\/Bankdienstleistungszentren und\/oder Kreditinstitute f\u00fcr die \u00dcbermittlung von Daten zur Abwicklung von Wertpapier\u00fcbertragungen und Bankauftr\u00e4gen (z.B. Dividendenaussch\u00fcttung);<\/li><li>Organisatoren der Einholung von Vollmachten zur Teilnahme an Hauptversammlungen in den gesetzlich vorgesehenen F\u00e4llen;<\/li><li>Themen, die im Zusammenhang mit der Erf\u00fcllung rechtlicher und\/oder regulatorischer Verpflichtungen und\/oder aufgrund von EU-Rechtsvorschriften vorgeschrieben sind (wobei zu ber\u00fccksichtigen ist, dass die Gesellschaft an einem geregelten Markt notiert ist und daher zus\u00e4tzlichen Verpflichtungen und Offenlegungspflichten unterliegt).<\/li><li>Beauftragte\/Bevollm\u00e4chtigte, die mit der Bearbeitung des Unternehmenssekretariats betraut sind, sowie Verwaltungs- und Kontrollorgane von &nbsp;&nbsp;&nbsp;&nbsp;&nbsp;;<\/li><\/ol>\n\n\n\n<p>Dar\u00fcber hinaus k\u00f6nnen einige Ihrer personenbezogenen Daten in \u00dcbereinstimmung mit den geltenden Gesetzen und B\u00f6rsenaufsichtsvorschriften an den Finanzmarkt weitergegeben werden.<\/p>\n\n\n\n<p><strong>Rechte der betroffenen Personen gem\u00e4\u00df Artikel 15\u201322, DSGVO<\/strong><\/p>\n\n\n\n<p>In Bezug auf die Verarbeitung personenbezogener Daten und in \u00dcbereinstimmung mit den folgenden Artikeln des DSGVO 2016\/679: Sie haben das Recht zu fordern &nbsp;&nbsp;&nbsp;&nbsp;&nbsp;:<\/p>\n\n\n\n<p><strong>Art.6 \u2013 Widerruf der Einwilligung<\/strong>: Die betroffene Person kann ihre Einwilligung jederzeit widerrufen.<\/p>\n\n\n\n<p><strong>Art.15 \u2013 Zugriff<\/strong>: Die betroffene Person kann eine Best\u00e4tigung dar\u00fcber verlangen, ob sie betreffende Daten verarbeitet werden oder nicht, sowie eine weitere Erl\u00e4uterung der in dieser Mitteilung genannten Informationen.<\/p>\n\n\n\n<p><strong>Art.16 \u2013 Richtigstellung<\/strong>: Die betroffene Person kann die Berichtigung oder Erg\u00e4nzung der von ihr angegebenen Daten verlangen, falls diese unrichtig sind.<\/p>\n\n\n\n<p><strong>Art.17 \u2013 <\/strong><strong>L\u00f6schung<\/strong>: Sie k\u00f6nnen die L\u00f6schung Ihrer Daten verlangen, wenn sie f\u00fcr unsere Zwecke nicht mehr erforderlich sind, wenn Sie Ihre Einwilligung widerrufen oder der Verarbeitung widersprechen, wenn sie rechtswidrig sind, wenn eine gesetzliche Verpflichtung zur L\u00f6schung besteht oder wenn sie sich auf Personen unter sechzehn Jahren beziehen.<\/p>\n\n\n\n<p><strong>Art.18 \u2013 Einschr\u00e4nkung der Verarbeitung<\/strong>: Die betroffene Person kann verlangen, dass ihre Daten unter Ausschluss anderer Verarbeitungen nur zum Zwecke der Speicherung verarbeitet werden, und zwar f\u00fcr den Zeitraum, der f\u00fcr die Berichtigung ihrer Daten erforderlich ist, im Falle einer unrechtm\u00e4\u00dfigen Verarbeitung, deren L\u00f6schung sie ablehnt, wenn sie ihre Rechte vor Gericht geltend machen muss und die von dem f\u00fcr die Verarbeitung Verantwortlichen gespeicherten Daten f\u00fcr sie von Nutzen sein k\u00f6nnen, und schlie\u00dflich, wenn sie der Verarbeitung widerspricht und gepr\u00fcft wird, ob die berechtigten Gr\u00fcnde des f\u00fcr die Verarbeitung Verantwortlichen gegen\u00fcber ihren eigenen \u00fcberwiegen.<\/p>\n\n\n\n<p><strong>Art.20 \u2013 \u00dcbertragbarkeit<\/strong>: Die betroffene Person kann beantragen, dass ihre Daten in einem strukturierten, allgemein gebr\u00e4uchlichen und digital auswertbaren Format \u00fcbermittelt werden oder dass sie an einen anderen von ihr benannten f\u00fcr die Verarbeitung Verantwortlichen \u00fcbermittelt werden.<\/p>\n\n\n\n<p><strong>Art.21 \u2013 Widerspruch gegen die Verarbeitung<\/strong>: Sie k\u00f6nnen der Verarbeitung Ihrer Daten jederzeit widersprechen, es sei denn, es liegen berechtigte Gr\u00fcnde f\u00fcr die Verarbeitung durch den f\u00fcr die Verarbeitung Verantwortlichen vor, die Vorrang vor Ihren eigenen Gr\u00fcnden haben, z.B. zur Geltendmachung oder Verteidigung von Rechtsanspr\u00fcchen.<\/p>\n\n\n\n<p><strong>Art.22 \u2013 Widerspruch gegen automatisierte Entscheidungsprozesse<\/strong>: Die betroffene Person kann automatisierten Entscheidungsverfahren widersprechen, falls der f\u00fcr die Verarbeitung Verantwortliche eine derartige Verarbeitung vornimmt.<\/p>\n\n\n\n<p><strong>Recht auf Beschwerde bei der Aufsichtsbeh\u00f6rde <\/strong><strong>gem\u00e4\u00df<\/strong><strong> Art. 77, DSGVO<\/strong><\/p>\n\n\n\n<p>Die betroffene Person hat das Recht, eine Beschwerde bei der Aufsichtsbeh\u00f6rde einzureichen. In Italien ist dies die \u201eGarante per la Protezione dei Dati Personali\u201c (Italienische Datenschutzbeh\u00f6rde) \u2013 Piazza Venezia 11, 00187 Roma (RM) \u2013 <a href=\"http:\/\/www.garanteprivacy.it\/\">www.garanteprivacy.it<\/a>, durch eine E-Mail an <a href=\"mailto:protocollo@pec.gpdp.it\">protocollo@pec.gpdp.it<\/a>, unter Verwendung der Vorlage auf der Website der Beh\u00f6rde. Die betroffene Person kann die Aus\u00fcbung der oben genannten Rechte jederzeit bei &nbsp;&nbsp;&nbsp;&nbsp;&nbsp;&nbsp;beantragen durch Kontakt an die E-Mail-Adresse <a href=\"mailto:privacy-office@italianwinebrands.it\">privacy-office@italianwinebrands.it<\/a> oder per Einschreiben.<\/p>\n","protected":false},"excerpt":{"rendered":"<p>Informationen f\u00fcr Aktion\u00e4re, gem\u00e4\u00df Art. 13-14, EU-Verordnung 2016\/679 (DSGVO) Gem\u00e4\u00df der Verordnung 2016\/679\/EU (Datenschutz-Grundverordnung \u2013 im Folgenden DSGVO) informiert Sie Italian Wine Brands S.p.A., im Folgenden auch IWB, wie folgt \u00fcber die Verarbeitung Ihrer personenbezogenen Daten, die Sie IWB, auch \u00fcber Kreditinstitute und Finanzvermittlungsgesellschaften, im Zusammenhang mit Ihrer Beziehung als [&hellip;]<\/p>\n","protected":false},"author":2,"featured_media":0,"parent":0,"menu_order":0,"comment_status":"closed","ping_status":"closed","template":"template-privacy.php","meta":{"kt_blocks_editor_width":""},"yoast_head":"<!-- This site is optimized with the Yoast SEO plugin v16.4 - https:\/\/yoast.com\/wordpress\/plugins\/seo\/ -->\n<title>Informationen f\u00fcr Aktion\u00e4re\ufffc - Italian Wine Brands<\/title>\n<meta name=\"description\" content=\"Informationen f\u00fcr Aktion\u00e4re, gem\u00e4\u00df Art. 13-14, EU-Verordnung 2016\/679 (DSGVO) Gem\u00e4\u00df der Verordnung 2016\/679\/EU (Datenschutz-Grundverordnung \u2013 im Folgenden\" \/>\n<meta name=\"robots\" content=\"index, follow, max-snippet:-1, max-image-preview:large, max-video-preview:-1\" \/>\n<link rel=\"canonical\" href=\"https:\/\/www.italianwinebrands.it\/de\/informationen-aktionare\/\" \/>\n<meta property=\"og:locale\" content=\"de_DE\" \/>\n<meta property=\"og:type\" content=\"article\" \/>\n<meta property=\"og:title\" content=\"Informationen f\u00fcr Aktion\u00e4re\ufffc - Italian Wine Brands\" \/>\n<meta property=\"og:description\" content=\"Informationen f\u00fcr Aktion\u00e4re, gem\u00e4\u00df Art. 13-14, EU-Verordnung 2016\/679 (DSGVO) Gem\u00e4\u00df der Verordnung 2016\/679\/EU (Datenschutz-Grundverordnung \u2013 im Folgenden\" \/>\n<meta property=\"og:url\" content=\"https:\/\/www.italianwinebrands.it\/de\/informationen-aktionare\/\" \/>\n<meta property=\"og:site_name\" content=\"Italian Wine Brands\" \/>\n<meta property=\"article:modified_time\" content=\"2022-03-08T09:27:36+00:00\" \/>\n<meta name=\"twitter:card\" content=\"summary_large_image\" \/>\n<meta name=\"twitter:label1\" content=\"Gesch\u00e4tzte Lesezeit\" \/>\n\t<meta name=\"twitter:data1\" content=\"7 Minuten\" \/>\n<script type=\"application\/ld+json\" class=\"yoast-schema-graph\">{\"@context\":\"https:\/\/schema.org\",\"@graph\":[{\"@type\":\"WebSite\",\"@id\":\"https:\/\/www.italianwinebrands.it\/de\/#website\",\"url\":\"https:\/\/www.italianwinebrands.it\/de\/\",\"name\":\"Italian Wine Brands\",\"description\":\"\",\"potentialAction\":[{\"@type\":\"SearchAction\",\"target\":\"https:\/\/www.italianwinebrands.it\/de\/?s={search_term_string}\",\"query-input\":\"required name=search_term_string\"}],\"inLanguage\":\"de-DE\"},{\"@type\":\"WebPage\",\"@id\":\"https:\/\/www.italianwinebrands.it\/de\/informationen-aktionare\/#webpage\",\"url\":\"https:\/\/www.italianwinebrands.it\/de\/informationen-aktionare\/\",\"name\":\"Informationen f\\u00fcr Aktion\\u00e4re\\ufffc - Italian Wine Brands\",\"isPartOf\":{\"@id\":\"https:\/\/www.italianwinebrands.it\/de\/#website\"},\"datePublished\":\"2022-03-08T09:12:08+00:00\",\"dateModified\":\"2022-03-08T09:27:36+00:00\",\"description\":\"Informationen f\\u00fcr Aktion\\u00e4re, gem\\u00e4\\u00df Art. 13-14, EU-Verordnung 2016\/679 (DSGVO) Gem\\u00e4\\u00df der Verordnung 2016\/679\/EU (Datenschutz-Grundverordnung \\u2013 im Folgenden\",\"breadcrumb\":{\"@id\":\"https:\/\/www.italianwinebrands.it\/de\/informationen-aktionare\/#breadcrumb\"},\"inLanguage\":\"de-DE\",\"potentialAction\":[{\"@type\":\"ReadAction\",\"target\":[\"https:\/\/www.italianwinebrands.it\/de\/informationen-aktionare\/\"]}]},{\"@type\":\"BreadcrumbList\",\"@id\":\"https:\/\/www.italianwinebrands.it\/de\/informationen-aktionare\/#breadcrumb\",\"itemListElement\":[{\"@type\":\"ListItem\",\"position\":1,\"item\":{\"@type\":\"WebPage\",\"@id\":\"https:\/\/www.italianwinebrands.it\/de\/\",\"url\":\"https:\/\/www.italianwinebrands.it\/de\/\",\"name\":\"IWB\"}},{\"@type\":\"ListItem\",\"position\":2,\"item\":{\"@id\":\"https:\/\/www.italianwinebrands.it\/de\/informationen-aktionare\/#webpage\"}}]}]}<\/script>\n<!-- \/ Yoast SEO plugin. -->","_links":{"self":[{"href":"https:\/\/www.italianwinebrands.it\/de\/wp-json\/wp\/v2\/pages\/5086"}],"collection":[{"href":"https:\/\/www.italianwinebrands.it\/de\/wp-json\/wp\/v2\/pages"}],"about":[{"href":"https:\/\/www.italianwinebrands.it\/de\/wp-json\/wp\/v2\/types\/page"}],"author":[{"embeddable":true,"href":"https:\/\/www.italianwinebrands.it\/de\/wp-json\/wp\/v2\/users\/2"}],"replies":[{"embeddable":true,"href":"https:\/\/www.italianwinebrands.it\/de\/wp-json\/wp\/v2\/comments?post=5086"}],"version-history":[{"count":1,"href":"https:\/\/www.italianwinebrands.it\/de\/wp-json\/wp\/v2\/pages\/5086\/revisions"}],"predecessor-version":[{"id":5090,"href":"https:\/\/www.italianwinebrands.it\/de\/wp-json\/wp\/v2\/pages\/5086\/revisions\/5090"}],"wp:attachment":[{"href":"https:\/\/www.italianwinebrands.it\/de\/wp-json\/wp\/v2\/media?parent=5086"}],"curies":[{"name":"wp","href":"https:\/\/api.w.org\/{rel}","templated":true}]}}