{"id":4954,"date":"2022-01-29T00:15:41","date_gmt":"2022-01-28T23:15:41","guid":{"rendered":"https:\/\/www.italianwinebrands.it\/informativa-privacy-newsletter\/"},"modified":"2022-01-29T00:17:28","modified_gmt":"2022-01-28T23:17:28","slug":"privacy-policy-newsletter","status":"publish","type":"page","link":"https:\/\/www.italianwinebrands.it\/de\/privacy-policy-newsletter\/","title":{"rendered":"ANGABEN ZUM ABONNEMENT DES NEWSLETTERS\ufffc"},"content":{"rendered":"\n<p>Angaben zum Abonnement des Newsletters gem\u00e4\u00df Art. 13, EU-Verordnung 2016\/679 (DSGVO)<strong><\/strong><\/p>\n\n\n\n<p><strong>Identit\u00e4t und Kontakte des Inhabers der Datennutzung<\/strong><\/p>\n\n\n\n<p>Italienische Weinmarken S.p.A. (im Folgenden auch &#8222;IWB&#8220; oder &#8222;die Eigent\u00fcmerin&#8220;), mit Sitz in Viale Abruzzi, 94 &#8211; 20131 Mailand und der Umsatzsteuernummer 08851780968.<\/p>\n\n\n\n<p><strong>Kategorie personenbezogener Daten<\/strong><\/p>\n\n\n\n<p>Die angegebenen personenbezogenen Daten werden bei der Registrierung des Interessenten f\u00fcr den kommerziellen Newsletter von IWB abgerufen, f\u00fcr welchen nur die E-Mail-Adresse erfasst wird. Die \u00dcbermittlung dieser personenbezogenen Daten ist freiwillig. Wenn Sie sich jedoch dazu entschlie\u00dfen, solche personenbezogenen Daten nicht weiterzugeben, k\u00f6nnen Sie nicht auf den Newsletter-Service zugreifen.<\/p>\n\n\n\n<p><strong>Zweck der Verarbeitung, Rechtsgrundlage und Aufbewahrungsfristen<\/strong><\/p>\n\n\n\n<p>Die gesammelten Daten werden verarbeitet, um mit der Aktivierung des Dienstes f\u00fcr den regelm\u00e4\u00dfigen Versand von Werbe-Newslettern an die vom Interessenten angegebene E-Mail-Adresse des Interessenten heranzutreten; Rechtsgrundlage ist die Erf\u00fcllung vorvertraglicher oder vertraglicher Verpflichtungen (Artikel 6 Absatz 1 Buchstabe b): Die Bearbeitung zielt darauf ab, auf eine bestimmte Anfrage des Interessenten zu reagieren; In Bezug auf die Aufbewahrungsfrist f\u00fcr Daten kann der Interessent jederzeit die K\u00fcndigung seines Abonnements f\u00fcr den Newsletter beantragen, indem er die Anweisungen befolgt, die am Ende jeder Mitteilung zu den in diesem Punkt genannten Zwecken angegeben sind (Link &#8220; unsubscribe &#8222;);<\/p>\n\n\n\n<p><strong>Verarbeitungsmethoden<\/strong><\/p>\n\n\n\n<p>Die personenbezogene Daten werden vom Inhaber haupts\u00e4chlich elektronisch verarbeitet und in seinem eigenen Unternehmensmanagementsystem gespeichert. Geeignete Sicherheitsma\u00dfnahmen werden eingehalten, um den Verlust oder die \u00c4nderung von Daten &#8211; auch versehentlich &#8211; zu verhindern, die illegal oder falsch verwendet werden um Unbefugten keinen Zugriff zu erm\u00f6glichen.<\/p>\n\n\n\n<p><strong>Umfang der Datenkommunikation<\/strong><\/p>\n\n\n\n<p>Gegebenenfalls und in \u00dcbereinstimmung mit den geltenden Gesetzen und Anforderungen k\u00f6nnen wir Ihre personenbezogenen Daten auf verschiedene Weise und aus verschiedenen Gr\u00fcnden an die folgenden Themenkategorien \u00fcbermitteln: Externe Dienstleister, die in unserem Namen handeln (einschlie\u00dflich externer Berater, Gesch\u00e4ftspartner und Fachleute, IT-Berater und Mitarbeiter des technischen Supports, die \u00dcberpr\u00fcfungen und Entwicklungsaktivit\u00e4ten an unseren IT-Systemen durchf\u00fchren); Externe Anbieter von IT- und Datenanalysediensten.<\/p>\n\n\n\n<p><strong>Ort der Verarbeitung und \u00dcbermittlung von Daten an Nicht-EU-L\u00e4nder<\/strong><\/p>\n\n\n\n<p>Die Verarbeitung, einschlie\u00dflich der Speicherung personenbezogener Daten, erfolgt auf Servern des Inhabers und\/oder von Drittunternehmen, die als Datenverarbeiter in der Europ\u00e4ischen Union anerkannt und ordnungsgem\u00e4\u00df ernannt wurden. Die personenbezogenen Daten k\u00f6nnen jedoch in Drittl\u00e4nder \u00fcbertragen werden, haupts\u00e4chlich f\u00fcr IT- und Datenanalysezwecke, unter Beachtung der in der Entscheidung der Europ\u00e4ischen Kommission vom 5. Februar 2010 genannten Vertragsklauseln zur \u00dcbermittlung personenbezogener Daten an die Verantwortlichen in den jeweiligen Drittl\u00e4ndern gem\u00e4\u00df den Bestimmungen des Art. 46, DSGVO, und ,wo anwendbar, zur Erf\u00fcllung vertraglicher Verpflichtungen gegen\u00fcber des Interessenten ,gem\u00e4\u00df den Bestimmungen des Art. 49, Absatz 1, Buchstabe b), DSGVO.<\/p>\n\n\n\n<p><strong>Rechte des Interessenten gem\u00e4\u00df Artikel 15-22 DSGVO<\/strong><\/p>\n\n\n\n<p>Durch Kontaktaufnahme mit dem Inhaber an die Postanschrift IWB S.p.A. in Viale Abruzzi, 94 &#8211; 20131 Mailand oder unter der E-Mail-Adresse privacy@italianwinebrands.it, kann der Interessent von seinen Rechten Gebrauch machen: Zugang (Artikel 15 DSGVO), Berichtigung (Artikel 16 DSGVO), L\u00f6schung und Vergessenwerden (Artikel 17 DSGVO), Einschr\u00e4nkung der Verarbeitung (Artikel 18 DSGVO), Benachrichtigung bei Berichtigung oder L\u00f6schung (Art. 19 DSGVO) , Daten\u00fcbertragbarkeit (Artikel 20 DSGVO), Widerruf der Einwilligung, Widerspruch gegen die Verarbeitung (Artikel 21 DSGVO) aus legitimen Gr\u00fcnden oder zum Versenden von Marketing- und Direktvertriebsmitteilungen, die sogar auf ein oder mehrere Kontaktinstrumente beschr\u00e4nkt sind (z. B. per Post und \/ oder E-Mail und \/ oder Telefon), sowie gegen die Profilerstellung (Artikel 22 DSGVO) im Zusammenhang mit Direktmarketing. Der Interessent kann jederzeit eine vollst\u00e4ndige und aktualisierte Liste der Datenverantwortlichen Inhaber und Dritten anfordern, an die die personenbezogenen Daten weitergegeben werden k\u00f6nnen.<\/p>\n\n\n\n<p><strong>Beschwerde bei der Aufsichtsbeh\u00f6rde<\/strong><\/p>\n\n\n\n<p>Der Interessent hat das Recht eine Beschwerde bei der Aufsichtsbeh\u00f6rde einzureichen, die in Italien der Garant f\u00fcr den Schutz personenbezogener Daten ist &#8211; Piazza Venezia 11, 00187 Roma (RM) &#8211; www.garanteprivacy.it, durch Senden einer Email an protocollo@pec.gpdp.it, unter der Verwendung des auf der Website der Beh\u00f6rde zur Verf\u00fcgung gestellten Modells.<\/p>\n\n\n\n<p><strong>Datenschutzbeauftragter<\/strong><\/p>\n\n\n\n<p>Um Informationen zur Datenverarbeitung zu erhalten, kann der Datenschutzbeauftragte unter dpoiwb@italianwinebrands.it kontaktiert werden.<\/p>\n","protected":false},"excerpt":{"rendered":"<p>Angaben zum Abonnement des Newsletters gem\u00e4\u00df Art. 13, EU-Verordnung 2016\/679 (DSGVO) Identit\u00e4t und Kontakte des Inhabers der Datennutzung Italienische Weinmarken S.p.A. (im Folgenden auch &#8222;IWB&#8220; oder &#8222;die Eigent\u00fcmerin&#8220;), mit Sitz in Viale Abruzzi, 94 &#8211; 20131 Mailand und der Umsatzsteuernummer 08851780968. Kategorie personenbezogener Daten Die angegebenen personenbezogenen Daten werden bei [&hellip;]<\/p>\n","protected":false},"author":2,"featured_media":0,"parent":0,"menu_order":0,"comment_status":"closed","ping_status":"closed","template":"template-privacy.php","meta":{"kt_blocks_editor_width":""},"yoast_head":"<!-- This site is optimized with the Yoast SEO plugin v16.4 - https:\/\/yoast.com\/wordpress\/plugins\/seo\/ -->\n<title>ANGABEN ZUM ABONNEMENT DES NEWSLETTERS\ufffc - Italian Wine Brands<\/title>\n<meta name=\"description\" content=\"Angaben zum Abonnement des Newsletters gem\u00e4\u00df Art. 13, EU-Verordnung 2016\/679 (DSGVO) Identit\u00e4t und Kontakte des Inhabers der Datennutzung Italienische\" \/>\n<meta name=\"robots\" content=\"index, follow, max-snippet:-1, max-image-preview:large, max-video-preview:-1\" \/>\n<link rel=\"canonical\" href=\"https:\/\/www.italianwinebrands.it\/de\/privacy-policy-newsletter\/\" \/>\n<meta property=\"og:locale\" content=\"de_DE\" \/>\n<meta property=\"og:type\" content=\"article\" \/>\n<meta property=\"og:title\" content=\"ANGABEN ZUM ABONNEMENT DES NEWSLETTERS\ufffc - Italian Wine Brands\" \/>\n<meta property=\"og:description\" content=\"Angaben zum Abonnement des Newsletters gem\u00e4\u00df Art. 13, EU-Verordnung 2016\/679 (DSGVO) Identit\u00e4t und Kontakte des Inhabers der Datennutzung Italienische\" \/>\n<meta property=\"og:url\" content=\"https:\/\/www.italianwinebrands.it\/de\/privacy-policy-newsletter\/\" \/>\n<meta property=\"og:site_name\" content=\"Italian Wine Brands\" \/>\n<meta property=\"article:modified_time\" content=\"2022-01-28T23:17:28+00:00\" \/>\n<meta name=\"twitter:card\" content=\"summary_large_image\" \/>\n<meta name=\"twitter:label1\" content=\"Gesch\u00e4tzte Lesezeit\" \/>\n\t<meta name=\"twitter:data1\" content=\"3 Minuten\" \/>\n<script type=\"application\/ld+json\" class=\"yoast-schema-graph\">{\"@context\":\"https:\/\/schema.org\",\"@graph\":[{\"@type\":\"WebSite\",\"@id\":\"https:\/\/www.italianwinebrands.it\/de\/#website\",\"url\":\"https:\/\/www.italianwinebrands.it\/de\/\",\"name\":\"Italian Wine Brands\",\"description\":\"\",\"potentialAction\":[{\"@type\":\"SearchAction\",\"target\":\"https:\/\/www.italianwinebrands.it\/de\/?s={search_term_string}\",\"query-input\":\"required name=search_term_string\"}],\"inLanguage\":\"de-DE\"},{\"@type\":\"WebPage\",\"@id\":\"https:\/\/www.italianwinebrands.it\/de\/privacy-policy-newsletter\/#webpage\",\"url\":\"https:\/\/www.italianwinebrands.it\/de\/privacy-policy-newsletter\/\",\"name\":\"ANGABEN ZUM ABONNEMENT DES NEWSLETTERS\\ufffc - Italian Wine Brands\",\"isPartOf\":{\"@id\":\"https:\/\/www.italianwinebrands.it\/de\/#website\"},\"datePublished\":\"2022-01-28T23:15:41+00:00\",\"dateModified\":\"2022-01-28T23:17:28+00:00\",\"description\":\"Angaben zum Abonnement des Newsletters gem\\u00e4\\u00df Art. 13, EU-Verordnung 2016\/679 (DSGVO) Identit\\u00e4t und Kontakte des Inhabers der Datennutzung Italienische\",\"breadcrumb\":{\"@id\":\"https:\/\/www.italianwinebrands.it\/de\/privacy-policy-newsletter\/#breadcrumb\"},\"inLanguage\":\"de-DE\",\"potentialAction\":[{\"@type\":\"ReadAction\",\"target\":[\"https:\/\/www.italianwinebrands.it\/de\/privacy-policy-newsletter\/\"]}]},{\"@type\":\"BreadcrumbList\",\"@id\":\"https:\/\/www.italianwinebrands.it\/de\/privacy-policy-newsletter\/#breadcrumb\",\"itemListElement\":[{\"@type\":\"ListItem\",\"position\":1,\"item\":{\"@type\":\"WebPage\",\"@id\":\"https:\/\/www.italianwinebrands.it\/de\/\",\"url\":\"https:\/\/www.italianwinebrands.it\/de\/\",\"name\":\"IWB\"}},{\"@type\":\"ListItem\",\"position\":2,\"item\":{\"@id\":\"https:\/\/www.italianwinebrands.it\/de\/privacy-policy-newsletter\/#webpage\"}}]}]}<\/script>\n<!-- \/ Yoast SEO plugin. -->","_links":{"self":[{"href":"https:\/\/www.italianwinebrands.it\/de\/wp-json\/wp\/v2\/pages\/4954"}],"collection":[{"href":"https:\/\/www.italianwinebrands.it\/de\/wp-json\/wp\/v2\/pages"}],"about":[{"href":"https:\/\/www.italianwinebrands.it\/de\/wp-json\/wp\/v2\/types\/page"}],"author":[{"embeddable":true,"href":"https:\/\/www.italianwinebrands.it\/de\/wp-json\/wp\/v2\/users\/2"}],"replies":[{"embeddable":true,"href":"https:\/\/www.italianwinebrands.it\/de\/wp-json\/wp\/v2\/comments?post=4954"}],"version-history":[{"count":1,"href":"https:\/\/www.italianwinebrands.it\/de\/wp-json\/wp\/v2\/pages\/4954\/revisions"}],"predecessor-version":[{"id":4957,"href":"https:\/\/www.italianwinebrands.it\/de\/wp-json\/wp\/v2\/pages\/4954\/revisions\/4957"}],"wp:attachment":[{"href":"https:\/\/www.italianwinebrands.it\/de\/wp-json\/wp\/v2\/media?parent=4954"}],"curies":[{"name":"wp","href":"https:\/\/api.w.org\/{rel}","templated":true}]}}