{"id":4936,"date":"2022-01-29T00:10:10","date_gmt":"2022-01-28T23:10:10","guid":{"rendered":"https:\/\/www.italianwinebrands.it\/informativa-privacy-candidati\/"},"modified":"2022-01-29T00:44:14","modified_gmt":"2022-01-28T23:44:14","slug":"privacy-policy-candidates","status":"publish","type":"page","link":"https:\/\/www.italianwinebrands.it\/de\/privacy-policy-candidates\/","title":{"rendered":"Datenschutzerkl\u00e4rung &#8211; Bewerbern\ufffc\ufffc"},"content":{"rendered":"\n<p><strong>Datenschutzerkl\u00e4rung, die allen Bewerbern\/Bewerberinnen gem\u00e4\u00df Artikel 13 und 14 der EU-Verordnung 2016\/679 (GDPR) zur Verf\u00fcgung gestellt wird<\/strong><\/p>\n\n\n\n<p>Italian Wine Brands S.p.A. bittet Sie, im Zusammenhang mit der Auswahl von Fachleuten zur Aufnahme in das Team, in voller \u00dcbereinstimmung mit den Vorschriften zum Schutz personenbezogener Daten (EU-Verordnung Nr. 2016\/679, genannt GDPR), die folgenden Informationen zur Kenntnis zu nehmen.<\/p>\n\n\n\n<p><strong>Identit\u00e4t und Kontaktinformationen des f\u00fcr die Datenverarbeitung Verantwortlichen<\/strong><\/p>\n\n\n\n<p>Der f\u00fcr die Datenverarbeitung Verantwortliche ist Italian Wine Brands S.p.A. mit Sitz in Viale Abruzzi, 94 &#8211; 20131 Mailand und der Umsatzsteuer-ID-Nr. 08851780968.<\/p>\n\n\n\n<p>Ein Datenschutzbeauftragter (DSB) wurde daf\u00fcr eingesetzt, welcher unter der E-Mail-Adresse dpoiwb@italianwinebrands.it kontaktiert werden kann.<\/p>\n\n\n\n<p>Die vollst\u00e4ndige und aktualisierte Liste der von unserem Unternehmen benannten Verantwortlichen k\u00f6nnen Sie durch eine schriftliche Anfrage per E-Mail an privacy@italianwinebrands.it oder per Einschreiben erhalten.<\/p>\n\n\n\n<p><strong>Kategorie der personenbezogenen Daten und Art der Verarbeitung<\/strong><\/p>\n\n\n\n<p>Die Verarbeitung der jeweiligen Daten betrifft zum Beispiel:<\/p>\n\n\n\n<p>&#8211;&nbsp; &nbsp; &nbsp; Name<\/p>\n\n\n\n<p>&#8211;&nbsp; &nbsp; &nbsp; Nachname<\/p>\n\n\n\n<p>&#8211;&nbsp; &nbsp; &nbsp; Geburtsort und -datum<\/p>\n\n\n\n<p>&#8211;&nbsp; &nbsp; &nbsp; Adresse des Wohnsitzes und des Aufenthaltsorts<\/p>\n\n\n\n<p>&#8211;&nbsp; &nbsp; &nbsp; Telefonnummer<\/p>\n\n\n\n<p>&#8211;&nbsp; &nbsp; &nbsp; E-Mail Adresse<\/p>\n\n\n\n<p>&#8211;&nbsp; &nbsp; &nbsp; Familienstand<\/p>\n\n\n\n<p>&#8211;&nbsp; &nbsp; &nbsp; ob selbst\u00e4ndig<\/p>\n\n\n\n<p>&#8211;&nbsp; &nbsp; &nbsp; Berufsausbildung<\/p>\n\n\n\n<p>&#8211;&nbsp; &nbsp; &nbsp; spezielle technische Kenntnisse<\/p>\n\n\n\n<p>&#8211;&nbsp; &nbsp; &nbsp; fr\u00fchere Besch\u00e4ftigungen<\/p>\n\n\n\n<p>&#8211;&nbsp; &nbsp; &nbsp; derzeitige Besch\u00e4ftigung (Unternehmen, Standort, Stelle, Aufgaben, Einstufung, Bruttogehalt, besondere Leistungen und Verg\u00fcnstigungen, K\u00fcndigung, Umzugsbereitschaft)<\/p>\n\n\n\n<p>&#8211;&nbsp; &nbsp; &nbsp; Anspruch auf gesch\u00fctzten Arbeitsplatz (L. 68\/99)<\/p>\n\n\n\n<p>Alle Unterlagen, die Sie uns bei dieser Gelegenheit zur Verf\u00fcgung gestellt haben, werden von unserem Unternehmen am Hauptsitz in Mailand oder alternativ am Hauptsitz der Tochtergesellschaft Giordano Vini S.p.A. mit Sitz in Valle Talloria di Diano D&#8217;Alba (CN) hinterlegt.<\/p>\n\n\n\n<p>Die Verarbeitung der betreffenden Daten erfolgt auch mit Hilfe elektronischer und automatisierter Mittel digitaler Art, mit Hilfe von Terminals und Personalcomputern, die in einem Netzwerk verbunden sind, und in jedem Fall mit Instrumenten, die geeignet sind, Sicherheit und Vertraulichkeit zu gew\u00e4hrleisten. Die angewandten Methoden garantieren auch, dass die Verarbeitungen zu den verschiedenen Zwecken nicht ineinandergreifen und dass nur die Personen Zugang haben, die f\u00fcr die einzelnen Zwecke im Zusammenhang mit Ihrem Auswahlverfahren beim Unterzeichnenden zust\u00e4ndig sind.<\/p>\n\n\n\n<p>Bei den verarbeiteten personenbezogenen Daten handelt es sich um solche, die die sich bewerbende Person bei der \u00dcbersendung des Lebenslaufs, bei den Beurteilungsgespr\u00e4chen oder bei direkten Kontakten, z. B. auf Messen oder Ausstellungen, freiwillig angibt. Sie werden auf Papier, elektronisch oder telematisch gespeichert. Die erhaltenen Daten werden von Italian Wine Brands S.p.A. wie folgt verarbeitet:<\/p>\n\n\n\n<p>&#8211;&nbsp; &nbsp; &nbsp; durch genaue Erfassung, so dass sie dem entsprechen, was die betreffende Person angibt;<\/p>\n\n\n\n<p>&#8211;&nbsp; &nbsp; &nbsp; mit kontinuierlicher Aktualisierung, wenn die sich bewerbende Person eine \u00c4nderung mitteilt.<\/p>\n\n\n\n<p><strong>Zwecke der Verarbeitung, Rechtsgrundlage und Aufbewahrungsfristen<\/strong><\/p>\n\n\n\n<p>Die Erhebung und Verarbeitung personenbezogener Daten erfolgt durch unser Unternehmen ausschlie\u00dflich im Rahmen der Durchf\u00fchrung von Personalrecherche, -auswahl und -bewertung. Die Daten k\u00f6nnen den Datenverarbeitern oder den von unserem Unternehmen beauftragten Personen innerhalb der mit der Personalauswahl befassten Stellen zur Kenntnis gelangen.<\/p>\n\n\n\n<p>Die Verarbeitung ist f\u00fcr die Durchf\u00fchrung vorvertraglicher Ma\u00dfnahmen erforderlich, die auf Antrag der betroffenen Person getroffen werden (Art. 6 Buchstabe b, GDPR). Daher werden die Daten von Italian Wine Brands S.p.A. zu Zwecken verarbeitet, die mit der Aus\u00fcbung der T\u00e4tigkeit der Suche und Auswahl von Bewerbern\/Bewerberinnen verbunden sind oder dazu dienen.<\/p>\n\n\n\n<p>Die Bereitstellung personenbezogener Daten durch die betroffene Person ist freiwillig und es besteht daher keine rechtliche Verpflichtung.<\/p>\n\n\n\n<p>Die Daten werden in einer Form aufbewahrt, die die Identifizierung der sich bewerbenden Person erm\u00f6glicht, und zwar f\u00fcr einen Zeitraum, der nicht l\u00e4nger ist als f\u00fcr die Zwecke, f\u00fcr die sie erhoben wurden, in jedem Fall aber nicht l\u00e4nger als 24 Monate.<\/p>\n\n\n\n<p><strong>Umfang der Datenkommunikation<\/strong><\/p>\n\n\n\n<p>Die Daten k\u00f6nnen von Mitarbeitern von Italian Wine Brands S.p.A. verwendet werden, denen eine besondere Rolle als Datenverarbeiter zugewiesen wurde. Es findet keine Weitergabe der pers\u00f6nlichen Daten des betroffenen Person au\u00dferhalb der EU statt.<\/p>\n\n\n\n<p><strong>Spezielle Daten<\/strong><\/p>\n\n\n\n<p>Angesichts der M\u00f6glichkeit, dass die an Italian Wine Brands S.p.A. f\u00fcr die genannten Zwecke zur Verf\u00fcgung gestellten Informationen sensible Daten enthalten <em>(d.h. Daten, die Aufschluss \u00fcber die rassische und ethnische Herkunft, religi\u00f6se, philosophische oder sonstige \u00dcberzeugungen, politische Meinungen, die Mitgliedschaft in Parteien, Gewerkschaften, religi\u00f6sen, philosophischen, politischen oder gewerkschaftlichen Vereinigungen geben, sowie Daten, die Angaben \u00fcber die Gesundheit und das Sexualleben machen)<\/em>, d\u00fcrfen von Italian Wine Brands S.p.A. nur nach ausdr\u00fccklicher Zustimmung der betroffenen Person verarbeitet werden (Art.9, c.2 lit.a, GDPR).<\/p>\n\n\n\n<p><strong>Entscheidungsfindung auf der Grundlage automatischer Verarbeitung<\/strong><\/p>\n\n\n\n<p>Bei der Verarbeitung von pers\u00f6nlichen Daten der sich bewerbenden Person durch Italian Wine Brands S.p.A. ist <strong>kein<\/strong> automatisierter Entscheidungsprozess vorgesehen.<\/p>\n\n\n\n<p><strong>Rechte der betroffenen Personen gem\u00e4\u00df Artikel 15-22 GDPR<\/strong><\/p>\n\n\n\n<p>In Bezug auf die Verarbeitung personenbezogener Daten, in \u00dcbereinstimmung mit den folgenden Artikeln der GDPR 2016\/679: Sie haben das Recht, Italian Wine Brands S.p.A. zu fragen:<\/p>\n\n\n\n<p><strong>Art. 6 &#8211; Widerruf der Einwilligung<\/strong>: Sie k\u00f6nnen Ihre Einwilligung jederzeit widerrufen;<\/p>\n\n\n\n<p><strong>Art. 15 &#8211; Auskunft:<\/strong> Der Betroffene kann eine Best\u00e4tigung dar\u00fcber verlangen, ob ihn betreffende Daten verarbeitet werden oder nicht, sowie weitere Erl\u00e4uterungen zu den in dieser Erkl\u00e4rung genannten Informationen;<\/p>\n\n\n\n<p><strong>Art. 16 &#8211; Berichtigung:<\/strong> Der Betroffene kann die Berichtigung oder Erg\u00e4nzung der Daten, die er uns zur Verf\u00fcgung gestellt hat, verlangen, wenn diese unrichtig sind;<\/p>\n\n\n\n<p><strong>Art. 17 &#8211; L\u00f6schung<\/strong>: Der Betroffene kann die L\u00f6schung seiner Daten verlangen, wenn sie f\u00fcr unsere Zwecke nicht mehr erforderlich sind, wenn er seine Einwilligung widerruft oder sich der Verarbeitung widersetzt, wenn die Verarbeitung unrechtm\u00e4\u00dfig ist oder wenn eine gesetzliche Verpflichtung zur L\u00f6schung besteht oder sich auf Personen unter sechzehn Jahren bezieht.<\/p>\n\n\n\n<p><strong>Art. 18 &#8211; Einschr\u00e4nkung der Verarbeitung<\/strong>: Die betroffene Person kann verlangen, dass ihre Daten unter Ausschluss anderer Verarbeitungen nur zum Zwecke der Speicherung verarbeitet werden, und zwar f\u00fcr den Zeitraum, der f\u00fcr die Berichtigung ihrer Daten erforderlich ist, im Falle einer unrechtm\u00e4\u00dfigen Verarbeitung, deren L\u00f6schung sie ablehnt, wenn sie ihre Rechte vor Gericht geltend machen muss und die vom f\u00fcr die Verarbeitung Verantwortlichen gespeicherten Daten f\u00fcr sie von Nutzen sein k\u00f6nnen, und schlie\u00dflich, wenn sie sich der Verarbeitung widersetzt und gepr\u00fcft wird, ob die berechtigten Gr\u00fcnde des f\u00fcr die Verarbeitung Verantwortlichen gegen\u00fcber ihren eigenen \u00fcberwiegen.<\/p>\n\n\n\n<p><strong>Art. 20 &#8211; \u00dcbertragbarkeit:<\/strong> Die betroffene Person hat das Recht, ihre Daten in einem strukturierten, g\u00e4ngigen und maschinenlesbaren Format zu erhalten oder sie an einen anderen von ihr angegebenen Verantwortlichen \u00fcbermitteln zu lassen.<\/p>\n\n\n\n<p><strong>Art. 21 &#8211; Widerspruch gegen die Verarbeitung<\/strong>: Die betroffene Person kann jederzeit gegen die Verarbeitung ihrer Daten Widerspruch einlegen, es sei denn, es liegen berechtigte Gr\u00fcnde f\u00fcr die Verarbeitung vor, die gegen\u00fcber den eigenen Gr\u00fcnden \u00fcberwiegen, z. B. die Aus\u00fcbung eines Rechts oder die Verteidigung vor Gericht.<\/p>\n\n\n\n<p><strong>Art. 22 &#8211; Einspruch gegen eine automatisierte Entscheidungsfindung:<\/strong> Die betroffene Person kann gegen eine automatisierte Entscheidungsfindung Einspruch erheben, wenn der f\u00fcr die Verarbeitung Verantwortliche eine solche Verarbeitung vornimmt.<\/p>\n","protected":false},"excerpt":{"rendered":"<p>Datenschutzerkl\u00e4rung, die allen Bewerbern\/Bewerberinnen gem\u00e4\u00df Artikel 13 und 14 der EU-Verordnung 2016\/679 (GDPR) zur Verf\u00fcgung gestellt wird Italian Wine Brands S.p.A. bittet Sie, im Zusammenhang mit der Auswahl von Fachleuten zur Aufnahme in das Team, in voller \u00dcbereinstimmung mit den Vorschriften zum Schutz personenbezogener Daten (EU-Verordnung Nr. 2016\/679, genannt GDPR), [&hellip;]<\/p>\n","protected":false},"author":2,"featured_media":0,"parent":0,"menu_order":0,"comment_status":"closed","ping_status":"closed","template":"template-privacy.php","meta":{"kt_blocks_editor_width":""},"yoast_head":"<!-- This site is optimized with the Yoast SEO plugin v16.4 - https:\/\/yoast.com\/wordpress\/plugins\/seo\/ -->\n<title>Datenschutzerkl\u00e4rung - Bewerbern\ufffc\ufffc - Italian Wine Brands<\/title>\n<meta name=\"description\" content=\"Datenschutzerkl\u00e4rung, die allen Bewerbern\/Bewerberinnen gem\u00e4\u00df Artikel 13 und 14 der EU-Verordnung 2016\/679 (GDPR) zur Verf\u00fcgung gestellt wird Italian Wine\" \/>\n<meta name=\"robots\" content=\"index, follow, max-snippet:-1, max-image-preview:large, max-video-preview:-1\" \/>\n<link rel=\"canonical\" href=\"https:\/\/www.italianwinebrands.it\/de\/privacy-policy-candidates\/\" \/>\n<meta property=\"og:locale\" content=\"de_DE\" \/>\n<meta property=\"og:type\" content=\"article\" \/>\n<meta property=\"og:title\" content=\"Datenschutzerkl\u00e4rung - Bewerbern\ufffc\ufffc - Italian Wine Brands\" \/>\n<meta property=\"og:description\" content=\"Datenschutzerkl\u00e4rung, die allen Bewerbern\/Bewerberinnen gem\u00e4\u00df Artikel 13 und 14 der EU-Verordnung 2016\/679 (GDPR) zur Verf\u00fcgung gestellt wird Italian Wine\" \/>\n<meta property=\"og:url\" content=\"https:\/\/www.italianwinebrands.it\/de\/privacy-policy-candidates\/\" \/>\n<meta property=\"og:site_name\" content=\"Italian Wine Brands\" \/>\n<meta property=\"article:modified_time\" content=\"2022-01-28T23:44:14+00:00\" \/>\n<meta name=\"twitter:card\" content=\"summary_large_image\" \/>\n<meta name=\"twitter:label1\" content=\"Gesch\u00e4tzte Lesezeit\" \/>\n\t<meta name=\"twitter:data1\" content=\"5 Minuten\" \/>\n<script type=\"application\/ld+json\" class=\"yoast-schema-graph\">{\"@context\":\"https:\/\/schema.org\",\"@graph\":[{\"@type\":\"WebSite\",\"@id\":\"https:\/\/www.italianwinebrands.it\/de\/#website\",\"url\":\"https:\/\/www.italianwinebrands.it\/de\/\",\"name\":\"Italian Wine Brands\",\"description\":\"\",\"potentialAction\":[{\"@type\":\"SearchAction\",\"target\":\"https:\/\/www.italianwinebrands.it\/de\/?s={search_term_string}\",\"query-input\":\"required name=search_term_string\"}],\"inLanguage\":\"de-DE\"},{\"@type\":\"WebPage\",\"@id\":\"https:\/\/www.italianwinebrands.it\/de\/privacy-policy-candidates\/#webpage\",\"url\":\"https:\/\/www.italianwinebrands.it\/de\/privacy-policy-candidates\/\",\"name\":\"Datenschutzerkl\\u00e4rung - Bewerbern\\ufffc\\ufffc - Italian Wine Brands\",\"isPartOf\":{\"@id\":\"https:\/\/www.italianwinebrands.it\/de\/#website\"},\"datePublished\":\"2022-01-28T23:10:10+00:00\",\"dateModified\":\"2022-01-28T23:44:14+00:00\",\"description\":\"Datenschutzerkl\\u00e4rung, die allen Bewerbern\/Bewerberinnen gem\\u00e4\\u00df Artikel 13 und 14 der EU-Verordnung 2016\/679 (GDPR) zur Verf\\u00fcgung gestellt wird Italian Wine\",\"breadcrumb\":{\"@id\":\"https:\/\/www.italianwinebrands.it\/de\/privacy-policy-candidates\/#breadcrumb\"},\"inLanguage\":\"de-DE\",\"potentialAction\":[{\"@type\":\"ReadAction\",\"target\":[\"https:\/\/www.italianwinebrands.it\/de\/privacy-policy-candidates\/\"]}]},{\"@type\":\"BreadcrumbList\",\"@id\":\"https:\/\/www.italianwinebrands.it\/de\/privacy-policy-candidates\/#breadcrumb\",\"itemListElement\":[{\"@type\":\"ListItem\",\"position\":1,\"item\":{\"@type\":\"WebPage\",\"@id\":\"https:\/\/www.italianwinebrands.it\/de\/\",\"url\":\"https:\/\/www.italianwinebrands.it\/de\/\",\"name\":\"IWB\"}},{\"@type\":\"ListItem\",\"position\":2,\"item\":{\"@id\":\"https:\/\/www.italianwinebrands.it\/de\/privacy-policy-candidates\/#webpage\"}}]}]}<\/script>\n<!-- \/ Yoast SEO plugin. -->","_links":{"self":[{"href":"https:\/\/www.italianwinebrands.it\/de\/wp-json\/wp\/v2\/pages\/4936"}],"collection":[{"href":"https:\/\/www.italianwinebrands.it\/de\/wp-json\/wp\/v2\/pages"}],"about":[{"href":"https:\/\/www.italianwinebrands.it\/de\/wp-json\/wp\/v2\/types\/page"}],"author":[{"embeddable":true,"href":"https:\/\/www.italianwinebrands.it\/de\/wp-json\/wp\/v2\/users\/2"}],"replies":[{"embeddable":true,"href":"https:\/\/www.italianwinebrands.it\/de\/wp-json\/wp\/v2\/comments?post=4936"}],"version-history":[{"count":1,"href":"https:\/\/www.italianwinebrands.it\/de\/wp-json\/wp\/v2\/pages\/4936\/revisions"}],"predecessor-version":[{"id":4945,"href":"https:\/\/www.italianwinebrands.it\/de\/wp-json\/wp\/v2\/pages\/4936\/revisions\/4945"}],"wp:attachment":[{"href":"https:\/\/www.italianwinebrands.it\/de\/wp-json\/wp\/v2\/media?parent=4936"}],"curies":[{"name":"wp","href":"https:\/\/api.w.org\/{rel}","templated":true}]}}