{"id":4423,"date":"2021-07-25T16:16:38","date_gmt":"2021-07-25T14:16:38","guid":{"rendered":"https:\/\/www.italianwinebrands.it\/marken\/red-fire\/"},"modified":"2021-08-25T16:54:52","modified_gmt":"2021-08-25T14:54:52","slug":"red-fire","status":"publish","type":"page","link":"https:\/\/www.italianwinebrands.it\/de\/marken\/red-fire\/","title":{"rendered":"Red Fire"},"content":{"rendered":"<div id=\"hookmove-imgsx\" class=\"setPosition\"><\/div>\n<div class=\"container mt-5 mb-md-5\">\n    <div id=\"sx-img-iwb-1776570960398\" class=\"row align-items-center block-sx-image-page-content\">\n        <style>\n        #sx-img-iwb-1776570960398 .mcenter {\n\t\t\tmargin-top:-30px;\n\t\t}\n        #sx-img-iwb-1776570960398 .immagine-pagina {\n            margin-left: -7%!important;\n            margin-right: 7%!important;\n\t\t\tposition:relative;\n\t\t\tmax-height: 670px; \/* NON MODIFICARE *\/\n        }\n        #sx-img-iwb-1776570960398 .testo-pagina {\n            padding:0px 80px 0px 0;\n        }\n\t\t@media (max-width: 768px) {\n\t\t\t#sx-img-iwb-1776570960398 .testo-pagina {\n\t\t\t\tpadding:0 50px 0px 50px;\n\t\t\t}\n\t\t}\n\n\t\t#sx-img-iwb-1776570960398 .setPosition {\n\t\t\tposition:absolute;\n\t\t}\n        #sx-img-iwb-1776570960398 .mleft {\n\t\t\tposition:relative;\n\t\t\toverflow:hidden;\n\t\t\tmax-width:calc(15% - 15px);\n\t\t\tfloat:left;\n\t\t\tz-index:2;\n\t\t\tmargin-right:15px;\n        }\n        #sx-img-iwb-1776570960398 .mleft img {\n\t\t\tobject-position: left;\n\t\t}\n        #sx-img-iwb-1776570960398 .mright {\n\t\t\tposition:relative;\n\t\t\toverflow:hidden;\n\t\t\tmax-width:calc(30% - 15px);\n\t\t\tfloat:left;\n\t\t\tz-index:2;\n\t\t\tmargin-left:15px;\n        }\n        #sx-img-iwb-1776570960398 .mright img {\n\t\t\tobject-position: right;\n\t\t}\n        #sx-img-iwb-1776570960398 .mcenter {\n\t\t\tposition:relative;\n\t\t\toverflow:hidden;\n\t\t\tmax-width:55%;\n\t\t\tfloat:left;\n\t\t\tz-index:1;\n        }\n        #sx-img-iwb-1776570960398 .mcenter img {\n\t\t\tobject-position: 35%;\n\t\t}\n        #sx-img-iwb-1776570960398 .mright img, #sx-img-iwb-1776570960398 .mleft img, #sx-img-iwb-1776570960398 .mcenter img {\n\t\t\theight:100%;\n\t\t\twidth:auto;\n\t\t\tobject-fit: cover;\n\t\t}\n\t\t@media (max-width:1399px) {\n\t\t\t#sx-img-iwb-1776570960398 .mright, #sx-img-iwb-1776570960398 .mleft, #sx-img-iwb-1776570960398 .mcenter {\n\t\t\t\theight:580px;\n\t\t\t}\n\t\t\t#sx-img-iwb-1776570960398 .mcenter img {\n\t\t\t\tobject-position: 35.5%;\n\t\t\t}\n\t\t}\n\t\t@media (max-width:1199px) {\n\t\t\t#sx-img-iwb-1776570960398 .mright, #sx-img-iwb-1776570960398 .mleft, #sx-img-iwb-1776570960398 .mcenter {\n\t\t\t\theight:500px;\n\t\t\t}\n\t\t\t#sx-img-iwb-1776570960398 .mcenter img {\n\t\t\t\tobject-position: 41%;\n\t\t\t}\n\t\t}\n\t\t@media (min-width:1400px) {\n\t\t\t#sx-img-iwb-1776570960398 .mcenter img {\n\t\t\t\tobject-position: 36.5%;\n\t\t\t}\n\t\t}\n\n\t\t@media (min-width: 1399px) {\n\t\t\t#sx-img-iwb-1776570960398 .testo-pagina {\n\t\t\t\tpadding:80px 80px 80px inherit;\n\t\t\t}\n\t\t}\n\t\t@media (min-width: 992px) and (max-width:1199px){\n\t\t\t#sx-img-iwb-1776570960398> .testo-pagina {\n\t\t\t\tpadding:80px 40px 80px inherit;\n\t\t\t}\n\t\t}\n\t\t@media (max-width:991px) {\n\t\t\t\/*\n\t\t\t#sx-img-iwb-1776570960398 .testo-pagina {\n\t\t\t\tpadding:50px;\n\t\t\t}*\/\n\t\t\t#sx-img-iwb-1776570960398 .testo-pagina {\n\t\t\t\tpadding:0 50px 50px;\n\t\t\t}\n\t\t}\n\t\t@media (max-width:474px) {\n\t\t\t\/*\n\t\t\t#sx-img-iwb-1776570960398 .testo-pagina {\n\t\t\t\tpadding:50px;\n\t\t\t}*\/\n\t\t\t#sx-img-iwb-1776570960398 .testo-pagina {\n\t\t\t\tpadding:0 35px 15px;\n\t\t\t}\n\t\t}\n        <\/style>\n        <div class=\"col-sm-12 col-md-12 col-lg-7 col-xl-7 immagine-pagina px-0 text-end d-none d-lg-block\">\n        \t<div id=\"imgsxleft\" class=\"mleft\"><img decoding=\"async\" class=\"img-sx\" src=\"https:\/\/www.italianwinebrands.it\/wp-content\/uploads\/2021\/07\/RedFire_banner.jpg\" \/><\/div>\n        \t<div id=\"imgsxcenter\" class=\"mcenter\"><img decoding=\"async\" class=\"img-fluid\" src=\"https:\/\/www.italianwinebrands.it\/wp-content\/uploads\/2021\/07\/RedFire_banner.jpg\" \/><\/div>\n        \t<div id=\"imgsxright\" class=\"mright\"><img decoding=\"async\" src=\"https:\/\/www.italianwinebrands.it\/wp-content\/uploads\/2021\/07\/RedFire_banner.jpg\" \/><\/div>\n        <\/div>\n        <div class=\"col-sm-12 col-md-12 col-lg-5 col-xl-5 testo-pagina text-center text-lg-start\">\n            <h2 class=\"titoli-contenuti text-start \" data-aos=\"fade-out\">Red Fire<\/h2>\n            <p class=\"text-justify mb-3 mb-md-0\" data-aos=\"fade-out\">Der Red Fire ist ein Wein f\u00fcr Kenner und Liebhaber des Grillens und der Outdoor-K\u00fcche. Ein \u00fcberwiegend m\u00e4nnliches Konsumentenziel, das dieses hei\u00dfgeliebte Ritual zu sch\u00e4tzen wei\u00df und mittlerweile die ganze Welt erobert hat.<br \/>\n<br \/>\nDie Wahl des Primitivo, auch bekannt als Zinfandel, ist auf die intrinsischen Eigenschaften dieses strukturierten Weines zur\u00fcckzuf\u00fchren, mit Aromen von Fr\u00fcchten und Gew\u00fcrzen, die gut zu gegrilltem Fleisch passen. Es ist ein Wein, der in Apulien, einer der reichsten italienischen Regionen an Weingeschichte und -kultur, geboren wurde und heute ein zunehmend internationales Publikum erobert. <\/p>\n                    <\/div>\n    <\/div>\n<\/div>\n<div class=\"clearfix clear mb-5\"><\/div>\n\n<div class=\"container pt-5 my-5\">\n\t<div class=\"row\">\n\t\t<div class=\"d-none d-md-block col-sm-1\"><\/div>\n\t\t<div id=\"carouseliwb-product-carousel177657096000\" class=\"prodotti-brands owl-carousel col-12 col-md-10\">\n\t\t\t\t\t\t<div class=\"item opacita\">\n\t\t\t\t<img decoding=\"async\" src=\"https:\/\/www.italianwinebrands.it\/wp-content\/uploads\/2021\/07\/red-fire-primitivo.jpg\" class=\"img-responsive\" style=\"max-height:475px;width:auto;margin:0 auto;\">\n\t\t\t\t\t\t\t\t\t<h5 class=\"titolo-prodotto text-center\" style=\"margin-bottom:0px; padding-bottom:0px;margin-top:30px;\">Primitivo Puglia IGT<\/h5>\n\t\t\t\t\t\t\t\t<p class=\"descrizione-prodotto text-center\"><\/p>\n\t\t\t<\/div>\n\t\t\t\t\t<\/div>\n\t\t<div class=\"d-none d-md-block col-sm-1\"><\/div>\n\t\t\n\t<\/div>\n<\/div>\n\n\n\n<h2 class=\"container\">Der K\u00f6nig der BBQ-Weine<\/h2>\n\n\n\n<p class=\"container fs20 text-justify\">Grill-Weine wurden als Reaktion auf einen schnell wachsenden Markttrend geschaffen: Das Food Pairing.<br>Ein Gesch\u00e4ftsmodell, das vom Anlass des Weinkonsums beginnt und bis zur Weinauswahl gelangt.&nbsp;<br>Ein Marktsegment, das sowohl aufgrund der Ausweitung der Verbraucherbasis und -frequenz zweistellig w\u00e4chst als auch mit einem Ziel, das daran interessiert ist, in den richtigen Wein zum Grillen zu investieren. RED FIRE, historisch f\u00fcr den amerikanischen Markt geboren, hat es auch geschafft, Europa und den Fernen Osten mit wachsenden Marktanteilen im Gro\u00dfvertrieb und online zu erobern.<\/p>\n\n\n<script type=\"text\/javascript\">var gform;gform||(document.addEventListener(\"gform_main_scripts_loaded\",function(){gform.scriptsLoaded=!0}),window.addEventListener(\"DOMContentLoaded\",function(){gform.domLoaded=!0}),gform={domLoaded:!1,scriptsLoaded:!1,initializeOnLoaded:function(o){gform.domLoaded&&gform.scriptsLoaded?o():!gform.domLoaded&&gform.scriptsLoaded?window.addEventListener(\"DOMContentLoaded\",o):document.addEventListener(\"gform_main_scripts_loaded\",o)},hooks:{action:{},filter:{}},addAction:function(o,n,r,t){gform.addHook(\"action\",o,n,r,t)},addFilter:function(o,n,r,t){gform.addHook(\"filter\",o,n,r,t)},doAction:function(o){gform.doHook(\"action\",o,arguments)},applyFilters:function(o){return gform.doHook(\"filter\",o,arguments)},removeAction:function(o,n){gform.removeHook(\"action\",o,n)},removeFilter:function(o,n,r){gform.removeHook(\"filter\",o,n,r)},addHook:function(o,n,r,t,i){null==gform.hooks[o][n]&&(gform.hooks[o][n]=[]);var e=gform.hooks[o][n];null==i&&(i=n+\"_\"+e.length),gform.hooks[o][n].push({tag:i,callable:r,priority:t=null==t?10:t})},doHook:function(n,o,r){var t;if(r=Array.prototype.slice.call(r,1),null!=gform.hooks[n][o]&&((o=gform.hooks[n][o]).sort(function(o,n){return o.priority-n.priority}),o.forEach(function(o){\"function\"!=typeof(t=o.callable)&&(t=window[t]),\"action\"==n?t.apply(null,r):r[0]=t.apply(null,r)})),\"filter\"==n)return r[0]},removeHook:function(o,n,t,i){var r;null!=gform.hooks[o][n]&&(r=(r=gform.hooks[o][n]).filter(function(o,n,r){return!!(null!=i&&i!=o.tag||null!=t&&t!=o.priority)}),gform.hooks[o][n]=r)}});<\/script>\n                <div class='gf_browser_gecko gform_wrapper gravity-theme form-contatti_wrapper' id='gform_wrapper_3' ><div id='gf_3' class='gform_anchor' tabindex='-1'><\/div><form method='post' enctype='multipart\/form-data' target='gform_ajax_frame_3' id='gform_3' class='form-contatti' action='\/de\/wp-json\/wp\/v2\/pages\/4423#gf_3' >\n                        <div class='gform_body gform-body'><div id='gform_fields_3' class='gform_fields top_label form_sublabel_below description_below'><div id=\"field_3_11\" class=\"gfield gfield--width-full gfield_html gfield_html_formatted gfield_no_follows_desc field_sublabel_below field_description_below gfield_visibility_visible\" ><h2 class=\"my-0 py-0 fs26\">Vertiefen Sie jedes Detail mit einem unserer Exportmanager<\/h2><p class=\"my-0 py-0\">F\u00fcllen Sie das Formular aus: Wir werden uns so schnell wie m\u00f6glich mit Ihnen in Verbindung setzen.<\/p><\/div><div id=\"field_3_1\" class=\"gfield gfield--width-half gfield_contains_required field_sublabel_below field_description_below hidden_label gfield_visibility_visible\" ><label class='gfield_label' for='input_3_1' >Vor- und Nachname<span class=\"gfield_required\"><span class=\"gfield_required gfield_required_asterisk\">*<\/span><\/span><\/label><div class='ginput_container ginput_container_text'><input name='input_1' id='input_3_1' type='text' value='' class='large'    placeholder='Vor- und Nachname' aria-required=\"true\" aria-invalid=\"false\"   \/> <\/div><\/div><div id=\"field_3_2\" class=\"gfield gfield--width-half gfield_contains_required field_sublabel_below field_description_below hidden_label gfield_visibility_visible\" ><label class='gfield_label' for='input_3_2' >Vor- und Nachname<span class=\"gfield_required\"><span class=\"gfield_required gfield_required_asterisk\">*<\/span><\/span><\/label><div class='ginput_container ginput_container_text'><input name='input_2' id='input_3_2' type='text' value='' class='large'    placeholder='Firma' aria-required=\"true\" aria-invalid=\"false\"   \/> <\/div><\/div><div id=\"field_3_10\" class=\"gfield gfield--width-half gfield_contains_required field_sublabel_below field_description_below hidden_label gfield_visibility_visible\" ><label class='gfield_label' for='input_3_10' >E-mail<span class=\"gfield_required\"><span class=\"gfield_required gfield_required_asterisk\">*<\/span><\/span><\/label><div class='ginput_container ginput_container_email'>\n                            <input name='input_10' id='input_3_10' type='text' value='' class='large'   placeholder='E-mail' aria-required=\"true\" aria-invalid=\"false\"  \/>\n                        <\/div><\/div><div id=\"field_3_9\" class=\"gfield gfield--width-half gfield_contains_required field_sublabel_below field_description_below hidden_label gfield_visibility_visible\" ><label class='gfield_label' for='input_3_9' >Telefonnummer<span class=\"gfield_required\"><span class=\"gfield_required gfield_required_asterisk\">*<\/span><\/span><\/label><div class='ginput_container ginput_container_phone'><input name='input_9' id='input_3_9' type='text' value='' class='large'  placeholder='Telefonnummer' aria-required=\"true\" aria-invalid=\"false\"   \/><\/div><\/div><fieldset id=\"field_3_8\" class=\"gfield gfield--width-full text-end d-inline-block gfield_contains_required field_sublabel_below field_description_below hidden_label gfield_visibility_visible\" ><legend class='gfield_label gfield_label_before_complex'  >Datenschutzakzeptanz<span class=\"gfield_required\"><span class=\"gfield_required gfield_required_asterisk\">*<\/span><\/span><\/legend><div class='ginput_container ginput_container_consent'><input name='input_8.1' id='input_3_8_1' type='checkbox' value='1'   aria-required=\"true\" aria-invalid=\"false\"   \/> <label class=\"gfield_consent_label\" for='input_3_8_1' ><a href=\"\/de\/privacy-policy\/\" target=\"_blank\">Datenschutzakzeptanz<\/a><\/label><span class=\"gfield_required gfield_required_asterisk\">*<\/span><input type='hidden' name='input_8.2' value='&lt;a href=&quot;\/de\/privacy-policy\/&quot; target=&quot;_blank&quot;&gt;Datenschutzakzeptanz&lt;\/a&gt;' class='gform_hidden' \/><input type='hidden' name='input_8.3' value='5' class='gform_hidden' \/><\/div><\/fieldset><div id=\"field_3_12\" class=\"gfield gfield--width-full field_sublabel_below field_description_below gfield_visibility_visible\" ><label class='gfield_label screen-reader-text' for='input_3_12' ><\/label><div id='input_3_12' class='ginput_container ginput_recaptcha' data-sitekey='6Lf7XtspAAAAAOeZV0tRoYzpL7MLQaC0oMud1Zk8'  data-theme='light' data-tabindex='-1' data-size='invisible' data-badge='bottomright'><\/div><\/div><\/div><\/div>\n        <div class='gform_footer top_label'> <input type='submit' id='gform_submit_button_3' class='gform_button button' value='Senden'  onclick='if(window[\"gf_submitting_3\"]){return false;}  window[\"gf_submitting_3\"]=true;  ' onkeypress='if( event.keyCode == 13 ){ if(window[\"gf_submitting_3\"]){return false;} window[\"gf_submitting_3\"]=true;  jQuery(\"#gform_3\").trigger(\"submit\",[true]); }' \/> <input type='hidden' name='gform_ajax' value='form_id=3&amp;title=&amp;description=&amp;tabindex=0' \/>\n            <input type='hidden' class='gform_hidden' name='is_submit_3' value='1' \/>\n            <input type='hidden' class='gform_hidden' name='gform_submit' value='3' \/>\n            \n            <input type='hidden' class='gform_hidden' name='gform_unique_id' value='' \/>\n            <input type='hidden' class='gform_hidden' name='state_3' value='WyJ7XCI4LjFcIjpcIjQ4MGY1NDEyN2ZhYzNkMGU3MTc4ZmE5YmMxNWQ1NzQ4XCIsXCI4LjJcIjpcIjNiYTFjMzU5N2E3YjYxZDlmMzAyMjg5MDNhYWZlZjlmXCIsXCI4LjNcIjpcIjEzNmQ0YTIxMzcwMGYzY2JlMDI3MzY0MGJhMTAwMjFhXCJ9IiwiYWU3YWEzYzkxOWJiMDRlZTkzZGI2ZWM1ODBhYjg1ODciXQ==' \/>\n            <input type='hidden' class='gform_hidden' name='gform_target_page_number_3' id='gform_target_page_number_3' value='0' \/>\n            <input type='hidden' class='gform_hidden' name='gform_source_page_number_3' id='gform_source_page_number_3' value='1' \/>\n            <input type='hidden' name='gform_field_values' value='' \/>\n            \n        <\/div>\n                        <\/form>\n                        <\/div>\n                <iframe style='display:none;width:0px;height:0px;' src='about:blank' name='gform_ajax_frame_3' id='gform_ajax_frame_3' title='Dieser iframe enth\u00e4lt die erforderliche Logik um Gravity Forms Formulare mit AJAX zu handhaben.'><\/iframe>\n                <script type=\"text\/javascript\">\ngform.initializeOnLoaded( function() {gformInitSpinner( 3, 'https:\/\/www.italianwinebrands.it\/wp-content\/plugins\/gravityforms\/images\/spinner.svg' );jQuery('#gform_ajax_frame_3').on('load',function(){var contents = jQuery(this).contents().find('*').html();var is_postback = contents.indexOf('GF_AJAX_POSTBACK') >= 0;if(!is_postback){return;}var form_content = jQuery(this).contents().find('#gform_wrapper_3');var is_confirmation = jQuery(this).contents().find('#gform_confirmation_wrapper_3').length > 0;var is_redirect = contents.indexOf('gformRedirect(){') >= 0;var is_form = form_content.length > 0 && ! is_redirect && ! is_confirmation;var mt = parseInt(jQuery('html').css('margin-top'), 10) + parseInt(jQuery('body').css('margin-top'), 10) + 100;if(is_form){jQuery('#gform_wrapper_3').html(form_content.html());if(form_content.hasClass('gform_validation_error')){jQuery('#gform_wrapper_3').addClass('gform_validation_error');} else {jQuery('#gform_wrapper_3').removeClass('gform_validation_error');}setTimeout( function() { \/* delay the scroll by 50 milliseconds to fix a bug in chrome *\/ jQuery(document).scrollTop(jQuery('#gform_wrapper_3').offset().top - mt); }, 50 );if(window['gformInitDatepicker']) {gformInitDatepicker();}if(window['gformInitPriceFields']) {gformInitPriceFields();}var current_page = jQuery('#gform_source_page_number_3').val();gformInitSpinner( 3, 'https:\/\/www.italianwinebrands.it\/wp-content\/plugins\/gravityforms\/images\/spinner.svg' );jQuery(document).trigger('gform_page_loaded', [3, current_page]);window['gf_submitting_3'] = false;}else if(!is_redirect){var confirmation_content = jQuery(this).contents().find('.GF_AJAX_POSTBACK').html();if(!confirmation_content){confirmation_content = contents;}setTimeout(function(){jQuery('#gform_wrapper_3').replaceWith(confirmation_content);jQuery(document).scrollTop(jQuery('#gf_3').offset().top - mt);jQuery(document).trigger('gform_confirmation_loaded', [3]);window['gf_submitting_3'] = false;wp.a11y.speak(jQuery('#gform_confirmation_message_3').text());}, 50);}else{jQuery('#gform_3').append(contents);if(window['gformRedirect']) {gformRedirect();}}jQuery(document).trigger('gform_post_render', [3, current_page]);} );} );\n<\/script>\n","protected":false},"excerpt":{"rendered":"<p>Der K\u00f6nig der BBQ-Weine Grill-Weine wurden als Reaktion auf einen schnell wachsenden Markttrend geschaffen: Das Food Pairing.Ein Gesch\u00e4ftsmodell, das vom Anlass des Weinkonsums beginnt und bis zur Weinauswahl gelangt.&nbsp;Ein Marktsegment, das sowohl aufgrund der Ausweitung der Verbraucherbasis und -frequenz zweistellig w\u00e4chst als auch mit einem Ziel, das daran interessiert ist, [&hellip;]<\/p>\n","protected":false},"author":2,"featured_media":3581,"parent":4380,"menu_order":0,"comment_status":"closed","ping_status":"closed","template":"template-single-brand.php","meta":{"kt_blocks_editor_width":""},"yoast_head":"<!-- This site is optimized with the Yoast SEO plugin v16.4 - https:\/\/yoast.com\/wordpress\/plugins\/seo\/ -->\n<title>Red Fire - Italian Wine Brands<\/title>\n<meta name=\"description\" content=\"Der Red Fire ist ein Wein f\u00fcr Kenner und Liebhaber des Grillens und der Outdoor-K\u00fcche. Ein \u00fcberwiegend m\u00e4nnliches Konsumentenziel, das dieses hei\u00dfgeliebte Ritual zu sch\u00e4tzen wei\u00df und mittlerweile die ganze Welt erobert hat.\" \/>\n<meta name=\"robots\" content=\"index, follow, max-snippet:-1, max-image-preview:large, max-video-preview:-1\" \/>\n<link rel=\"canonical\" href=\"https:\/\/www.italianwinebrands.it\/de\/marken\/red-fire\/\" \/>\n<meta property=\"og:locale\" content=\"de_DE\" \/>\n<meta property=\"og:type\" content=\"article\" \/>\n<meta property=\"og:title\" content=\"Red Fire - Italian Wine Brands\" \/>\n<meta property=\"og:description\" content=\"Der Red Fire ist ein Wein f\u00fcr Kenner und Liebhaber des Grillens und der Outdoor-K\u00fcche. Ein \u00fcberwiegend m\u00e4nnliches Konsumentenziel, das dieses hei\u00dfgeliebte Ritual zu sch\u00e4tzen wei\u00df und mittlerweile die ganze Welt erobert hat.\" \/>\n<meta property=\"og:url\" content=\"https:\/\/www.italianwinebrands.it\/de\/marken\/red-fire\/\" \/>\n<meta property=\"og:site_name\" content=\"Italian Wine Brands\" \/>\n<meta property=\"article:modified_time\" content=\"2021-08-25T14:54:52+00:00\" \/>\n<meta property=\"og:image\" content=\"https:\/\/www.italianwinebrands.it\/wp-content\/uploads\/2021\/07\/RedFire_Header.jpg\" \/>\n\t<meta property=\"og:image:width\" content=\"1600\" \/>\n\t<meta property=\"og:image:height\" content=\"600\" \/>\n<meta name=\"twitter:card\" content=\"summary_large_image\" \/>\n<meta name=\"twitter:label1\" content=\"Gesch\u00e4tzte Lesezeit\" \/>\n\t<meta name=\"twitter:data1\" content=\"1 Minute\" \/>\n<script type=\"application\/ld+json\" class=\"yoast-schema-graph\">{\"@context\":\"https:\/\/schema.org\",\"@graph\":[{\"@type\":\"WebSite\",\"@id\":\"https:\/\/www.italianwinebrands.it\/de\/#website\",\"url\":\"https:\/\/www.italianwinebrands.it\/de\/\",\"name\":\"Italian Wine Brands\",\"description\":\"\",\"potentialAction\":[{\"@type\":\"SearchAction\",\"target\":\"https:\/\/www.italianwinebrands.it\/de\/?s={search_term_string}\",\"query-input\":\"required name=search_term_string\"}],\"inLanguage\":\"de-DE\"},{\"@type\":\"ImageObject\",\"@id\":\"https:\/\/www.italianwinebrands.it\/de\/marken\/red-fire\/#primaryimage\",\"inLanguage\":\"de-DE\",\"url\":\"https:\/\/www.italianwinebrands.it\/wp-content\/uploads\/2021\/07\/RedFire_Header.jpg\",\"contentUrl\":\"https:\/\/www.italianwinebrands.it\/wp-content\/uploads\/2021\/07\/RedFire_Header.jpg\",\"width\":1600,\"height\":600},{\"@type\":\"WebPage\",\"@id\":\"https:\/\/www.italianwinebrands.it\/de\/marken\/red-fire\/#webpage\",\"url\":\"https:\/\/www.italianwinebrands.it\/de\/marken\/red-fire\/\",\"name\":\"Red Fire - Italian Wine Brands\",\"isPartOf\":{\"@id\":\"https:\/\/www.italianwinebrands.it\/de\/#website\"},\"primaryImageOfPage\":{\"@id\":\"https:\/\/www.italianwinebrands.it\/de\/marken\/red-fire\/#primaryimage\"},\"datePublished\":\"2021-07-25T14:16:38+00:00\",\"dateModified\":\"2021-08-25T14:54:52+00:00\",\"description\":\"Der Red Fire ist ein Wein f\\u00fcr Kenner und Liebhaber des Grillens und der Outdoor-K\\u00fcche. Ein \\u00fcberwiegend m\\u00e4nnliches Konsumentenziel, das dieses hei\\u00dfgeliebte Ritual zu sch\\u00e4tzen wei\\u00df und mittlerweile die ganze Welt erobert hat.\",\"breadcrumb\":{\"@id\":\"https:\/\/www.italianwinebrands.it\/de\/marken\/red-fire\/#breadcrumb\"},\"inLanguage\":\"de-DE\",\"potentialAction\":[{\"@type\":\"ReadAction\",\"target\":[\"https:\/\/www.italianwinebrands.it\/de\/marken\/red-fire\/\"]}]},{\"@type\":\"BreadcrumbList\",\"@id\":\"https:\/\/www.italianwinebrands.it\/de\/marken\/red-fire\/#breadcrumb\",\"itemListElement\":[{\"@type\":\"ListItem\",\"position\":1,\"item\":{\"@type\":\"WebPage\",\"@id\":\"https:\/\/www.italianwinebrands.it\/de\/\",\"url\":\"https:\/\/www.italianwinebrands.it\/de\/\",\"name\":\"IWB\"}},{\"@type\":\"ListItem\",\"position\":2,\"item\":{\"@type\":\"WebPage\",\"@id\":\"https:\/\/www.italianwinebrands.it\/de\/marken\/\",\"url\":\"https:\/\/www.italianwinebrands.it\/de\/marken\/\",\"name\":\"Marken\"}},{\"@type\":\"ListItem\",\"position\":3,\"item\":{\"@id\":\"https:\/\/www.italianwinebrands.it\/de\/marken\/red-fire\/#webpage\"}}]}]}<\/script>\n<!-- \/ Yoast SEO plugin. -->","_links":{"self":[{"href":"https:\/\/www.italianwinebrands.it\/de\/wp-json\/wp\/v2\/pages\/4423"}],"collection":[{"href":"https:\/\/www.italianwinebrands.it\/de\/wp-json\/wp\/v2\/pages"}],"about":[{"href":"https:\/\/www.italianwinebrands.it\/de\/wp-json\/wp\/v2\/types\/page"}],"author":[{"embeddable":true,"href":"https:\/\/www.italianwinebrands.it\/de\/wp-json\/wp\/v2\/users\/2"}],"replies":[{"embeddable":true,"href":"https:\/\/www.italianwinebrands.it\/de\/wp-json\/wp\/v2\/comments?post=4423"}],"version-history":[{"count":3,"href":"https:\/\/www.italianwinebrands.it\/de\/wp-json\/wp\/v2\/pages\/4423\/revisions"}],"predecessor-version":[{"id":4666,"href":"https:\/\/www.italianwinebrands.it\/de\/wp-json\/wp\/v2\/pages\/4423\/revisions\/4666"}],"up":[{"embeddable":true,"href":"https:\/\/www.italianwinebrands.it\/de\/wp-json\/wp\/v2\/pages\/4380"}],"wp:featuredmedia":[{"embeddable":true,"href":"https:\/\/www.italianwinebrands.it\/de\/wp-json\/wp\/v2\/media\/3581"}],"wp:attachment":[{"href":"https:\/\/www.italianwinebrands.it\/de\/wp-json\/wp\/v2\/media?parent=4423"}],"curies":[{"name":"wp","href":"https:\/\/api.w.org\/{rel}","templated":true}]}}