{"id":4353,"date":"2021-06-04T11:44:24","date_gmt":"2021-06-04T09:44:24","guid":{"rendered":"https:\/\/www.italianwinebrands.it\/distribution\/wholesales\/"},"modified":"2021-08-24T16:46:42","modified_gmt":"2021-08-24T14:46:42","slug":"grosshandel","status":"publish","type":"page","link":"https:\/\/www.italianwinebrands.it\/de\/vertrieb\/grosshandel\/","title":{"rendered":"Grosshandel"},"content":{"rendered":"\n<h2 class=\"has-text-align-center titolo-wholesales\"><strong><strong>Wir helfen Einzelh\u00e4ndlern, Umsatz und Gewinne mit unseren exklusiven Produkten zu steigern<\/strong><\/strong><\/h2>\n\n\n\n<p>Wir haben ein Unternehmen, das sich um Gro\u00dfkunden k\u00fcmmert: internationale Einzelhandelsketten und Gro\u00dfh\u00e4ndler. <strong>Wir unterst\u00fctzen ihre Eink\u00e4ufer und Category Manager mit einer Reihe von ma\u00dfgeschneiderten Marken, die Umsatz und Rentabilit\u00e4t verbessern<\/strong>. Wir bieten das breiteste Sortiment an italienischen Weinen, in jeder Preisklasse, und vereinfachen so den Kaufprozess f\u00fcr unsere Kunden. Wir entwickeln uns st\u00e4ndig weiter, um alle Markttrends zu erfassen und das Gesch\u00e4ft unserer Kunden auszubauen.<\/p>\n\n\n\n<p>Spezielle Flaschen, ma\u00dfgeschneiderte Mischungen, hauseigenes Design, kompetente Winzer, Experten f\u00fcr die Lieferkette, engagierte Gro\u00dfkunden: alles im Dienste unserer Kunden.<\/p>\n\n\n\n<p><\/p>\n\n\n<style>\n#wholesales-big-image-iwb-1776570953720.spostasu {\n\tmargin-top:-180px;\n\tposition:relative;\n\tz-index:2;\n}\n#wholesales-big-image-iwb-1776570953720 .bgshadowwhite {\n\tbackground:#FFF;\n\tmax-width:95%;\n\tmargin:0 auto;\n}\n@media (max-width:1199px) {\n\t#wholesales-big-image-iwb-1776570953720 h2.fs44 {\n\t\tfont-size:34px;\n\t}\n}\n@media (max-width:991px) {\n\t#wholesales-big-image-iwb-1776570953720 .bgshadowwhite {\n\t\tbackground:#FFF;\n\t\tmax-width: 90.5%;\n\t\tmargin:0 auto;\n\t}\n\t#wholesales-big-image-iwb-1776570953720.spostasu {\n\t\tmargin-top:0px;\n\t\tposition:relative;\n\t\tz-index:2;\n\t}\n}\n<\/style>\n<div class=\"container px-0 pb-3\">\n\t<div class=\"\"><img decoding=\"async\" src=\"https:\/\/www.italianwinebrands.it\/wp-content\/uploads\/2021\/07\/wholesales_content-v2.jpeg\" \/><\/div>\n    <div id=\"wholesales-big-image-iwb-1776570953720\" class=\"row spostasu\">\n        <div class=\"d-md-flex align-items-center pt-5 pt-lg-3 px-0 px-lg-5 bgshadowwhite\">\n            <div class=\"col-12 col-md-5 text-start p-lg-5\">\n                                    <h2 class=\"fs44 my-0\" data-aos=\"fade-in\" >Eine Methode, die auf jeden Kunden zugeschnitten ist.<br \/>\n<\/h2>\n                            <\/div>\n            <div class=\"col-12 col-md-7 text-start p-lg-5\">\n                <p class=\"d-block text-justify\" data-aos=\"fade-in\" >Jeder Exportmanager hat f\u00fcr seinen Markt einen Referenz-Back-Office-Spezialisten; Ziel dieser Methode ist es, beide Figuren so hochspezialisiert wie m\u00f6glich zu machen, aber auch durch klar definierte Aktivit\u00e4ten flexibel auf neue Kunden zu reagieren.<br \/>\n<\/p>\n            <\/div>\n        <\/div>\n\t\t    <\/div>\n<\/div>\n\n<script type=\"text\/javascript\">var gform;gform||(document.addEventListener(\"gform_main_scripts_loaded\",function(){gform.scriptsLoaded=!0}),window.addEventListener(\"DOMContentLoaded\",function(){gform.domLoaded=!0}),gform={domLoaded:!1,scriptsLoaded:!1,initializeOnLoaded:function(o){gform.domLoaded&&gform.scriptsLoaded?o():!gform.domLoaded&&gform.scriptsLoaded?window.addEventListener(\"DOMContentLoaded\",o):document.addEventListener(\"gform_main_scripts_loaded\",o)},hooks:{action:{},filter:{}},addAction:function(o,n,r,t){gform.addHook(\"action\",o,n,r,t)},addFilter:function(o,n,r,t){gform.addHook(\"filter\",o,n,r,t)},doAction:function(o){gform.doHook(\"action\",o,arguments)},applyFilters:function(o){return gform.doHook(\"filter\",o,arguments)},removeAction:function(o,n){gform.removeHook(\"action\",o,n)},removeFilter:function(o,n,r){gform.removeHook(\"filter\",o,n,r)},addHook:function(o,n,r,t,i){null==gform.hooks[o][n]&&(gform.hooks[o][n]=[]);var e=gform.hooks[o][n];null==i&&(i=n+\"_\"+e.length),gform.hooks[o][n].push({tag:i,callable:r,priority:t=null==t?10:t})},doHook:function(n,o,r){var t;if(r=Array.prototype.slice.call(r,1),null!=gform.hooks[n][o]&&((o=gform.hooks[n][o]).sort(function(o,n){return o.priority-n.priority}),o.forEach(function(o){\"function\"!=typeof(t=o.callable)&&(t=window[t]),\"action\"==n?t.apply(null,r):r[0]=t.apply(null,r)})),\"filter\"==n)return r[0]},removeHook:function(o,n,t,i){var r;null!=gform.hooks[o][n]&&(r=(r=gform.hooks[o][n]).filter(function(o,n,r){return!!(null!=i&&i!=o.tag||null!=t&&t!=o.priority)}),gform.hooks[o][n]=r)}});<\/script>\n                <div class='gf_browser_gecko gform_wrapper gravity-theme form-contatti_wrapper' id='gform_wrapper_3' ><div id='gf_3' class='gform_anchor' tabindex='-1'><\/div><form method='post' enctype='multipart\/form-data' target='gform_ajax_frame_3' id='gform_3' class='form-contatti' action='\/de\/wp-json\/wp\/v2\/pages\/4353#gf_3' >\n                        <div class='gform_body gform-body'><div id='gform_fields_3' class='gform_fields top_label form_sublabel_below description_below'><div id=\"field_3_11\" class=\"gfield gfield--width-full gfield_html gfield_html_formatted gfield_no_follows_desc field_sublabel_below field_description_below gfield_visibility_visible\" ><h2 class=\"my-0 py-0 fs26\">Vertiefen Sie jedes Detail mit einem unserer Exportmanager<\/h2><p class=\"my-0 py-0\">F\u00fcllen Sie das Formular aus: Wir werden uns so schnell wie m\u00f6glich mit Ihnen in Verbindung setzen.<\/p><\/div><div id=\"field_3_1\" class=\"gfield gfield--width-half gfield_contains_required field_sublabel_below field_description_below hidden_label gfield_visibility_visible\" ><label class='gfield_label' for='input_3_1' >Vor- und Nachname<span class=\"gfield_required\"><span class=\"gfield_required gfield_required_asterisk\">*<\/span><\/span><\/label><div class='ginput_container ginput_container_text'><input name='input_1' id='input_3_1' type='text' value='' class='large'    placeholder='Vor- und Nachname' aria-required=\"true\" aria-invalid=\"false\"   \/> <\/div><\/div><div id=\"field_3_2\" class=\"gfield gfield--width-half gfield_contains_required field_sublabel_below field_description_below hidden_label gfield_visibility_visible\" ><label class='gfield_label' for='input_3_2' >Vor- und Nachname<span class=\"gfield_required\"><span class=\"gfield_required gfield_required_asterisk\">*<\/span><\/span><\/label><div class='ginput_container ginput_container_text'><input name='input_2' id='input_3_2' type='text' value='' class='large'    placeholder='Firma' aria-required=\"true\" aria-invalid=\"false\"   \/> <\/div><\/div><div id=\"field_3_10\" class=\"gfield gfield--width-half gfield_contains_required field_sublabel_below field_description_below hidden_label gfield_visibility_visible\" ><label class='gfield_label' for='input_3_10' >E-mail<span class=\"gfield_required\"><span class=\"gfield_required gfield_required_asterisk\">*<\/span><\/span><\/label><div class='ginput_container ginput_container_email'>\n                            <input name='input_10' id='input_3_10' type='text' value='' class='large'   placeholder='E-mail' aria-required=\"true\" aria-invalid=\"false\"  \/>\n                        <\/div><\/div><div id=\"field_3_9\" class=\"gfield gfield--width-half gfield_contains_required field_sublabel_below field_description_below hidden_label gfield_visibility_visible\" ><label class='gfield_label' for='input_3_9' >Telefonnummer<span class=\"gfield_required\"><span class=\"gfield_required gfield_required_asterisk\">*<\/span><\/span><\/label><div class='ginput_container ginput_container_phone'><input name='input_9' id='input_3_9' type='text' value='' class='large'  placeholder='Telefonnummer' aria-required=\"true\" aria-invalid=\"false\"   \/><\/div><\/div><fieldset id=\"field_3_8\" class=\"gfield gfield--width-full text-end d-inline-block gfield_contains_required field_sublabel_below field_description_below hidden_label gfield_visibility_visible\" ><legend class='gfield_label gfield_label_before_complex'  >Datenschutzakzeptanz<span class=\"gfield_required\"><span class=\"gfield_required gfield_required_asterisk\">*<\/span><\/span><\/legend><div class='ginput_container ginput_container_consent'><input name='input_8.1' id='input_3_8_1' type='checkbox' value='1'   aria-required=\"true\" aria-invalid=\"false\"   \/> <label class=\"gfield_consent_label\" for='input_3_8_1' ><a href=\"\/de\/privacy-policy\/\" target=\"_blank\">Datenschutzakzeptanz<\/a><\/label><span class=\"gfield_required gfield_required_asterisk\">*<\/span><input type='hidden' name='input_8.2' value='&lt;a href=&quot;\/de\/privacy-policy\/&quot; target=&quot;_blank&quot;&gt;Datenschutzakzeptanz&lt;\/a&gt;' class='gform_hidden' \/><input type='hidden' name='input_8.3' value='5' class='gform_hidden' \/><\/div><\/fieldset><div id=\"field_3_12\" class=\"gfield gfield--width-full field_sublabel_below field_description_below gfield_visibility_visible\" ><label class='gfield_label screen-reader-text' for='input_3_12' ><\/label><div id='input_3_12' class='ginput_container ginput_recaptcha' data-sitekey='6Lf7XtspAAAAAOeZV0tRoYzpL7MLQaC0oMud1Zk8'  data-theme='light' data-tabindex='-1' data-size='invisible' data-badge='bottomright'><\/div><\/div><\/div><\/div>\n        <div class='gform_footer top_label'> <input type='submit' id='gform_submit_button_3' class='gform_button button' value='Senden'  onclick='if(window[\"gf_submitting_3\"]){return false;}  window[\"gf_submitting_3\"]=true;  ' onkeypress='if( event.keyCode == 13 ){ if(window[\"gf_submitting_3\"]){return false;} window[\"gf_submitting_3\"]=true;  jQuery(\"#gform_3\").trigger(\"submit\",[true]); }' \/> <input type='hidden' name='gform_ajax' value='form_id=3&amp;title=&amp;description=&amp;tabindex=0' \/>\n            <input type='hidden' class='gform_hidden' name='is_submit_3' value='1' \/>\n            <input type='hidden' class='gform_hidden' name='gform_submit' value='3' \/>\n            \n            <input type='hidden' class='gform_hidden' name='gform_unique_id' value='' \/>\n            <input type='hidden' class='gform_hidden' name='state_3' value='WyJ7XCI4LjFcIjpcIjQ4MGY1NDEyN2ZhYzNkMGU3MTc4ZmE5YmMxNWQ1NzQ4XCIsXCI4LjJcIjpcIjNiYTFjMzU5N2E3YjYxZDlmMzAyMjg5MDNhYWZlZjlmXCIsXCI4LjNcIjpcIjEzNmQ0YTIxMzcwMGYzY2JlMDI3MzY0MGJhMTAwMjFhXCJ9IiwiYWU3YWEzYzkxOWJiMDRlZTkzZGI2ZWM1ODBhYjg1ODciXQ==' \/>\n            <input type='hidden' class='gform_hidden' name='gform_target_page_number_3' id='gform_target_page_number_3' value='0' \/>\n            <input type='hidden' class='gform_hidden' name='gform_source_page_number_3' id='gform_source_page_number_3' value='1' \/>\n            <input type='hidden' name='gform_field_values' value='' \/>\n            \n        <\/div>\n                        <\/form>\n                        <\/div>\n                <iframe style='display:none;width:0px;height:0px;' src='about:blank' name='gform_ajax_frame_3' id='gform_ajax_frame_3' title='Dieser iframe enth\u00e4lt die erforderliche Logik um Gravity Forms Formulare mit AJAX zu handhaben.'><\/iframe>\n                <script type=\"text\/javascript\">\ngform.initializeOnLoaded( function() {gformInitSpinner( 3, 'https:\/\/www.italianwinebrands.it\/wp-content\/plugins\/gravityforms\/images\/spinner.svg' );jQuery('#gform_ajax_frame_3').on('load',function(){var contents = jQuery(this).contents().find('*').html();var is_postback = contents.indexOf('GF_AJAX_POSTBACK') >= 0;if(!is_postback){return;}var form_content = jQuery(this).contents().find('#gform_wrapper_3');var is_confirmation = jQuery(this).contents().find('#gform_confirmation_wrapper_3').length > 0;var is_redirect = contents.indexOf('gformRedirect(){') >= 0;var is_form = form_content.length > 0 && ! is_redirect && ! is_confirmation;var mt = parseInt(jQuery('html').css('margin-top'), 10) + parseInt(jQuery('body').css('margin-top'), 10) + 100;if(is_form){jQuery('#gform_wrapper_3').html(form_content.html());if(form_content.hasClass('gform_validation_error')){jQuery('#gform_wrapper_3').addClass('gform_validation_error');} else {jQuery('#gform_wrapper_3').removeClass('gform_validation_error');}setTimeout( function() { \/* delay the scroll by 50 milliseconds to fix a bug in chrome *\/ jQuery(document).scrollTop(jQuery('#gform_wrapper_3').offset().top - mt); }, 50 );if(window['gformInitDatepicker']) {gformInitDatepicker();}if(window['gformInitPriceFields']) {gformInitPriceFields();}var current_page = jQuery('#gform_source_page_number_3').val();gformInitSpinner( 3, 'https:\/\/www.italianwinebrands.it\/wp-content\/plugins\/gravityforms\/images\/spinner.svg' );jQuery(document).trigger('gform_page_loaded', [3, current_page]);window['gf_submitting_3'] = false;}else if(!is_redirect){var confirmation_content = jQuery(this).contents().find('.GF_AJAX_POSTBACK').html();if(!confirmation_content){confirmation_content = contents;}setTimeout(function(){jQuery('#gform_wrapper_3').replaceWith(confirmation_content);jQuery(document).scrollTop(jQuery('#gf_3').offset().top - mt);jQuery(document).trigger('gform_confirmation_loaded', [3]);window['gf_submitting_3'] = false;wp.a11y.speak(jQuery('#gform_confirmation_message_3').text());}, 50);}else{jQuery('#gform_3').append(contents);if(window['gformRedirect']) {gformRedirect();}}jQuery(document).trigger('gform_post_render', [3, current_page]);} );} );\n<\/script>\n\n\n\n<p><\/p>\n","protected":false},"excerpt":{"rendered":"<p>Wir helfen Einzelh\u00e4ndlern, Umsatz und Gewinne mit unseren exklusiven Produkten zu steigern Wir haben ein Unternehmen, das sich um Gro\u00dfkunden k\u00fcmmert: internationale Einzelhandelsketten und Gro\u00dfh\u00e4ndler. Wir unterst\u00fctzen ihre Eink\u00e4ufer und Category Manager mit einer Reihe von ma\u00dfgeschneiderten Marken, die Umsatz und Rentabilit\u00e4t verbessern. Wir bieten das breiteste Sortiment an italienischen [&hellip;]<\/p>\n","protected":false},"author":1,"featured_media":4035,"parent":4350,"menu_order":0,"comment_status":"closed","ping_status":"closed","template":"template-single-wholesales.php","meta":{"kt_blocks_editor_width":""},"yoast_head":"<!-- This site is optimized with the Yoast SEO plugin v16.4 - https:\/\/yoast.com\/wordpress\/plugins\/seo\/ -->\n<title>Grosshandel - Italian Wine Brands<\/title>\n<meta name=\"description\" content=\"Wir helfen Einzelh\u00e4ndlern, Umsatz und Gewinne mit unseren exklusiven Produkten zu steigern Wir haben ein Unternehmen, das sich um Gro\u00dfkunden k\u00fcmmert:\" \/>\n<meta name=\"robots\" content=\"index, follow, max-snippet:-1, max-image-preview:large, max-video-preview:-1\" \/>\n<link rel=\"canonical\" href=\"https:\/\/www.italianwinebrands.it\/de\/vertrieb\/grosshandel\/\" \/>\n<meta property=\"og:locale\" content=\"de_DE\" \/>\n<meta property=\"og:type\" content=\"article\" \/>\n<meta property=\"og:title\" content=\"Grosshandel - Italian Wine Brands\" \/>\n<meta property=\"og:description\" content=\"Wir helfen Einzelh\u00e4ndlern, Umsatz und Gewinne mit unseren exklusiven Produkten zu steigern Wir haben ein Unternehmen, das sich um Gro\u00dfkunden k\u00fcmmert:\" \/>\n<meta property=\"og:url\" content=\"https:\/\/www.italianwinebrands.it\/de\/vertrieb\/grosshandel\/\" \/>\n<meta property=\"og:site_name\" content=\"Italian Wine Brands\" \/>\n<meta property=\"article:modified_time\" content=\"2021-08-24T14:46:42+00:00\" \/>\n<meta property=\"og:image\" content=\"https:\/\/www.italianwinebrands.it\/wp-content\/uploads\/2021\/07\/wholesales_header-v1.jpg\" \/>\n\t<meta property=\"og:image:width\" content=\"1600\" \/>\n\t<meta property=\"og:image:height\" content=\"600\" \/>\n<meta name=\"twitter:card\" content=\"summary_large_image\" \/>\n<meta name=\"twitter:label1\" content=\"Gesch\u00e4tzte Lesezeit\" \/>\n\t<meta name=\"twitter:data1\" content=\"1 Minute\" \/>\n<script type=\"application\/ld+json\" class=\"yoast-schema-graph\">{\"@context\":\"https:\/\/schema.org\",\"@graph\":[{\"@type\":\"WebSite\",\"@id\":\"https:\/\/www.italianwinebrands.it\/de\/#website\",\"url\":\"https:\/\/www.italianwinebrands.it\/de\/\",\"name\":\"Italian Wine Brands\",\"description\":\"\",\"potentialAction\":[{\"@type\":\"SearchAction\",\"target\":\"https:\/\/www.italianwinebrands.it\/de\/?s={search_term_string}\",\"query-input\":\"required name=search_term_string\"}],\"inLanguage\":\"de-DE\"},{\"@type\":\"ImageObject\",\"@id\":\"https:\/\/www.italianwinebrands.it\/de\/vertrieb\/grosshandel\/#primaryimage\",\"inLanguage\":\"de-DE\",\"url\":\"https:\/\/www.italianwinebrands.it\/wp-content\/uploads\/2021\/07\/wholesales_header-v1.jpg\",\"contentUrl\":\"https:\/\/www.italianwinebrands.it\/wp-content\/uploads\/2021\/07\/wholesales_header-v1.jpg\",\"width\":1600,\"height\":600},{\"@type\":\"WebPage\",\"@id\":\"https:\/\/www.italianwinebrands.it\/de\/vertrieb\/grosshandel\/#webpage\",\"url\":\"https:\/\/www.italianwinebrands.it\/de\/vertrieb\/grosshandel\/\",\"name\":\"Grosshandel - Italian Wine Brands\",\"isPartOf\":{\"@id\":\"https:\/\/www.italianwinebrands.it\/de\/#website\"},\"primaryImageOfPage\":{\"@id\":\"https:\/\/www.italianwinebrands.it\/de\/vertrieb\/grosshandel\/#primaryimage\"},\"datePublished\":\"2021-06-04T09:44:24+00:00\",\"dateModified\":\"2021-08-24T14:46:42+00:00\",\"description\":\"Wir helfen Einzelh\\u00e4ndlern, Umsatz und Gewinne mit unseren exklusiven Produkten zu steigern Wir haben ein Unternehmen, das sich um Gro\\u00dfkunden k\\u00fcmmert:\",\"breadcrumb\":{\"@id\":\"https:\/\/www.italianwinebrands.it\/de\/vertrieb\/grosshandel\/#breadcrumb\"},\"inLanguage\":\"de-DE\",\"potentialAction\":[{\"@type\":\"ReadAction\",\"target\":[\"https:\/\/www.italianwinebrands.it\/de\/vertrieb\/grosshandel\/\"]}]},{\"@type\":\"BreadcrumbList\",\"@id\":\"https:\/\/www.italianwinebrands.it\/de\/vertrieb\/grosshandel\/#breadcrumb\",\"itemListElement\":[{\"@type\":\"ListItem\",\"position\":1,\"item\":{\"@type\":\"WebPage\",\"@id\":\"https:\/\/www.italianwinebrands.it\/de\/\",\"url\":\"https:\/\/www.italianwinebrands.it\/de\/\",\"name\":\"IWB\"}},{\"@type\":\"ListItem\",\"position\":2,\"item\":{\"@type\":\"WebPage\",\"@id\":\"https:\/\/www.italianwinebrands.it\/de\/vertrieb\/\",\"url\":\"https:\/\/www.italianwinebrands.it\/de\/vertrieb\/\",\"name\":\"Vertrieb\"}},{\"@type\":\"ListItem\",\"position\":3,\"item\":{\"@id\":\"https:\/\/www.italianwinebrands.it\/de\/vertrieb\/grosshandel\/#webpage\"}}]}]}<\/script>\n<!-- \/ Yoast SEO plugin. -->","_links":{"self":[{"href":"https:\/\/www.italianwinebrands.it\/de\/wp-json\/wp\/v2\/pages\/4353"}],"collection":[{"href":"https:\/\/www.italianwinebrands.it\/de\/wp-json\/wp\/v2\/pages"}],"about":[{"href":"https:\/\/www.italianwinebrands.it\/de\/wp-json\/wp\/v2\/types\/page"}],"author":[{"embeddable":true,"href":"https:\/\/www.italianwinebrands.it\/de\/wp-json\/wp\/v2\/users\/1"}],"replies":[{"embeddable":true,"href":"https:\/\/www.italianwinebrands.it\/de\/wp-json\/wp\/v2\/comments?post=4353"}],"version-history":[{"count":1,"href":"https:\/\/www.italianwinebrands.it\/de\/wp-json\/wp\/v2\/pages\/4353\/revisions"}],"predecessor-version":[{"id":4538,"href":"https:\/\/www.italianwinebrands.it\/de\/wp-json\/wp\/v2\/pages\/4353\/revisions\/4538"}],"up":[{"embeddable":true,"href":"https:\/\/www.italianwinebrands.it\/de\/wp-json\/wp\/v2\/pages\/4350"}],"wp:featuredmedia":[{"embeddable":true,"href":"https:\/\/www.italianwinebrands.it\/de\/wp-json\/wp\/v2\/media\/4035"}],"wp:attachment":[{"href":"https:\/\/www.italianwinebrands.it\/de\/wp-json\/wp\/v2\/media?parent=4353"}],"curies":[{"name":"wp","href":"https:\/\/api.w.org\/{rel}","templated":true}]}}