{"id":4341,"date":"2021-04-17T05:46:44","date_gmt":"2021-04-17T03:46:44","guid":{"rendered":"https:\/\/www.italianwinebrands.it\/people\/creatori-di-eccellenze\/"},"modified":"2021-08-23T15:41:46","modified_gmt":"2021-08-23T13:41:46","slug":"schopfer-von-exzellenzen","status":"publish","type":"page","link":"https:\/\/www.italianwinebrands.it\/de\/leute\/schopfer-von-exzellenzen\/","title":{"rendered":"Sch\u00f6pfer von Exzellenzen"},"content":{"rendered":"<div id=\"hookmove-imgsx\" class=\"setPosition\"><\/div>\n<div class=\"container mt-5 mb-md-5\">\n    <div id=\"sx-img-iwb-1776570927182\" class=\"row align-items-center block-sx-image-page-content\">\n        <style>\n        #sx-img-iwb-1776570927182 .mcenter {\n\t\t\tmargin-top:-30px;\n\t\t}\n        #sx-img-iwb-1776570927182 .immagine-pagina {\n            margin-left: -7%!important;\n            margin-right: 7%!important;\n\t\t\tposition:relative;\n\t\t\tmax-height: 670px; \/* NON MODIFICARE *\/\n        }\n        #sx-img-iwb-1776570927182 .testo-pagina {\n            padding:0px 80px 0px 0;\n        }\n\t\t@media (max-width: 768px) {\n\t\t\t#sx-img-iwb-1776570927182 .testo-pagina {\n\t\t\t\tpadding:0 50px 0px 50px;\n\t\t\t}\n\t\t}\n\n\t\t#sx-img-iwb-1776570927182 .setPosition {\n\t\t\tposition:absolute;\n\t\t}\n        #sx-img-iwb-1776570927182 .mleft {\n\t\t\tposition:relative;\n\t\t\toverflow:hidden;\n\t\t\tmax-width:calc(15% - 15px);\n\t\t\tfloat:left;\n\t\t\tz-index:2;\n\t\t\tmargin-right:15px;\n        }\n        #sx-img-iwb-1776570927182 .mleft img {\n\t\t\tobject-position: left;\n\t\t}\n        #sx-img-iwb-1776570927182 .mright {\n\t\t\tposition:relative;\n\t\t\toverflow:hidden;\n\t\t\tmax-width:calc(30% - 15px);\n\t\t\tfloat:left;\n\t\t\tz-index:2;\n\t\t\tmargin-left:15px;\n        }\n        #sx-img-iwb-1776570927182 .mright img {\n\t\t\tobject-position: right;\n\t\t}\n        #sx-img-iwb-1776570927182 .mcenter {\n\t\t\tposition:relative;\n\t\t\toverflow:hidden;\n\t\t\tmax-width:55%;\n\t\t\tfloat:left;\n\t\t\tz-index:1;\n        }\n        #sx-img-iwb-1776570927182 .mcenter img {\n\t\t\tobject-position: 35%;\n\t\t}\n        #sx-img-iwb-1776570927182 .mright img, #sx-img-iwb-1776570927182 .mleft img, #sx-img-iwb-1776570927182 .mcenter img {\n\t\t\theight:100%;\n\t\t\twidth:auto;\n\t\t\tobject-fit: cover;\n\t\t}\n\t\t@media (max-width:1399px) {\n\t\t\t#sx-img-iwb-1776570927182 .mright, #sx-img-iwb-1776570927182 .mleft, #sx-img-iwb-1776570927182 .mcenter {\n\t\t\t\theight:580px;\n\t\t\t}\n\t\t\t#sx-img-iwb-1776570927182 .mcenter img {\n\t\t\t\tobject-position: 35.5%;\n\t\t\t}\n\t\t}\n\t\t@media (max-width:1199px) {\n\t\t\t#sx-img-iwb-1776570927182 .mright, #sx-img-iwb-1776570927182 .mleft, #sx-img-iwb-1776570927182 .mcenter {\n\t\t\t\theight:500px;\n\t\t\t}\n\t\t\t#sx-img-iwb-1776570927182 .mcenter img {\n\t\t\t\tobject-position: 41%;\n\t\t\t}\n\t\t}\n\t\t@media (min-width:1400px) {\n\t\t\t#sx-img-iwb-1776570927182 .mcenter img {\n\t\t\t\tobject-position: 36.5%;\n\t\t\t}\n\t\t}\n\n\t\t@media (min-width: 1399px) {\n\t\t\t#sx-img-iwb-1776570927182 .testo-pagina {\n\t\t\t\tpadding:80px 80px 80px inherit;\n\t\t\t}\n\t\t}\n\t\t@media (min-width: 992px) and (max-width:1199px){\n\t\t\t#sx-img-iwb-1776570927182> .testo-pagina {\n\t\t\t\tpadding:80px 40px 80px inherit;\n\t\t\t}\n\t\t}\n\t\t@media (max-width:991px) {\n\t\t\t\/*\n\t\t\t#sx-img-iwb-1776570927182 .testo-pagina {\n\t\t\t\tpadding:50px;\n\t\t\t}*\/\n\t\t\t#sx-img-iwb-1776570927182 .testo-pagina {\n\t\t\t\tpadding:0 50px 50px;\n\t\t\t}\n\t\t}\n\t\t@media (max-width:474px) {\n\t\t\t\/*\n\t\t\t#sx-img-iwb-1776570927182 .testo-pagina {\n\t\t\t\tpadding:50px;\n\t\t\t}*\/\n\t\t\t#sx-img-iwb-1776570927182 .testo-pagina {\n\t\t\t\tpadding:0 35px 15px;\n\t\t\t}\n\t\t}\n        <\/style>\n        <div class=\"col-sm-12 col-md-12 col-lg-7 col-xl-7 immagine-pagina px-0 text-end d-none d-lg-block\">\n        \t<div id=\"imgsxleft\" class=\"mleft\"><img decoding=\"async\" class=\"img-sx\" src=\"https:\/\/www.italianwinebrands.it\/wp-content\/uploads\/2021\/06\/eccellenze_chisiamo-1.jpg\" \/><\/div>\n        \t<div id=\"imgsxcenter\" class=\"mcenter\"><img decoding=\"async\" class=\"img-fluid\" src=\"https:\/\/www.italianwinebrands.it\/wp-content\/uploads\/2021\/06\/eccellenze_chisiamo-1.jpg\" \/><\/div>\n        \t<div id=\"imgsxright\" class=\"mright\"><img decoding=\"async\" src=\"https:\/\/www.italianwinebrands.it\/wp-content\/uploads\/2021\/06\/eccellenze_chisiamo-1.jpg\" \/><\/div>\n        <\/div>\n        <div class=\"col-sm-12 col-md-12 col-lg-5 col-xl-5 testo-pagina text-center text-lg-start\">\n            <h2 class=\"titoli-contenuti text-start \" data-aos=\"fade-out\">Sch\u00f6pfer von Exzellenzen<\/h2>\n            <p class=\"text-justify mb-3 mb-md-0\" data-aos=\"fade-out\">Unsere Mitarbeiter, unser Team, unsere St\u00e4rke. Wir sind Italian Wine Brands, wir sind unsere Werte: Der Kunde steht an erster Stelle, Qualit\u00e4t in dem, was wir tun, Respekt f\u00fcr die Regeln, das pers\u00f6nliche Wachstum und die Ausbildung unserer Mitarbeiter sowie der Unternehmergeist. Das macht uns zu einer besonderen Organisation, zu der wir stolz sind, anzugeh\u00f6ren. Und genau das bringt uns dazu, Spitzenleistungen zu erbringen.<\/p>\n                    <\/div>\n    <\/div>\n<\/div>\n<div class=\"clearfix clear mb-5\"><\/div>\n\n<style>\n#wholesales-big-image-iwb-1776570927184.spostasu {\n\tmargin-top:-200px;\n\tposition:relative;\n\tz-index:2;\n}\n#wholesales-big-image-iwb-1776570927184 .bgshadowwhite {\n\tbackground:#FFF;\n\tmax-width:95%;\n\tmargin:0 auto;\n}\n@media (max-width:1199px) {\n\t#wholesales-big-image-iwb-1776570927184 h2.fs44 {\n\t\tfont-size:34px;\n\t}\n}\n@media (max-width:991px) {\n\t#wholesales-big-image-iwb-1776570927184 .bgshadowwhite {\n\t\tbackground:#FFF;\n\t\tmax-width: 90.5%;\n\t\tmargin:0 auto;\n\t}\n\t#wholesales-big-image-iwb-1776570927184.spostasu {\n\t\tmargin-top:0px;\n\t\tposition:relative;\n\t\tz-index:2;\n\t}\n}\n<\/style>\n<div class=\"container px-0 pb-3\">\n\t<div class=\"\"><img decoding=\"async\" src=\"https:\/\/www.italianwinebrands.it\/wp-content\/uploads\/2021\/06\/eccellenze_chisiamo-2.jpg\" \/><\/div>\n    <div id=\"wholesales-big-image-iwb-1776570927184\" class=\"row spostasu\">\n        <div class=\"d-md-flex align-items-start pt-5 pt-lg-3 px-0 px-lg-5 bgshadowwhite\">\n            <div class=\"col-12 col-md-6 text-start p-lg-5\">\n                                    <p class=\"d-block text-justify mb-3 mb-md-0\"  data-aos=\"fade-in\">Wir investieren Zeit und Ressourcen in kontinuierliche Schulungen auf allen Ebenen, um die F\u00e4higkeiten unserer Mitarbeiter zu erweitern und ihnen die M\u00f6glichkeit zu geben, sich weiterzuentwickeln, au\u00dferdem glauben an gemeinsame Ziele, Teamarbeit, Meritokratie und Transparenz.<br \/>\nWir bieten die M\u00f6glichkeit, in einem modernen und gesunden Umfeld zu arbeiten, au\u00dferdem investieren wir kontinuierlich in Technologie, um am Puls der Zeit zu bleiben.<br \/>\n<\/h2>\n                            <\/div>\n            <div class=\"col-12 col-md-6 text-start p-lg-5\">\n                <p class=\"d-block text-justify\" data-aos=\"fade-in\" >Wir arbeiten in verschiedenen Regionen des Landes und im Ausland mit eigenen B\u00fcros. Wir f\u00f6rdern die Mobilit\u00e4t zwischen den Standorten, um das Wissen und die F\u00e4higkeiten unserer Mitarbeiter zu erweitern.<br \/>\nDiejenigen, die sich unserem Team anschlie\u00dfen, teilen unsere Werte, setzen sich ein und werden ermutigt, ihr K\u00f6nnen zum Ausdruck zu bringen. Wir sind ein \u00f6ffentliches Unternehmen, das von Managern gef\u00fchrt wird, und Sie k\u00f6nnten der N\u00e4chste sein.<br \/>\n<\/p>\n            <\/div>\n        <\/div>\n\t\t\t\t\t<img decoding=\"async\" class=\"d-none d-md-block\" src=\"https:\/\/www.italianwinebrands.it\/wp-content\/themes\/getwid-base\/img\/ombra-generica.png\" \/>\n\t\t    <\/div>\n<\/div>\n\n\n<h3 class=\"has-text-align-center container titolo-contenuto\">Wenn Sie sich in diesen Zeilen wiedererkennen, senden Sie noch heute Ihren Lebenslauf<\/h3>\n\n\n\n<div class=\"is-layout-flex wp-block-buttons is-content-justification-center\">\n<div class=\"wp-block-button is-style-fill rosso\"><a class=\"wp-block-button__link has-light-violet-color has-primary-background-color has-text-color has-background no-border-radius\" href=\"\/de\/leute\/karriere\/\">Senden Sie Ihre <meta charset=\"utf-8\">Lebenslauf<\/a><\/div>\n<\/div>\n\n\n\n<p><\/p>\n","protected":false},"excerpt":{"rendered":"<p>Wenn Sie sich in diesen Zeilen wiedererkennen, senden Sie noch heute Ihren Lebenslauf<\/p>\n","protected":false},"author":1,"featured_media":4013,"parent":4340,"menu_order":0,"comment_status":"closed","ping_status":"closed","template":"template-group-profile.php","meta":{"kt_blocks_editor_width":""},"yoast_head":"<!-- This site is optimized with the Yoast SEO plugin v16.4 - https:\/\/yoast.com\/wordpress\/plugins\/seo\/ -->\n<title>Sch\u00f6pfer von Exzellenzen - Italian Wine Brands<\/title>\n<meta name=\"description\" content=\"Wenn Sie sich in diesen Zeilen wiedererkennen, senden Sie noch heute Ihren Lebenslauf   Senden Sie Ihre Lebenslauf\" \/>\n<meta name=\"robots\" content=\"index, follow, max-snippet:-1, max-image-preview:large, max-video-preview:-1\" \/>\n<link rel=\"canonical\" href=\"https:\/\/www.italianwinebrands.it\/de\/leute\/schopfer-von-exzellenzen\/\" \/>\n<meta property=\"og:locale\" content=\"de_DE\" \/>\n<meta property=\"og:type\" content=\"article\" \/>\n<meta property=\"og:title\" content=\"Sch\u00f6pfer von Exzellenzen - Italian Wine Brands\" \/>\n<meta property=\"og:description\" content=\"Wenn Sie sich in diesen Zeilen wiedererkennen, senden Sie noch heute Ihren Lebenslauf   Senden Sie Ihre Lebenslauf\" \/>\n<meta property=\"og:url\" content=\"https:\/\/www.italianwinebrands.it\/de\/leute\/schopfer-von-exzellenzen\/\" \/>\n<meta property=\"og:site_name\" content=\"Italian Wine Brands\" \/>\n<meta property=\"article:modified_time\" content=\"2021-08-23T13:41:46+00:00\" \/>\n<meta property=\"og:image\" content=\"https:\/\/www.italianwinebrands.it\/wp-content\/uploads\/2021\/07\/Creatori_Header_new.jpg\" \/>\n\t<meta property=\"og:image:width\" content=\"1600\" \/>\n\t<meta property=\"og:image:height\" content=\"600\" \/>\n<meta name=\"twitter:card\" content=\"summary_large_image\" \/>\n<meta name=\"twitter:label1\" content=\"Gesch\u00e4tzte Lesezeit\" \/>\n\t<meta name=\"twitter:data1\" content=\"1 Minute\" \/>\n<script type=\"application\/ld+json\" class=\"yoast-schema-graph\">{\"@context\":\"https:\/\/schema.org\",\"@graph\":[{\"@type\":\"WebSite\",\"@id\":\"https:\/\/www.italianwinebrands.it\/de\/#website\",\"url\":\"https:\/\/www.italianwinebrands.it\/de\/\",\"name\":\"Italian Wine Brands\",\"description\":\"\",\"potentialAction\":[{\"@type\":\"SearchAction\",\"target\":\"https:\/\/www.italianwinebrands.it\/de\/?s={search_term_string}\",\"query-input\":\"required name=search_term_string\"}],\"inLanguage\":\"de-DE\"},{\"@type\":\"ImageObject\",\"@id\":\"https:\/\/www.italianwinebrands.it\/de\/leute\/schopfer-von-exzellenzen\/#primaryimage\",\"inLanguage\":\"de-DE\",\"url\":\"https:\/\/www.italianwinebrands.it\/wp-content\/uploads\/2021\/07\/Creatori_Header_new.jpg\",\"contentUrl\":\"https:\/\/www.italianwinebrands.it\/wp-content\/uploads\/2021\/07\/Creatori_Header_new.jpg\",\"width\":1600,\"height\":600},{\"@type\":\"WebPage\",\"@id\":\"https:\/\/www.italianwinebrands.it\/de\/leute\/schopfer-von-exzellenzen\/#webpage\",\"url\":\"https:\/\/www.italianwinebrands.it\/de\/leute\/schopfer-von-exzellenzen\/\",\"name\":\"Sch\\u00f6pfer von Exzellenzen - Italian Wine Brands\",\"isPartOf\":{\"@id\":\"https:\/\/www.italianwinebrands.it\/de\/#website\"},\"primaryImageOfPage\":{\"@id\":\"https:\/\/www.italianwinebrands.it\/de\/leute\/schopfer-von-exzellenzen\/#primaryimage\"},\"datePublished\":\"2021-04-17T03:46:44+00:00\",\"dateModified\":\"2021-08-23T13:41:46+00:00\",\"description\":\"Wenn Sie sich in diesen Zeilen wiedererkennen, senden Sie noch heute Ihren Lebenslauf Senden Sie Ihre Lebenslauf\",\"breadcrumb\":{\"@id\":\"https:\/\/www.italianwinebrands.it\/de\/leute\/schopfer-von-exzellenzen\/#breadcrumb\"},\"inLanguage\":\"de-DE\",\"potentialAction\":[{\"@type\":\"ReadAction\",\"target\":[\"https:\/\/www.italianwinebrands.it\/de\/leute\/schopfer-von-exzellenzen\/\"]}]},{\"@type\":\"BreadcrumbList\",\"@id\":\"https:\/\/www.italianwinebrands.it\/de\/leute\/schopfer-von-exzellenzen\/#breadcrumb\",\"itemListElement\":[{\"@type\":\"ListItem\",\"position\":1,\"item\":{\"@type\":\"WebPage\",\"@id\":\"https:\/\/www.italianwinebrands.it\/de\/\",\"url\":\"https:\/\/www.italianwinebrands.it\/de\/\",\"name\":\"IWB\"}},{\"@type\":\"ListItem\",\"position\":2,\"item\":{\"@type\":\"WebPage\",\"@id\":\"https:\/\/www.italianwinebrands.it\/de\/leute\/\",\"url\":\"https:\/\/www.italianwinebrands.it\/de\/leute\/\",\"name\":\"Leute\"}},{\"@type\":\"ListItem\",\"position\":3,\"item\":{\"@id\":\"https:\/\/www.italianwinebrands.it\/de\/leute\/schopfer-von-exzellenzen\/#webpage\"}}]}]}<\/script>\n<!-- \/ Yoast SEO plugin. -->","_links":{"self":[{"href":"https:\/\/www.italianwinebrands.it\/de\/wp-json\/wp\/v2\/pages\/4341"}],"collection":[{"href":"https:\/\/www.italianwinebrands.it\/de\/wp-json\/wp\/v2\/pages"}],"about":[{"href":"https:\/\/www.italianwinebrands.it\/de\/wp-json\/wp\/v2\/types\/page"}],"author":[{"embeddable":true,"href":"https:\/\/www.italianwinebrands.it\/de\/wp-json\/wp\/v2\/users\/1"}],"replies":[{"embeddable":true,"href":"https:\/\/www.italianwinebrands.it\/de\/wp-json\/wp\/v2\/comments?post=4341"}],"version-history":[{"count":0,"href":"https:\/\/www.italianwinebrands.it\/de\/wp-json\/wp\/v2\/pages\/4341\/revisions"}],"up":[{"embeddable":true,"href":"https:\/\/www.italianwinebrands.it\/de\/wp-json\/wp\/v2\/pages\/4340"}],"wp:featuredmedia":[{"embeddable":true,"href":"https:\/\/www.italianwinebrands.it\/de\/wp-json\/wp\/v2\/media\/4013"}],"wp:attachment":[{"href":"https:\/\/www.italianwinebrands.it\/de\/wp-json\/wp\/v2\/media?parent=4341"}],"curies":[{"name":"wp","href":"https:\/\/api.w.org\/{rel}","templated":true}]}}