{"id":4296,"date":"2021-04-08T10:26:18","date_gmt":"2021-04-08T08:26:18","guid":{"rendered":"https:\/\/www.italianwinebrands.it\/group\/qualita-e-sostenibilita\/"},"modified":"2024-02-29T09:40:14","modified_gmt":"2024-02-29T08:40:14","slug":"qualitat-und-nachhaltigkeit","status":"publish","type":"page","link":"https:\/\/www.italianwinebrands.it\/de\/gruppe\/qualitat-und-nachhaltigkeit\/","title":{"rendered":"Qualit\u00e4t und Nachhaltigkeit"},"content":{"rendered":"<div id=\"hookmove-imgsx\" class=\"setPosition\"><\/div>\n<div class=\"container mt-5 mb-md-5\">\n    <div id=\"sx-img-iwb-1776570998234\" class=\"row align-items-center block-sx-image-page-content\">\n        <style>\n        #sx-img-iwb-1776570998234 .mcenter {\n\t\t\tmargin-top:-30px;\n\t\t}\n        #sx-img-iwb-1776570998234 .immagine-pagina {\n            margin-left: -7%!important;\n            margin-right: 7%!important;\n\t\t\tposition:relative;\n\t\t\tmax-height: 670px; \/* NON MODIFICARE *\/\n        }\n        #sx-img-iwb-1776570998234 .testo-pagina {\n            padding:0px 80px 0px 0;\n        }\n\t\t@media (max-width: 768px) {\n\t\t\t#sx-img-iwb-1776570998234 .testo-pagina {\n\t\t\t\tpadding:0 50px 0px 50px;\n\t\t\t}\n\t\t}\n\n\t\t#sx-img-iwb-1776570998234 .setPosition {\n\t\t\tposition:absolute;\n\t\t}\n        #sx-img-iwb-1776570998234 .mleft {\n\t\t\tposition:relative;\n\t\t\toverflow:hidden;\n\t\t\tmax-width:calc(15% - 15px);\n\t\t\tfloat:left;\n\t\t\tz-index:2;\n\t\t\tmargin-right:15px;\n        }\n        #sx-img-iwb-1776570998234 .mleft img {\n\t\t\tobject-position: left;\n\t\t}\n        #sx-img-iwb-1776570998234 .mright {\n\t\t\tposition:relative;\n\t\t\toverflow:hidden;\n\t\t\tmax-width:calc(30% - 15px);\n\t\t\tfloat:left;\n\t\t\tz-index:2;\n\t\t\tmargin-left:15px;\n        }\n        #sx-img-iwb-1776570998234 .mright img {\n\t\t\tobject-position: right;\n\t\t}\n        #sx-img-iwb-1776570998234 .mcenter {\n\t\t\tposition:relative;\n\t\t\toverflow:hidden;\n\t\t\tmax-width:55%;\n\t\t\tfloat:left;\n\t\t\tz-index:1;\n        }\n        #sx-img-iwb-1776570998234 .mcenter img {\n\t\t\tobject-position: 35%;\n\t\t}\n        #sx-img-iwb-1776570998234 .mright img, #sx-img-iwb-1776570998234 .mleft img, #sx-img-iwb-1776570998234 .mcenter img {\n\t\t\theight:100%;\n\t\t\twidth:auto;\n\t\t\tobject-fit: cover;\n\t\t}\n\t\t@media (max-width:1399px) {\n\t\t\t#sx-img-iwb-1776570998234 .mright, #sx-img-iwb-1776570998234 .mleft, #sx-img-iwb-1776570998234 .mcenter {\n\t\t\t\theight:580px;\n\t\t\t}\n\t\t\t#sx-img-iwb-1776570998234 .mcenter img {\n\t\t\t\tobject-position: 35.5%;\n\t\t\t}\n\t\t}\n\t\t@media (max-width:1199px) {\n\t\t\t#sx-img-iwb-1776570998234 .mright, #sx-img-iwb-1776570998234 .mleft, #sx-img-iwb-1776570998234 .mcenter {\n\t\t\t\theight:500px;\n\t\t\t}\n\t\t\t#sx-img-iwb-1776570998234 .mcenter img {\n\t\t\t\tobject-position: 41%;\n\t\t\t}\n\t\t}\n\t\t@media (min-width:1400px) {\n\t\t\t#sx-img-iwb-1776570998234 .mcenter img {\n\t\t\t\tobject-position: 36.5%;\n\t\t\t}\n\t\t}\n\n\t\t@media (min-width: 1399px) {\n\t\t\t#sx-img-iwb-1776570998234 .testo-pagina {\n\t\t\t\tpadding:80px 80px 80px inherit;\n\t\t\t}\n\t\t}\n\t\t@media (min-width: 992px) and (max-width:1199px){\n\t\t\t#sx-img-iwb-1776570998234> .testo-pagina {\n\t\t\t\tpadding:80px 40px 80px inherit;\n\t\t\t}\n\t\t}\n\t\t@media (max-width:991px) {\n\t\t\t\/*\n\t\t\t#sx-img-iwb-1776570998234 .testo-pagina {\n\t\t\t\tpadding:50px;\n\t\t\t}*\/\n\t\t\t#sx-img-iwb-1776570998234 .testo-pagina {\n\t\t\t\tpadding:0 50px 50px;\n\t\t\t}\n\t\t}\n\t\t@media (max-width:474px) {\n\t\t\t\/*\n\t\t\t#sx-img-iwb-1776570998234 .testo-pagina {\n\t\t\t\tpadding:50px;\n\t\t\t}*\/\n\t\t\t#sx-img-iwb-1776570998234 .testo-pagina {\n\t\t\t\tpadding:0 35px 15px;\n\t\t\t}\n\t\t}\n        <\/style>\n        <div class=\"col-sm-12 col-md-12 col-lg-7 col-xl-7 immagine-pagina px-0 text-end d-none d-lg-block\">\n        \t<div id=\"imgsxleft\" class=\"mleft\"><img decoding=\"async\" class=\"img-sx\" src=\"https:\/\/www.italianwinebrands.it\/wp-content\/uploads\/2021\/05\/quality-top-sx.jpg\" \/><\/div>\n        \t<div id=\"imgsxcenter\" class=\"mcenter\"><img decoding=\"async\" class=\"img-fluid\" src=\"https:\/\/www.italianwinebrands.it\/wp-content\/uploads\/2021\/05\/quality-top-sx.jpg\" \/><\/div>\n        \t<div id=\"imgsxright\" class=\"mright\"><img decoding=\"async\" src=\"https:\/\/www.italianwinebrands.it\/wp-content\/uploads\/2021\/05\/quality-top-sx.jpg\" \/><\/div>\n        <\/div>\n        <div class=\"col-sm-12 col-md-12 col-lg-5 col-xl-5 testo-pagina text-center text-lg-start\">\n            <h2 class=\"titoli-contenuti text-start \" data-aos=\"fade-out\">Zertifizierte Qualit\u00e4t<\/h2>\n            <p class=\"text-justify mb-3 mb-md-0\" data-aos=\"fade-out\">Die Qualit\u00e4t unserer Produkte und Prozesse ist nach internationalen Standards (IFS food , BRCGS food) und durch wichtige Auszeichnungen bei den wichtigsten europ\u00e4ischen, amerikanischen und asiatischen Weinwettbewerben zertifiziert.<\/p>\n                    <\/div>\n    <\/div>\n<\/div>\n<div class=\"clearfix clear mb-5\"><\/div>\n\n<style>\n#sustain-64-1776570998236 .bg-sustainability {\n}\n#sustain-64-1776570998236.bg-sustainability {\n\tright: 0;\n\tleft: 0;\n\tposition: relative;\n\tpadding: 0;\n\twidth: 100%;\n\tmargin: auto 0 !important;\n\tclear:right;\n\theight:730px;\n\tbackground-image:url(https:\/\/www.italianwinebrands.it\/wp-content\/uploads\/2021\/06\/bg-quality-section-1.jpg);\n\tbackground-repeat:no-repeat;\n\tbackground-size:cover;\n\tbackground-position:center center;\n}\n@media (max-width:574px) {\n\t#sustain-64-1776570998236.bg-sustainability {\n\t\tmargin:auto -15px!important;\n\t\twidth:calc(100% + 30px);\n\t}\n}\n@media (max-width:991px) {\n\t#sustain-64-1776570998236.bg-sustainability {\n\t\theight:330px;\n\t}\n}\n<\/style>\n<div id=\"sustain-64-1776570998236\" class=\"row bg-sustainability\">\n    <div class=\"sustain-64-1776570998236\"><\/div>\n<\/div>\n\n\n<style>\n.fs22 {\n\tfont-size:22px;\n}\n.ombra {\n\tz-index:2;\n\tposition:relative;\n}\n.fs55 {\n\tfont-size:55px;\n\tline-height:40px;\n\tcolor:#FFFFFF;\n}\n.pos {\n\tposition:relative;\n\tz-index:4;\n}\n.mw-70 {\n\tmax-width:70%;\n\tmargin:0 auto;\n\tdisplay:block;\n}\n.minheight {\n\tpadding:226px 0;\n\tdisplay:block;\n}\n.maxwidth {\n\tdisplay:block;\n\tmargin:0 auto;\n}\n@media (max-width:415px) {\n\t.maxwidth { max-width:none; }\n}\n#sustainability-iwb1776570998238 {\n\tmargin-top:-470px!important;\n\tmargin-bottom:70px!important;\n}\n#sustainability-iwb1776570998238::after {\n\tcontent:\" \";\n\tposition: absolute;\n\tbottom: 0px;\n\tleft: 0;\n\tright: 0;\n\tz-index: 1;\t\n\twidth:100%;\n\theight:440px;\n\tbackground:#FFFFFF;\n\t-webkit-box-shadow: 0 0px 180px -120px rgba(0,0,0,1);\n       -moz-box-shadow: 0 0px 180px -120px rgba(0,0,0,1);\n            box-shadow: 0 0px 180px -120px rgba(0,0,0,1);\n}\n.site-content { margin-bottom:0 !important; padding-bottom: 6.875rem !important; }\n@media (max-width: 767px) {\n\t#sustainability-iwb1776570998238::after {\n\t\tcontent:\" \";\n\t\tposition: absolute;\n\t\tbottom: 0px;\n\t\tleft: 0;\n\t\tright: 0;\n\t\tz-index: 1;\t\n\t\twidth:100%;\n\t\theight:100%;\n\t\tbackground:#FFFFFF;\n\t\t-webkit-box-shadow: 0 0 180px -120px rgba(0,0,0,1);\n\t\t   -moz-box-shadow: 0 0 180px -120px rgba(0,0,0,1);\n\t\t\t\tbox-shadow: 0 0 180px -120px rgba(0,0,0,1);\n\t}\n}\n@media (max-width: 1199px) {\n\t.hrombi {\n\t\tmax-height:210px;\n\t}\n}\n@media (max-width: 991px) {\n\t.hrombi {\n\t\tmax-height:200px;\n\t}\n}\n<\/style>\n<div class=\"container px-0 mt-5 d-none d-lg-block\">\n    <div id=\"sustainability-iwb1776570998238\" class=\"row align-items-start p-5 mt-5 ombra mb-0\">\n        <div class=\"col-12 col-sm-12 col-md-4 text-center px-lg-5 px-sm-3 mb-5 testo-pagina pos\">\n\t\t\t                <img decoding=\"async\" data-aos=\"flip-left\" class=\"\" src=\"https:\/\/www.italianwinebrands.it\/wp-content\/uploads\/2021\/06\/ico_botte-1.png\">\n                        <h2 class=\"fs22 mb-0 py-0 mt-3 mt-sm-5\" data-aos=\"fade-out\">Vollkommen <br>verfolgbare Produkte:<\/h2>\n            <p class=\"fs20 tk-agenda maxwidth\" data-aos=\"fade-out\">GFSI BRC-GS und IFS food<br \/>\nZertifizierungen<\/p>\n        <\/div>\n        <div class=\"col-12 col-sm-12 col-md-4 text-center px-lg-5 px-sm-3 mb-5 testo-pagina pos\">\n\t\t\t                <img decoding=\"async\" data-aos=\"flip-left\" class=\"\" src=\"https:\/\/www.italianwinebrands.it\/wp-content\/uploads\/2021\/06\/ico_coccarda.png\">\n                        <h2 class=\"fs22 mb-0 py-0 mt-3 mt-sm-5\" data-aos=\"fade-out\">\u00dcber 200 <br>goldene Medaillen<\/h2>\n            <p class=\"fs20 tk-agenda maxwidth\" data-aos=\"fade-out\">in den letzten 3 Jahren<\/p>\n        <\/div>\n        <div class=\"col-12 col-sm-12 col-md-4 text-center px-lg-5 px-sm-3 mb-5 testo-pagina pos\">\n\t\t\t                <img decoding=\"async\" data-aos=\"flip-left\" class=\"\" src=\"https:\/\/www.italianwinebrands.it\/wp-content\/uploads\/2021\/06\/ico_coppa.png\">\n                        <h2 class=\"fs22 mb-0 py-0 mt-3 mt-sm-5\" data-aos=\"fade-out\">Italy\u2019s <br>Best Producer<\/h2>\n            <p class=\"fs20 tk-agenda maxwidth\" data-aos=\"fade-out\">\u201cBerliner Wein Trophy\u201d <br \/>von 2012 bis 2021<\/p>\n        <\/div>\n    <\/div>\n<\/div>\n<div class=\"container mt-0 mt-md-5 d-block d-lg-none\">\n    <div class=\"row align-items-center mb-5\">\n        <div class=\"col-12 bgrigio\">\n            <div class=\"float-start ms-2 me-3\">\n                \t\t\t\t\t<img decoding=\"async\" data-aos=\"flip-left\" width=\"110\" class=\"\" src=\"https:\/\/www.italianwinebrands.it\/wp-content\/uploads\/2021\/06\/ico_botte-1.png\">\n\t\t\t\t            <\/div>\n            <strong class=\"text-uppercase mt-3 d-block\" data-aos=\"fade-out\">Vollkommen <br>verfolgbare Produkte:<\/strong>\n            <p class=\"text-start pe-2 pe-md-0\" data-aos=\"fade-out\">GFSI BRC-GS und IFS food\nZertifizierungen<\/p>\n        <\/div>\n    <\/div>\n    <div class=\"row align-items-center mb-5\">\n        <div class=\"col-12 bgrigio\">\n            <div class=\"float-start ms-2 me-3\">\n                \t\t\t\t\t<img decoding=\"async\" data-aos=\"flip-left\" width=\"110\" class=\"\" src=\"https:\/\/www.italianwinebrands.it\/wp-content\/uploads\/2021\/06\/ico_coccarda.png\">\n\t\t\t\t            <\/div>\n            <strong class=\"text-uppercase mt-3 d-block\" data-aos=\"fade-out\">\u00dcber 200 <br>goldene Medaillen<\/strong>\n            <p class=\"text-start pe-2 pe-md-0\" data-aos=\"fade-out\">in den letzten 3 Jahren<\/p>\n        <\/div>\n    <\/div>\n    <div class=\"row align-items-center mb-5\">\n        <div class=\"col-12 bgrigio \">\n            <div class=\"float-start ms-2 me-3\">\n                \t\t\t\t\t<img decoding=\"async\" data-aos=\"flip-left\" width=\"110\" class=\"\" src=\"https:\/\/www.italianwinebrands.it\/wp-content\/uploads\/2021\/06\/ico_coppa.png\">\n\t\t\t\t            <\/div>\n            <strong class=\"text-uppercase mt-3 d-block\" data-aos=\"fade-out\">Italy\u2019s <br>Best Producer<\/strong>\n            <p class=\"text-start pe-2 pe-md-0\" data-aos=\"fade-out\">\u201cBerliner Wein Trophy\u201d von 2012 bis 2021<\/p>\n        <\/div>\n    <\/div>\n<\/div>\n\n<div class=\"container mt-5 pb-md-5 pb-xxl-0 clear\">\n    <div id=\"dx-img-iwb-1776570998241\" class=\"row align-items-center block-dx-image-page-content\">\n        <style>\n\t\t#dx-img-iwb-1776570998241 .mcenter {\n\t\t\tmargin-top:-30px;\n\t\t}\n        #dx-img-iwb-1776570998241 .immagine-pagina {\n            margin-left: 7%!important;\n            margin-right: -7%!important;\n\t\t\tposition:relative;\n\t\t\tmax-height: 660px;\n        }\n\t\t#dx-img-iwb-1776570998241 .setPosition {\n\t\t\tposition:absolute;\n\t\t}\n        #dx-img-iwb-1776570998241 .mleft {\n\t\t\tposition:relative;\n\t\t\toverflow:hidden;\n\t\t\tmax-width:calc(30% - 15px);\n\t\t\tfloat:left;\n\t\t\tz-index:2;\n\t\t\tmargin-right:15px;\n        }\n        #dx-img-iwb-1776570998241 .mleft img {\n\t\t\tobject-position: left;\n\t\t}\n        #dx-img-iwb-1776570998241 .mright {\n\t\t\tposition:relative;\n\t\t\toverflow:hidden;\n\t\t\tmax-width:calc(15% - 15px);\n\t\t\tfloat:left;\n\t\t\tz-index:2;\n\t\t\tmargin-left:15px;\n        }\n        #dx-img-iwb-1776570998241 .mright img {\n\t\t\tobject-position: right;\n\t\t}\n        #dx-img-iwb-1776570998241 .mcenter {\n\t\t\tposition:relative;\n\t\t\toverflow:hidden;\n\t\t\tmax-width:55%;\n\t\t\tfloat:left;\n\t\t\tz-index:1;\n        }\n        #dx-img-iwb-1776570998241 .mcenter img {\n\t\t\tobject-position: 68%;\n\t\t}\n        #dx-img-iwb-1776570998241 .mright img, #dx-img-iwb-1776570998241 .mleft img, #dx-img-iwb-1776570998241 .mcenter img {\n\t\t\theight:100%;\n\t\t\twidth:auto;\n\t\t\tobject-fit: cover;\n\t\t}\n\t\t@media (min-width: 1399px) {\n\t\t\t#dx-img-iwb-1776570998241 .testo-pagina {\n\t\t\t\tpadding:80px 80px 80px inherit;\n\t\t\t}\n\t\t}\n\t\t@media (max-width:1399px) {\n\t\t\t#dx-img-iwb-1776570998241 .mright, #dx-img-iwb-1776570998241 .mleft, #dx-img-iwb-1776570998241 .mcenter {\n\t\t\t\theight:580px;\n\t\t\t}\n\t\t\t#dx-img-iwb-1776570998241 .mcenter img {\n\t\t\t\tobject-position: 66%;\n\t\t\t}\n\t\t}\n\t\t@media (max-width:1199px) {\n\t\t\t#dx-img-iwb-1776570998241 .mright, #dx-img-iwb-1776570998241 .mleft, #dx-img-iwb-1776570998241 .mcenter {\n\t\t\t\theight: 478px;\n\t\t\t}\n\t\t\t#dx-img-iwb-1776570998241 .mcenter img {\n\t\t\t\tobject-position: 68%;\n\t\t\t}\n\t\t}\n\t\t@media (min-width: 992px) and (max-width:1199px){\n\t\t\t#dx-img-iwb-1776570998241> .testo-pagina {\n\t\t\t\tpadding:80px 40px 80px inherit;\n\t\t\t}\n\t\t}\n\t\t@media (max-width:991px) {\n\t\t\t\/*\n\t\t\t#dx-img-iwb-1776570998241 .testo-pagina {\n\t\t\t\tpadding:50px;\n\t\t\t}*\/\n\t\t\t#dx-img-iwb-1776570998241 .testo-pagina {\n\t\t\t\tpadding:0 50px 50px;\n\t\t\t}\n\t\t\t#dx-img-iwb-1776570998241 .mright, #dx-img-iwb-1776570998241 .mleft, #dx-img-iwb-1776570998241 .mcenter {\n\t\t\t\theight: 630px;\n\t\t\t}\n\t\t\t#dx-img-iwb-1776570998241 .mcenter img {\n\t\t\t\tobject-position: 65%;\n\t\t\t}\n\t\t}\n\t\t@media (max-width:768px) {\n\t\t\t#dx-img-iwb-1776570998241 .mright, #dx-img-iwb-1776570998241 .mleft, #dx-img-iwb-1776570998241 .mcenter {\n\t\t\t\theight: 560px;\n\t\t\t}\n\t\t\t#dx-img-iwb-1776570998241 .mcenter img {\n\t\t\t\tobject-position: right;\n\t\t\t}\n\t\t\t#dx-img-iwb-1776570998241 .mcenter {\n\t\t\t\tmax-width:70%;\n\t\t\t}\n\t\t\t#dx-img-iwb-1776570998241 .immagine-pagina {\n\t\t\t\tmargin-left: -10%!important;\n\t\t\t\tmin-width:120%;\n\t\t\t}\n\t\t}\n\t\t@media (max-width:574px) {\n\t\t\t#dx-img-iwb-1776570998241 .mright, #dx-img-iwb-1776570998241 .mleft, #dx-img-iwb-1776570998241 .mcenter {\n\t\t\t\theight: 572px;\n\t\t\t}\n\t\t\t#dx-img-iwb-1776570998241 .mcenter img {\n\t\t\t\tobject-position: right;\n\t\t\t}\n\t\t\t#dx-img-iwb-1776570998241 .mcenter {\n\t\t\t\tmax-width:70%;\n\t\t\t}\n\t\t\t#dx-img-iwb-1776570998241 .immagine-pagina {\n\t\t\t\tmargin-left: -10%!important;\n\t\t\t\tmin-width:120%;\n\t\t\t}\n\t\t\t#dx-img-iwb-1776570998241 .testo-pagina {\n\t\t\t\tpadding:0 35px 50px;\n\t\t\t}\n\t\t}\n\t\t@media (max-width:474px) {\n\t\t\t\/*\n\t\t\t#dx-img-iwb-1776570998241 .testo-pagina {\n\t\t\t\tpadding:50px;\n\t\t\t}*\/\n\t\t\t#dx-img-iwb-1776570998241 .testo-pagina {\n\t\t\t\tpadding:0 35px 15px;\n\t\t\t}\n\t\t}\n        <\/style>\n        <div class=\"order-1 order-lg-1 col-sm-12 col-md-12 col-lg-5 testo-pagina\">\n            <h2 class=\"titoli-contenuti noafter\" data-aos=\"fade-out\">Nachhaltigkeit: <br>ein konkreter Weg<\/h2>\n            <p class=\"text-justify\">\n                <div class=\"col d-flex\">\n                    <p class=\"text-justify fs20\" data-aos=\"fade-out\">Wir verstehen Nachhaltigkeit als einen moralischen Prozess, der nicht nur Umweltaspekte umfasst, sondern auch solche, die mit den sozialen Beziehungen und den wirtschaftlichen Bed\u00fcrfnissen der Gebiete, in denen wir pr\u00e4sent sind, verbunden sind. Deshalb ist jede unserer Handlungen von drei Grundpfeilern inspiriert:<\/p>\n                <\/div>\n                                <div class=\"row mt-5 align-items-start\">\n                    <div class=\"col-3 pe-0 pe-sm-3\" data-aos=\"zoom-in\"><img decoding=\"async\" src=\"https:\/\/www.italianwinebrands.it\/wp-content\/uploads\/2021\/05\/iconlife.png\" class=\"pt-2\" \/><\/div>\n                    <div class=\"col-9\" data-aos=\"fade-out\"><p class=\"fs20b text-justify my-0 py-0\">Umweltvertr\u00e4glichkeit<\/p><p class=\"fs20 text-justify my-0 py-0\">Sicherstellung der Qualit\u00e4t und Verf\u00fcgbarkeit nat\u00fcrlicher Ressourcen<\/p><\/div>\n                <\/div>\n                <div class=\"row mt-4 align-items-start\">\n                    <div class=\"col-3 pe-0 pe-sm-3\" data-aos=\"zoom-in\"><img decoding=\"async\" src=\"https:\/\/www.italianwinebrands.it\/wp-content\/uploads\/2021\/05\/iconlife2.png\" class=\"pt-2\" \/><\/div>\n                    <div class=\"col-9\" data-aos=\"fade-out\"><p class=\"fs20b text-justify my-0 py-0\">Soziale Nachhaltigkeit<\/p><p class=\"fs20 text-justify my-0 py-0\">Mitarbeitern und Partnern Arbeits- und Lebensqualit\u00e4t offerieren<\/p><\/div>\n                <\/div>\n                <div class=\"row mt-4 align-items-start\">\n                    <div class=\"col-3 pe-0 pe-sm-3\" data-aos=\"zoom-in\"><img decoding=\"async\" src=\"https:\/\/www.italianwinebrands.it\/wp-content\/uploads\/2021\/05\/iconlife3.png\" class=\"pt-2\" \/><\/div>\n                    <div class=\"col-9\" data-aos=\"fade-out\"><p class=\"fs20b text-justify my-0 py-0\">Wirtschaftliche Nachhaltigkeit<\/p><p class=\"fs20 text-justify my-0 py-0\">Sicherstellung von Wirtschaftlichkeit und Werten in jeder Phase unserer Arbeit<\/p><\/div>\n                <\/div>\n                            <\/p>\n        <\/div>\n        <div class=\"order-2 order-lg-2 col-sm-12 col-md-12 col-lg-7 immagine-pagina mt-0 mt-md-5 px-0 py-0 d-none d-sm-block\" data-aos=\"fade-out\">\n            <div id=\"hookmove-imgdx\" class=\"setPosition\"><\/div>\n        \t<div id=\"imgdxleft\" class=\"mleft\"><img decoding=\"async\" class=\"img-sx\" src=\"https:\/\/www.italianwinebrands.it\/wp-content\/uploads\/2021\/06\/banner-qualita.jpg\" \/><\/div>\n        \t<div id=\"imgdxcenter\" class=\"mcenter\"><img decoding=\"async\" class=\"img-fluid\" src=\"https:\/\/www.italianwinebrands.it\/wp-content\/uploads\/2021\/06\/banner-qualita.jpg\" \/><\/div>\n        \t<div id=\"imgdxright\" class=\"mright d-none d-lg-block\"><img decoding=\"async\" src=\"https:\/\/www.italianwinebrands.it\/wp-content\/uploads\/2021\/06\/banner-qualita.jpg\" \/><\/div>\n        <\/div>\n    <\/div>\n<\/div>\n<div class=\"clearfix clear mb-5\"><\/div>","protected":false},"excerpt":{"rendered":"","protected":false},"author":1,"featured_media":4298,"parent":4291,"menu_order":4,"comment_status":"closed","ping_status":"closed","template":"template-group-profile.php","meta":{"kt_blocks_editor_width":""},"yoast_head":"<!-- This site is optimized with the Yoast SEO plugin v16.4 - https:\/\/yoast.com\/wordpress\/plugins\/seo\/ -->\n<title>Qualit\u00e4t und Nachhaltigkeit - Italian Wine Brands<\/title>\n<meta name=\"description\" content=\"Die Qualit\u00e4t unserer Produkte und Prozesse ist nach internationalen Standards (IFS, BRC, ISO 9001) und durch wichtige Auszeichnungen bei den wichtigsten europ\u00e4ischen, amerikanischen und asiatischen Weinwettbewerben zertifiziert.\" \/>\n<meta name=\"robots\" content=\"index, follow, max-snippet:-1, max-image-preview:large, max-video-preview:-1\" \/>\n<link rel=\"canonical\" href=\"https:\/\/www.italianwinebrands.it\/de\/gruppe\/qualitat-und-nachhaltigkeit\/\" \/>\n<meta property=\"og:locale\" content=\"de_DE\" \/>\n<meta property=\"og:type\" content=\"article\" \/>\n<meta property=\"og:title\" content=\"Qualit\u00e4t und Nachhaltigkeit - Italian Wine Brands\" \/>\n<meta property=\"og:description\" content=\"Die Qualit\u00e4t unserer Produkte und Prozesse ist nach internationalen Standards (IFS, BRC, ISO 9001) und durch wichtige Auszeichnungen bei den wichtigsten europ\u00e4ischen, amerikanischen und asiatischen Weinwettbewerben zertifiziert.\" \/>\n<meta property=\"og:url\" content=\"https:\/\/www.italianwinebrands.it\/de\/gruppe\/qualitat-und-nachhaltigkeit\/\" \/>\n<meta property=\"og:site_name\" content=\"Italian Wine Brands\" \/>\n<meta property=\"article:modified_time\" content=\"2024-02-29T08:40:14+00:00\" \/>\n<meta property=\"og:image\" content=\"https:\/\/www.italianwinebrands.it\/wp-content\/uploads\/2021\/05\/quality-header.jpeg\" \/>\n\t<meta property=\"og:image:width\" content=\"1350\" \/>\n\t<meta property=\"og:image:height\" content=\"900\" \/>\n<meta name=\"twitter:card\" content=\"summary_large_image\" \/>\n<script type=\"application\/ld+json\" class=\"yoast-schema-graph\">{\"@context\":\"https:\/\/schema.org\",\"@graph\":[{\"@type\":\"WebSite\",\"@id\":\"https:\/\/www.italianwinebrands.it\/de\/#website\",\"url\":\"https:\/\/www.italianwinebrands.it\/de\/\",\"name\":\"Italian Wine Brands\",\"description\":\"\",\"potentialAction\":[{\"@type\":\"SearchAction\",\"target\":\"https:\/\/www.italianwinebrands.it\/de\/?s={search_term_string}\",\"query-input\":\"required name=search_term_string\"}],\"inLanguage\":\"de-DE\"},{\"@type\":\"ImageObject\",\"@id\":\"https:\/\/www.italianwinebrands.it\/de\/gruppe\/qualitat-und-nachhaltigkeit\/#primaryimage\",\"inLanguage\":\"de-DE\",\"url\":\"https:\/\/www.italianwinebrands.it\/wp-content\/uploads\/2021\/05\/quality-header.jpeg\",\"contentUrl\":\"https:\/\/www.italianwinebrands.it\/wp-content\/uploads\/2021\/05\/quality-header.jpeg\",\"width\":1350,\"height\":900},{\"@type\":\"WebPage\",\"@id\":\"https:\/\/www.italianwinebrands.it\/de\/gruppe\/qualitat-und-nachhaltigkeit\/#webpage\",\"url\":\"https:\/\/www.italianwinebrands.it\/de\/gruppe\/qualitat-und-nachhaltigkeit\/\",\"name\":\"Qualit\\u00e4t und Nachhaltigkeit - Italian Wine Brands\",\"isPartOf\":{\"@id\":\"https:\/\/www.italianwinebrands.it\/de\/#website\"},\"primaryImageOfPage\":{\"@id\":\"https:\/\/www.italianwinebrands.it\/de\/gruppe\/qualitat-und-nachhaltigkeit\/#primaryimage\"},\"datePublished\":\"2021-04-08T08:26:18+00:00\",\"dateModified\":\"2024-02-29T08:40:14+00:00\",\"description\":\"Die Qualit\\u00e4t unserer Produkte und Prozesse ist nach internationalen Standards (IFS, BRC, ISO 9001) und durch wichtige Auszeichnungen bei den wichtigsten europ\\u00e4ischen, amerikanischen und asiatischen Weinwettbewerben zertifiziert.\",\"breadcrumb\":{\"@id\":\"https:\/\/www.italianwinebrands.it\/de\/gruppe\/qualitat-und-nachhaltigkeit\/#breadcrumb\"},\"inLanguage\":\"de-DE\",\"potentialAction\":[{\"@type\":\"ReadAction\",\"target\":[\"https:\/\/www.italianwinebrands.it\/de\/gruppe\/qualitat-und-nachhaltigkeit\/\"]}]},{\"@type\":\"BreadcrumbList\",\"@id\":\"https:\/\/www.italianwinebrands.it\/de\/gruppe\/qualitat-und-nachhaltigkeit\/#breadcrumb\",\"itemListElement\":[{\"@type\":\"ListItem\",\"position\":1,\"item\":{\"@type\":\"WebPage\",\"@id\":\"https:\/\/www.italianwinebrands.it\/de\/\",\"url\":\"https:\/\/www.italianwinebrands.it\/de\/\",\"name\":\"IWB\"}},{\"@type\":\"ListItem\",\"position\":2,\"item\":{\"@type\":\"WebPage\",\"@id\":\"https:\/\/www.italianwinebrands.it\/de\/gruppe\/\",\"url\":\"https:\/\/www.italianwinebrands.it\/de\/gruppe\/\",\"name\":\"Gruppe\"}},{\"@type\":\"ListItem\",\"position\":3,\"item\":{\"@id\":\"https:\/\/www.italianwinebrands.it\/de\/gruppe\/qualitat-und-nachhaltigkeit\/#webpage\"}}]}]}<\/script>\n<!-- \/ Yoast SEO plugin. -->","_links":{"self":[{"href":"https:\/\/www.italianwinebrands.it\/de\/wp-json\/wp\/v2\/pages\/4296"}],"collection":[{"href":"https:\/\/www.italianwinebrands.it\/de\/wp-json\/wp\/v2\/pages"}],"about":[{"href":"https:\/\/www.italianwinebrands.it\/de\/wp-json\/wp\/v2\/types\/page"}],"author":[{"embeddable":true,"href":"https:\/\/www.italianwinebrands.it\/de\/wp-json\/wp\/v2\/users\/1"}],"replies":[{"embeddable":true,"href":"https:\/\/www.italianwinebrands.it\/de\/wp-json\/wp\/v2\/comments?post=4296"}],"version-history":[{"count":2,"href":"https:\/\/www.italianwinebrands.it\/de\/wp-json\/wp\/v2\/pages\/4296\/revisions"}],"predecessor-version":[{"id":7010,"href":"https:\/\/www.italianwinebrands.it\/de\/wp-json\/wp\/v2\/pages\/4296\/revisions\/7010"}],"up":[{"embeddable":true,"href":"https:\/\/www.italianwinebrands.it\/de\/wp-json\/wp\/v2\/pages\/4291"}],"wp:featuredmedia":[{"embeddable":true,"href":"https:\/\/www.italianwinebrands.it\/de\/wp-json\/wp\/v2\/media\/4298"}],"wp:attachment":[{"href":"https:\/\/www.italianwinebrands.it\/de\/wp-json\/wp\/v2\/media?parent=4296"}],"curies":[{"name":"wp","href":"https:\/\/api.w.org\/{rel}","templated":true}]}}