{"id":4294,"date":"2021-04-08T10:25:48","date_gmt":"2021-04-08T08:25:48","guid":{"rendered":"https:\/\/www.italianwinebrands.it\/group\/manifesto\/"},"modified":"2021-08-22T19:35:46","modified_gmt":"2021-08-22T17:35:46","slug":"manifest","status":"publish","type":"page","link":"https:\/\/www.italianwinebrands.it\/de\/gruppe\/manifest\/","title":{"rendered":"Manifest"},"content":{"rendered":"<div class=\"container mt-5 pb-md-5 pb-xxl-0 clear\">\n    <div id=\"dx-img-iwb-1776570955720\" class=\"row align-items-center block-dx-image-page-content\">\n        <style>\n\t\t#dx-img-iwb-1776570955720 .mcenter {\n\t\t\tmargin-top:-30px;\n\t\t}\n        #dx-img-iwb-1776570955720 .immagine-pagina {\n            margin-left: 7%!important;\n            margin-right: -7%!important;\n\t\t\tposition:relative;\n\t\t\tmax-height: 660px;\n        }\n\t\t#dx-img-iwb-1776570955720 .setPosition {\n\t\t\tposition:absolute;\n\t\t}\n        #dx-img-iwb-1776570955720 .mleft {\n\t\t\tposition:relative;\n\t\t\toverflow:hidden;\n\t\t\tmax-width:calc(30% - 15px);\n\t\t\tfloat:left;\n\t\t\tz-index:2;\n\t\t\tmargin-right:15px;\n        }\n        #dx-img-iwb-1776570955720 .mleft img {\n\t\t\tobject-position: left;\n\t\t}\n        #dx-img-iwb-1776570955720 .mright {\n\t\t\tposition:relative;\n\t\t\toverflow:hidden;\n\t\t\tmax-width:calc(15% - 15px);\n\t\t\tfloat:left;\n\t\t\tz-index:2;\n\t\t\tmargin-left:15px;\n        }\n        #dx-img-iwb-1776570955720 .mright img {\n\t\t\tobject-position: right;\n\t\t}\n        #dx-img-iwb-1776570955720 .mcenter {\n\t\t\tposition:relative;\n\t\t\toverflow:hidden;\n\t\t\tmax-width:55%;\n\t\t\tfloat:left;\n\t\t\tz-index:1;\n        }\n        #dx-img-iwb-1776570955720 .mcenter img {\n\t\t\tobject-position: 68%;\n\t\t}\n        #dx-img-iwb-1776570955720 .mright img, #dx-img-iwb-1776570955720 .mleft img, #dx-img-iwb-1776570955720 .mcenter img {\n\t\t\theight:100%;\n\t\t\twidth:auto;\n\t\t\tobject-fit: cover;\n\t\t}\n\t\t@media (min-width: 1399px) {\n\t\t\t#dx-img-iwb-1776570955720 .testo-pagina {\n\t\t\t\tpadding:80px 80px 80px inherit;\n\t\t\t}\n\t\t}\n\t\t@media (max-width:1399px) {\n\t\t\t#dx-img-iwb-1776570955720 .mright, #dx-img-iwb-1776570955720 .mleft, #dx-img-iwb-1776570955720 .mcenter {\n\t\t\t\theight:580px;\n\t\t\t}\n\t\t\t#dx-img-iwb-1776570955720 .mcenter img {\n\t\t\t\tobject-position: 66%;\n\t\t\t}\n\t\t}\n\t\t@media (max-width:1199px) {\n\t\t\t#dx-img-iwb-1776570955720 .mright, #dx-img-iwb-1776570955720 .mleft, #dx-img-iwb-1776570955720 .mcenter {\n\t\t\t\theight: 478px;\n\t\t\t}\n\t\t\t#dx-img-iwb-1776570955720 .mcenter img {\n\t\t\t\tobject-position: 68%;\n\t\t\t}\n\t\t}\n\t\t@media (min-width: 992px) and (max-width:1199px){\n\t\t\t#dx-img-iwb-1776570955720> .testo-pagina {\n\t\t\t\tpadding:80px 40px 80px inherit;\n\t\t\t}\n\t\t}\n\t\t@media (max-width:991px) {\n\t\t\t\/*\n\t\t\t#dx-img-iwb-1776570955720 .testo-pagina {\n\t\t\t\tpadding:50px;\n\t\t\t}*\/\n\t\t\t#dx-img-iwb-1776570955720 .testo-pagina {\n\t\t\t\tpadding:0 50px 50px;\n\t\t\t}\n\t\t\t#dx-img-iwb-1776570955720 .mright, #dx-img-iwb-1776570955720 .mleft, #dx-img-iwb-1776570955720 .mcenter {\n\t\t\t\theight: 630px;\n\t\t\t}\n\t\t\t#dx-img-iwb-1776570955720 .mcenter img {\n\t\t\t\tobject-position: 65%;\n\t\t\t}\n\t\t}\n\t\t@media (max-width:768px) {\n\t\t\t#dx-img-iwb-1776570955720 .mright, #dx-img-iwb-1776570955720 .mleft, #dx-img-iwb-1776570955720 .mcenter {\n\t\t\t\theight: 560px;\n\t\t\t}\n\t\t\t#dx-img-iwb-1776570955720 .mcenter img {\n\t\t\t\tobject-position: right;\n\t\t\t}\n\t\t\t#dx-img-iwb-1776570955720 .mcenter {\n\t\t\t\tmax-width:70%;\n\t\t\t}\n\t\t\t#dx-img-iwb-1776570955720 .immagine-pagina {\n\t\t\t\tmargin-left: -10%!important;\n\t\t\t\tmin-width:120%;\n\t\t\t}\n\t\t}\n\t\t@media (max-width:574px) {\n\t\t\t#dx-img-iwb-1776570955720 .mright, #dx-img-iwb-1776570955720 .mleft, #dx-img-iwb-1776570955720 .mcenter {\n\t\t\t\theight: 572px;\n\t\t\t}\n\t\t\t#dx-img-iwb-1776570955720 .mcenter img {\n\t\t\t\tobject-position: right;\n\t\t\t}\n\t\t\t#dx-img-iwb-1776570955720 .mcenter {\n\t\t\t\tmax-width:70%;\n\t\t\t}\n\t\t\t#dx-img-iwb-1776570955720 .immagine-pagina {\n\t\t\t\tmargin-left: -10%!important;\n\t\t\t\tmin-width:120%;\n\t\t\t}\n\t\t\t#dx-img-iwb-1776570955720 .testo-pagina {\n\t\t\t\tpadding:0 35px 50px;\n\t\t\t}\n\t\t}\n\t\t@media (max-width:474px) {\n\t\t\t\/*\n\t\t\t#dx-img-iwb-1776570955720 .testo-pagina {\n\t\t\t\tpadding:50px;\n\t\t\t}*\/\n\t\t\t#dx-img-iwb-1776570955720 .testo-pagina {\n\t\t\t\tpadding:0 35px 15px;\n\t\t\t}\n\t\t}\n        <\/style>\n        <div class=\"order-1 order-lg-1 col-sm-12 col-md-12 col-lg-5 testo-pagina\">\n            <h2 class=\"titoli-contenuti noafter\" data-aos=\"fade-out\">Wir sind Italian Wine Brands: Unser Name ist ein Versprechen, das wir jeden Tag halten.<\/h2>\n            <p class=\"text-justify\">\n                <div class=\"col d-flex\">\n                    <p class=\"text-justify fs20\" data-aos=\"fade-out\"><\/p>\n                <\/div>\n                            <\/p>\n        <\/div>\n        <div class=\"order-2 order-lg-2 col-sm-12 col-md-12 col-lg-7 immagine-pagina mt-0 mt-md-5 px-0 py-0 d-none d-lg-block\" data-aos=\"fade-out\">\n            <div id=\"hookmove-imgdx\" class=\"setPosition\"><\/div>\n        \t<div id=\"imgdxleft\" class=\"mleft\"><img decoding=\"async\" class=\"img-sx\" src=\"https:\/\/www.italianwinebrands.it\/wp-content\/uploads\/2021\/07\/manifesto_banner_img.jpg\" \/><\/div>\n        \t<div id=\"imgdxcenter\" class=\"mcenter\"><img decoding=\"async\" class=\"img-fluid\" src=\"https:\/\/www.italianwinebrands.it\/wp-content\/uploads\/2021\/07\/manifesto_banner_img.jpg\" \/><\/div>\n        \t<div id=\"imgdxright\" class=\"mright d-none d-lg-block\"><img decoding=\"async\" src=\"https:\/\/www.italianwinebrands.it\/wp-content\/uploads\/2021\/07\/manifesto_banner_img.jpg\" \/><\/div>\n        <\/div>\n    <\/div>\n<\/div>\n<div class=\"clearfix clear mb-5\"><\/div>\n\n<style>\n#mission-vision-iwb-1776570955722 .testo-manifesto,\n#mission-vision-iwb-1776570955722 .title-manifesto {\n\tcolor:#FFF;\n}\n#mission-vision-iwb-1776570955722 .title-manifesto {\n\tfont-size:40px;\n\tline-height:normal;\n}\n#mission-vision-iwb-1776570955722 p {\n\tfont-size:18px;\n\tmax-width:60%;\n\tmargin:0 auto;\n}\n#mission-vision-iwb-1776570955722 .minheight {\n\tmin-height:420px;\n}\n#mission-vision-iwb-1776570955722 .minheightp {\n\tmin-height:170px;\n}\n#mission-vision-iwb-1776570955722 .bg-rombo-big {\n\tbackground-image:url('https:\/\/www.italianwinebrands.it\/wp-content\/themes\/getwid-base\/img\/rombo-big.png');\n\tbackground-repeat:no-repeat;\n\tbackground-size: cover;\n\tbackground-position: top center;\n\tmin-height:410px;\n}\n@media (max-width: 767px) {\n\t#mission-vision-iwb-1776570955722 .title-manifesto {\n\t\tfont-size:30px;\n\t}\n\t#mission-vision-iwb-1776570955722 .minheight {\n\t\tmin-height:0;\n\t}\n\t#mission-vision-iwb-1776570955722 .bg-rombo-big {\n\t\tbackground-image:none;\n\t\tbackground-color:#862f36;\n\t\tmin-height:10px;\n\t}\n\t#mission-vision-iwb-1776570955722 .minheightp {\n\t\tmax-height:140px;\n\t\tpadding:0;\n\t}\n\t#mission-vision-iwb-1776570955722 p {\n\t\tmax-width:80%;\n\t}\n}\n@media (min-width: 768px) and (max-width: 991px) {\n\t#mission-vision-iwb-1776570955722 .title-manifesto {\n\t\tfont-size:34px;\n\t}\n\t#mission-vision-iwb-1776570955722 .minheight {\n\t\tmin-height:0;\n\t}\n\t#mission-vision-iwb-1776570955722 .bg-rombo-big {\n\t\tbackground-image:none;\n\t\tbackground-color:#862f36;\n\t\tmin-height:10px;\n\t}\n\t#mission-vision-iwb-1776570955722 .minheightp {\n\t\tmax-height:140px;\n\t\tpadding:0;\n\t}\n\t#mission-vision-iwb-1776570955722 p {\n\t\tmax-width:80%;\n\t}\n}\n@media (min-width: 992px) and (max-width: 1199px) {\n\t#mission-vision-iwb-1776570955722 .title-manifesto {\n\t\tfont-size:30px;\n\t}\n\t#mission-vision-iwb-1776570955722 p {\n\t\tmax-width: 50%;\n\t\tfont-size: 16px;\n\t}\n\t#mission-vision-iwb-1776570955722 .minheight {\n\t\tmin-height:340px;\n\t}\n\t#mission-vision-iwb-1776570955722 .bg-rombo-big {\n\t\tmin-height:340px;\n\t}\n\t#mission-vision-iwb-1776570955722 .minheightp {\n\t\tmax-height:150px;\n\t}\n}\n@media (min-width: 1200px) and (max-width:1399px) {\n\t#mission-vision-iwb-1776570955722 .title-manifesto {\n\t\tfont-size:35px;\n\t}\n\t#mission-vision-iwb-1776570955722 p {\n\t\tmax-width: 50%;\n\t}\n\t#mission-vision-iwb-1776570955722 .minheight {\n\t\tmin-height:360px;\n\t}\n\t#mission-vision-iwb-1776570955722 .bg-rombo-big {\n\t\tmin-height:360px;\n\t}\n\t#mission-vision-iwb-1776570955722 .minheightp {\n\t\tmax-height:150px;\n\t}\n}\n<\/style>\n<div class=\"clearfix clear mb-5\"><\/div><div class=\"container mt-0 mt-lg-5\">\n    <div id=\"mission-vision-iwb-1776570955722\" class=\"row px-0\">\n    \t<div class=\"col-12 col-lg-6 bg-rombo-big rombo-sx text-center px-0 mb-1 mb-lg-0\" data-aos=\"fade-out\">\n        \t<div class=\"row align-items-end minheight\">\n            \t<div class=\"mb-1 p-5 p-lg-0\">\n                <h2 class=\"title-manifesto text-center\">Unsere <br>Vision<\/h2>\n                <p class=\"testo-manifesto text-center minheightp\">Unser Brand, um unsere Kunden zufriedenzustellen.<br \/>\n<br><br \/>\n<\/p>\n                <\/div>\n            <\/div>\n        <\/div>\n    \t<div class=\"col-12 col-lg-6 bg-rombo-big rombo-dx text-center align-items-center align-items-lg-start px-0\" data-aos=\"fade-out\">\n        \t<div class=\"row align-items-end minheight\">\n            \t<div class=\"mb-1 p-5 p-lg-0\">\n                <h2 class=\"title-manifesto text-center\">Unsere <br>Aufgabe<\/h2>\n                <p class=\"testo-manifesto text-justify minheightp\">Erstellen und entwickeln von Brands, die von den Kunden aufgrund ihrer Qualit\u00e4t und ihres Images geliebt werden. Diese werden weltweit \u00fcber alle kommerziellen Kan\u00e4le vertrieben.<\/p>\n                <\/div>\n            <\/div>\n        <\/div>\n    <\/div>\n<\/div>\n\n\n\t<style>\n    #manifetso-62-1776570955723.bg-manifesto {\n        right: 0;\n        left: 0;\n        position: relative;\n        padding: 0;\n        width: 100%;\n        margin: 0 auto 0 auto !important;\n        clear:right;\n        min-height:480px;\n\t\theight:auto;\n        background-image:url(https:\/\/www.italianwinebrands.it\/wp-content\/uploads\/2021\/07\/manifesto-fullwidth-central-section.jpg);\n        background-repeat:no-repeat;\n        background-size:cover;\n        background-position:center right;\n    }\n\t@media (max-width:415px) {\n\t\t#manifetso-62-1776570955723.bg-manifesto {\n\t\t\tmin-height: 250px;\n\t\t\tbackground-position: center right;\n\t\t}\t\n\t}\n\t@media (max-width:991px) {\n\t\t#manifetso-62-1776570955723.bg-manifesto {\n\t\t\tmin-height:0!important;\n\t\t\theight: 280px!important;\n\t\t\tbackground-position: center right;\n\t\t}\t\n\t}\n    <\/style>\n    <div id=\"manifetso-62-1776570955723\" class=\"row bg-manifesto text-center\" data-aos=\"fade-out\">\n<\/div>\n\n\n<style>\n.bg-facts {\n}\n.my5 {\n\tmargin:40px auto 50px 0!important;\n}\n.rombo {\n\tposition:absolute;\n\tmargin-left: -6px;\n\tz-index:2;\n}\n.bottle {\n\tposition:absolute;\n\tz-index:1;\n\tpadding-bottom: 165px;\n}\n.testi {\n\tposition:absolute;\n\tmin-height:190px;\n\tz-index:4;\n}\n.testi > span.num {\n\tdisplay: block;\n\tfont-size:105px;\n\tline-height: 70px;\n\tfont-family:'Neutra Display Titling', sans-serif;\n\tcolor:#e0e0e0;\n}\n.testi > span.txt {\n\tdisplay: block;\n\tfont-size:36px;\n\tline-height:36px;\n\tfont-family:'Neutra Display Titling', sans-serif;\n\tcolor:#e0e0e0;\n}\n.bg-manifesto-bottom {\n\tright: 0;\n\tleft: 0;\n\tposition: relative;\n\tpadding: 75px 0 0 0;\n\twidth: 100%;\n\tmargin: auto 0 !important;\n\tclear:right;\n\tmin-height:650px;\n\tbackground-image:url('https:\/\/www.italianwinebrands.it\/wp-content\/themes\/getwid-base\/img\/manifesto\/bg-manifesto.png');\n\tbackground-repeat:no-repeat;\n\tbackground-size:auto;\n\tbackground-position: center 40px;\n}\n@media (max-width:1199px) {\n\t.bg-manifesto-bottom {\n\t\tbackground-position: center 10px;\n\t}\n}\n@media (max-width:991px) {\n\t.bg-manifesto-bottom {\n\t\tpadding: 0 0 0 0;\n\t\tbackground-position: center -70px;\n\t}\n}\n@media (max-width:767px) {\n\t.bg-manifesto-bottom {\n\t\tpadding: 0 0 0 0;\n\t\tbackground-position: center -120px;\n\t}\n}\n<\/style>\n<section id=\"manifesto-icon-box1776570955725\" class=\"section bg-manifesto-bottom text-center\">\n    <div class=\"container\">\n        <div class=\"row d-none d-md-flex\">\n        \t            <h2 class=\"fs44 my5 text-black d-block d-sm-block d-md-none\" style=\"line-height:normal;\" data-aos=\"fade-out\">Unsere <br>Werte<\/h2>\n            <div class=\"col-12 col-md-4 text-center px-lg-5 px-sm-3 mb-5 mt-md-5 mt-lg-0\">\n\t\t\t\t\t\t\t\t\t<img decoding=\"async\" data-aos=\"flip-left\" id=\"icona\" src=\"https:\/\/www.italianwinebrands.it\/wp-content\/uploads\/2021\/06\/ico_ominomano.png\">\n\t\t\t\t                <span class=\"fs25 mt-2 mt-lg-5\" style=\"line-height:normal;\" data-aos=\"fade-out\">Der Kunde ist unser Arbeitgeber<\/span>\n                <p class=\"fs20 text-center\" data-aos=\"fade-out\">Wir arbeiten gemeinsam daran, unsere Kunden zufriedenzustellen, damit sie uns Wachstum, Erfolg und Sicherheit garantieren k\u00f6nnen. <\/p>\n            <\/div>\n            <div class=\"col-12 col-md-4 text-center px-lg-5 px-sm-3 mb-5\">\n                <h2 class=\"fs44 my5 text-black d-none d-sm-none d-md-block d-lg-block\" style=\"line-height:normal;\">Unsere <br>Werte<\/h2>\n\t\t\t\t\t\t\t\t\t<img decoding=\"async\" data-aos=\"flip-left\" id=\"icona\" src=\"https:\/\/www.italianwinebrands.it\/wp-content\/uploads\/2021\/06\/ico_freccialamp.png\">\n\t\t\t\t                <span class=\"fs25 mt-2 mt-lg-5\" style=\"line-height:normal;\" data-aos=\"fade-out\">Qualit\u00e4t<\/span>\n                <p class=\"fs20 text-center\" data-aos=\"fade-out\">Jeder von uns ist f\u00fcr die endg\u00fcltige Qualit\u00e4t des Produktes und der Dienstleistung verantwortlich. Wir verpflichten uns zur kontinuierlichen Verbesserung, um unseren Konkurrenten gegen\u00fcber \u00fcberlegen zu sein und von unseren Kunden bevorzugt zu werden.<\/p>\n            <\/div>\n            <div class=\"col-12 col-md-4 text-center px-lg-5 px-sm-3 mb-5 mt-md-5 mt-lg-0\">\n\t\t\t\t\t\t\t\t\t<img decoding=\"async\" data-aos=\"flip-left\" id=\"icona\" src=\"https:\/\/www.italianwinebrands.it\/wp-content\/uploads\/2021\/07\/rispetto.png\">\n\t\t\t\t                <span class=\"fs25 mt-2 mt-lg-5\" style=\"line-height:normal;\" data-aos=\"fade-out\">Respektieren der Regeln, der Menschen und der Versprechen<\/span>\n                <p class=\"fs20 text-center\" data-aos=\"fade-out\">Wir schaffen ein positives, faires, gelassenes Arbeitsumfeld und werden von unseren Kollegen und auf dem Markt respektiert. <\/p>\n            <\/div>\n            <div class=\"col-12 col-md-6 text-center px-lg-5 px-sm-3 mb-5 mt-md-5 mt-lg-0\">\n\t\t\t\t\t\t\t\t\t<img decoding=\"async\" data-aos=\"flip-left\" id=\"icona\" src=\"https:\/\/www.italianwinebrands.it\/wp-content\/uploads\/2021\/06\/ico_omini.png\">\n\t\t\t\t                <span class=\"fs25 mt-2 mt-lg-5\" style=\"line-height:normal;\" data-aos=\"fade-out\">Pers\u00f6nliches Wachstum<\/span>\n                <p class=\"fs20 text-center\" data-aos=\"fade-out\">Das Team gewinnt, wenn es zusammenh\u00e4lt und auf ein gemeinsames Ziel hinarbeitet. Wir h\u00f6ren zu, respektieren und unterst\u00fctzen uns gegenseitig, sodass die Arbeit f\u00fcr jeden ein Vergn\u00fcgen und eine Gelegenheit zum Wachstum ist.<\/p>\n            <\/div>\n            <div class=\"col-12 col-md-6 text-center px-lg-5 px-sm-3 mb-5 mt-md-5 mt-lg-0\">\n\t\t\t\t\t\t\t\t\t<img decoding=\"async\" data-aos=\"flip-left\" id=\"icona\" src=\"https:\/\/www.italianwinebrands.it\/wp-content\/uploads\/2021\/07\/innovazione.png\">\n\t\t\t\t                <span class=\"fs25 mt-2 mt-lg-5\" style=\"line-height:normal;\" data-aos=\"fade-out\">Innovation und Unternehmertum<\/span>\n                <p class=\"fs20 text-center\" data-aos=\"fade-out\">Wir schauen nach vorne und sind innovativ, um am Puls der Zeit zu bleiben. Jeder ist daf\u00fcr verantwortlich, Chancen zu ergreifen, Probleme schnell zu l\u00f6sen und Ergebnisse zu erzielen.<br \/>\n<\/p>\n            <\/div>\n        <\/div>\n        <div class=\"row d-flex d-md-none\">\n        \t            <h2 class=\"fs44 my5 text-black d-block d-sm-block d-md-none\" style=\"line-height:normal;\" data-aos=\"fade-out\">Unsere <br>Werte<\/h2>\n            <div class=\"col-12 col-lg-4 text-center px-lg-5 px-sm-3 mb-5\">\n\t\t\t\t\t\t\t\t\t<img decoding=\"async\" data-aos=\"flip-left\" id=\"icona\" src=\"https:\/\/www.italianwinebrands.it\/wp-content\/uploads\/2021\/06\/ico_ominomano.png\">\n\t\t\t\t                <span class=\"fs25 mt-2 mt-sm-5\" style=\"line-height:normal;\" data-aos=\"fade-out\">Der Kunde ist unser Arbeitgeber<\/span>\n                <p class=\"fs20 text-center\" data-aos=\"fade-out\">Wir arbeiten gemeinsam daran, unsere Kunden zufriedenzustellen, damit sie uns Wachstum, Erfolg und Sicherheit garantieren k\u00f6nnen. <\/p>\n            <\/div>\n            <div class=\"col-12 col-lg-4 text-center px-lg-5 px-sm-3 mb-5\">\n                <h2 class=\"fs44 my5 text-black d-none d-sm-none d-md-block d-lg-block\" style=\"line-height:normal;\">Unsere <br>Werte<\/h2>\n\t\t\t\t\t\t\t\t\t<img decoding=\"async\" data-aos=\"flip-left\" id=\"icona\" src=\"https:\/\/www.italianwinebrands.it\/wp-content\/uploads\/2021\/06\/ico_freccialamp.png\">\n\t\t\t\t                <span class=\"fs25 mt-2 mt-sm-5\" style=\"line-height:normal;\" data-aos=\"fade-out\">Qualit\u00e4t<\/span>\n                <p class=\"fs20 text-center px-5 px-md-0\" data-aos=\"fade-out\">Jeder von uns ist f\u00fcr die endg\u00fcltige Qualit\u00e4t des Produktes und der Dienstleistung verantwortlich. Wir verpflichten uns zur kontinuierlichen Verbesserung, um unseren Konkurrenten gegen\u00fcber \u00fcberlegen zu sein und von unseren Kunden bevorzugt zu werden.<\/p>\n            <\/div>\n            <div class=\"col-12 col-lg-4 text-center px-lg-5 px-sm-3 mb-5\">\n\t\t\t\t\t\t\t\t\t<img decoding=\"async\" data-aos=\"flip-left\" id=\"icona\" src=\"https:\/\/www.italianwinebrands.it\/wp-content\/uploads\/2021\/07\/rispetto.png\">\n\t\t\t\t                <span class=\"fs25 mt-2 mt-sm-5\" style=\"line-height:normal;\" data-aos=\"fade-out\">Respektieren der Regeln, der Menschen und der Versprechen<\/span>\n                <p class=\"fs20 text-center px-5 px-md-0\" data-aos=\"fade-out\">Wir schaffen ein positives, faires, gelassenes Arbeitsumfeld und werden von unseren Kollegen und auf dem Markt respektiert. <\/p>\n            <\/div>\n            <div class=\"col-12 col-lg-4 text-center px-lg-5 px-sm-3 mb-5\">\n\t\t\t\t\t\t\t\t\t<img decoding=\"async\" data-aos=\"flip-left\" id=\"icona\" src=\"https:\/\/www.italianwinebrands.it\/wp-content\/uploads\/2021\/06\/ico_omini.png\">\n\t\t\t\t                <span class=\"fs25 mt-2 mt-lg-5\" style=\"line-height:normal;\" data-aos=\"fade-out\">Pers\u00f6nliches Wachstum<\/span>\n                <p class=\"fs20 text-center px-5 px-md-0\" data-aos=\"fade-out\">Das Team gewinnt, wenn es zusammenh\u00e4lt und auf ein gemeinsames Ziel hinarbeitet. Wir h\u00f6ren zu, respektieren und unterst\u00fctzen uns gegenseitig, sodass die Arbeit f\u00fcr jeden ein Vergn\u00fcgen und eine Gelegenheit zum Wachstum ist.<\/p>\n            <\/div>\n            <div class=\"col-12 col-md-6 text-center px-lg-5 px-sm-3 mb-5 mt-md-5 mt-lg-0\">\n\t\t\t\t\t\t\t\t\t<img decoding=\"async\" data-aos=\"flip-left\" id=\"icona\" src=\"https:\/\/www.italianwinebrands.it\/wp-content\/uploads\/2021\/07\/innovazione.png\">\n\t\t\t\t                <span class=\"fs25 mt-2 mt-lg-5\" style=\"line-height:normal;\" data-aos=\"fade-out\">Innovation und Unternehmertum<\/span>\n                <p class=\"fs20 text-center px-5 px-md-0\" data-aos=\"fade-out\">Wir schauen nach vorne und sind innovativ, um am Puls der Zeit zu bleiben. Jeder ist daf\u00fcr verantwortlich, Chancen zu ergreifen, Probleme schnell zu l\u00f6sen und Ergebnisse zu erzielen.<br \/>\n<\/p>\n            <\/div>\n        <\/div>\n    <\/div>\n<\/section>\n\n\n<h3 class=\"has-text-align-center container\"><strong><strong>Diese Werte machen uns zu einer besonderen Organisation, zu der wir stolz sind, zu geh\u00f6ren.<\/strong><\/strong><\/h3>\n","protected":false},"excerpt":{"rendered":"<p>Diese Werte machen uns zu einer besonderen Organisation, zu der wir stolz sind, zu geh\u00f6ren.<\/p>\n","protected":false},"author":1,"featured_media":1142,"parent":4291,"menu_order":3,"comment_status":"closed","ping_status":"closed","template":"template-group-profile.php","meta":{"kt_blocks_editor_width":""},"yoast_head":"<!-- This site is optimized with the Yoast SEO plugin v16.4 - https:\/\/yoast.com\/wordpress\/plugins\/seo\/ -->\n<title>Manifest - Italian Wine Brands<\/title>\n<meta name=\"description\" content=\"Diese Werte machen uns zu einer besonderen Organisation, zu der wir stolz sind, zu geh\u00f6ren.\" \/>\n<meta name=\"robots\" content=\"index, follow, max-snippet:-1, max-image-preview:large, max-video-preview:-1\" \/>\n<link rel=\"canonical\" href=\"https:\/\/www.italianwinebrands.it\/de\/gruppe\/manifest\/\" \/>\n<meta property=\"og:locale\" content=\"de_DE\" \/>\n<meta property=\"og:type\" content=\"article\" \/>\n<meta property=\"og:title\" content=\"Manifest - Italian Wine Brands\" \/>\n<meta property=\"og:description\" content=\"Diese Werte machen uns zu einer besonderen Organisation, zu der wir stolz sind, zu geh\u00f6ren.\" \/>\n<meta property=\"og:url\" content=\"https:\/\/www.italianwinebrands.it\/de\/gruppe\/manifest\/\" \/>\n<meta property=\"og:site_name\" content=\"Italian Wine Brands\" \/>\n<meta property=\"article:modified_time\" content=\"2021-08-22T17:35:46+00:00\" \/>\n<meta property=\"og:image\" content=\"https:\/\/www.italianwinebrands.it\/wp-content\/uploads\/2021\/04\/brands.jpg\" \/>\n\t<meta property=\"og:image:width\" content=\"1462\" \/>\n\t<meta property=\"og:image:height\" content=\"500\" \/>\n<meta name=\"twitter:card\" content=\"summary_large_image\" \/>\n<meta name=\"twitter:label1\" content=\"Gesch\u00e4tzte Lesezeit\" \/>\n\t<meta name=\"twitter:data1\" content=\"1 Minute\" \/>\n<script type=\"application\/ld+json\" class=\"yoast-schema-graph\">{\"@context\":\"https:\/\/schema.org\",\"@graph\":[{\"@type\":\"WebSite\",\"@id\":\"https:\/\/www.italianwinebrands.it\/de\/#website\",\"url\":\"https:\/\/www.italianwinebrands.it\/de\/\",\"name\":\"Italian Wine Brands\",\"description\":\"\",\"potentialAction\":[{\"@type\":\"SearchAction\",\"target\":\"https:\/\/www.italianwinebrands.it\/de\/?s={search_term_string}\",\"query-input\":\"required name=search_term_string\"}],\"inLanguage\":\"de-DE\"},{\"@type\":\"ImageObject\",\"@id\":\"https:\/\/www.italianwinebrands.it\/de\/gruppe\/manifest\/#primaryimage\",\"inLanguage\":\"de-DE\",\"url\":\"https:\/\/www.italianwinebrands.it\/wp-content\/uploads\/2021\/04\/brands.jpg\",\"contentUrl\":\"https:\/\/www.italianwinebrands.it\/wp-content\/uploads\/2021\/04\/brands.jpg\",\"width\":1462,\"height\":500},{\"@type\":\"WebPage\",\"@id\":\"https:\/\/www.italianwinebrands.it\/de\/gruppe\/manifest\/#webpage\",\"url\":\"https:\/\/www.italianwinebrands.it\/de\/gruppe\/manifest\/\",\"name\":\"Manifest - Italian Wine Brands\",\"isPartOf\":{\"@id\":\"https:\/\/www.italianwinebrands.it\/de\/#website\"},\"primaryImageOfPage\":{\"@id\":\"https:\/\/www.italianwinebrands.it\/de\/gruppe\/manifest\/#primaryimage\"},\"datePublished\":\"2021-04-08T08:25:48+00:00\",\"dateModified\":\"2021-08-22T17:35:46+00:00\",\"description\":\"Diese Werte machen uns zu einer besonderen Organisation, zu der wir stolz sind, zu geh\\u00f6ren.\",\"breadcrumb\":{\"@id\":\"https:\/\/www.italianwinebrands.it\/de\/gruppe\/manifest\/#breadcrumb\"},\"inLanguage\":\"de-DE\",\"potentialAction\":[{\"@type\":\"ReadAction\",\"target\":[\"https:\/\/www.italianwinebrands.it\/de\/gruppe\/manifest\/\"]}]},{\"@type\":\"BreadcrumbList\",\"@id\":\"https:\/\/www.italianwinebrands.it\/de\/gruppe\/manifest\/#breadcrumb\",\"itemListElement\":[{\"@type\":\"ListItem\",\"position\":1,\"item\":{\"@type\":\"WebPage\",\"@id\":\"https:\/\/www.italianwinebrands.it\/de\/\",\"url\":\"https:\/\/www.italianwinebrands.it\/de\/\",\"name\":\"IWB\"}},{\"@type\":\"ListItem\",\"position\":2,\"item\":{\"@type\":\"WebPage\",\"@id\":\"https:\/\/www.italianwinebrands.it\/de\/gruppe\/\",\"url\":\"https:\/\/www.italianwinebrands.it\/de\/gruppe\/\",\"name\":\"Gruppe\"}},{\"@type\":\"ListItem\",\"position\":3,\"item\":{\"@id\":\"https:\/\/www.italianwinebrands.it\/de\/gruppe\/manifest\/#webpage\"}}]}]}<\/script>\n<!-- \/ Yoast SEO plugin. -->","_links":{"self":[{"href":"https:\/\/www.italianwinebrands.it\/de\/wp-json\/wp\/v2\/pages\/4294"}],"collection":[{"href":"https:\/\/www.italianwinebrands.it\/de\/wp-json\/wp\/v2\/pages"}],"about":[{"href":"https:\/\/www.italianwinebrands.it\/de\/wp-json\/wp\/v2\/types\/page"}],"author":[{"embeddable":true,"href":"https:\/\/www.italianwinebrands.it\/de\/wp-json\/wp\/v2\/users\/1"}],"replies":[{"embeddable":true,"href":"https:\/\/www.italianwinebrands.it\/de\/wp-json\/wp\/v2\/comments?post=4294"}],"version-history":[{"count":0,"href":"https:\/\/www.italianwinebrands.it\/de\/wp-json\/wp\/v2\/pages\/4294\/revisions"}],"up":[{"embeddable":true,"href":"https:\/\/www.italianwinebrands.it\/de\/wp-json\/wp\/v2\/pages\/4291"}],"wp:featuredmedia":[{"embeddable":true,"href":"https:\/\/www.italianwinebrands.it\/de\/wp-json\/wp\/v2\/media\/1142"}],"wp:attachment":[{"href":"https:\/\/www.italianwinebrands.it\/de\/wp-json\/wp\/v2\/media?parent=4294"}],"curies":[{"name":"wp","href":"https:\/\/api.w.org\/{rel}","templated":true}]}}