{"id":4293,"date":"2021-04-08T10:23:54","date_gmt":"2021-04-08T08:23:54","guid":{"rendered":"https:\/\/www.italianwinebrands.it\/group\/profilo\/"},"modified":"2026-02-24T17:25:54","modified_gmt":"2026-02-24T16:25:54","slug":"profil","status":"publish","type":"page","link":"https:\/\/www.italianwinebrands.it\/de\/gruppe\/profil\/","title":{"rendered":"Profil"},"content":{"rendered":"<div id=\"hookmove-imgsx\" class=\"setPosition\"><\/div>\n<div class=\"container mt-5 mb-md-5\">\n    <div id=\"sx-img-iwb-1776570955214\" class=\"row align-items-center block-sx-image-page-content\">\n        <style>\n        #sx-img-iwb-1776570955214 .mcenter {\n\t\t\tmargin-top:-30px;\n\t\t}\n        #sx-img-iwb-1776570955214 .immagine-pagina {\n            margin-left: -7%!important;\n            margin-right: 7%!important;\n\t\t\tposition:relative;\n\t\t\tmax-height: 670px; \/* NON MODIFICARE *\/\n        }\n        #sx-img-iwb-1776570955214 .testo-pagina {\n            padding:0px 80px 0px 0;\n        }\n\t\t@media (max-width: 768px) {\n\t\t\t#sx-img-iwb-1776570955214 .testo-pagina {\n\t\t\t\tpadding:0 50px 0px 50px;\n\t\t\t}\n\t\t}\n\n\t\t#sx-img-iwb-1776570955214 .setPosition {\n\t\t\tposition:absolute;\n\t\t}\n        #sx-img-iwb-1776570955214 .mleft {\n\t\t\tposition:relative;\n\t\t\toverflow:hidden;\n\t\t\tmax-width:calc(15% - 15px);\n\t\t\tfloat:left;\n\t\t\tz-index:2;\n\t\t\tmargin-right:15px;\n        }\n        #sx-img-iwb-1776570955214 .mleft img {\n\t\t\tobject-position: left;\n\t\t}\n        #sx-img-iwb-1776570955214 .mright {\n\t\t\tposition:relative;\n\t\t\toverflow:hidden;\n\t\t\tmax-width:calc(30% - 15px);\n\t\t\tfloat:left;\n\t\t\tz-index:2;\n\t\t\tmargin-left:15px;\n        }\n        #sx-img-iwb-1776570955214 .mright img {\n\t\t\tobject-position: right;\n\t\t}\n        #sx-img-iwb-1776570955214 .mcenter {\n\t\t\tposition:relative;\n\t\t\toverflow:hidden;\n\t\t\tmax-width:55%;\n\t\t\tfloat:left;\n\t\t\tz-index:1;\n        }\n        #sx-img-iwb-1776570955214 .mcenter img {\n\t\t\tobject-position: 35%;\n\t\t}\n        #sx-img-iwb-1776570955214 .mright img, #sx-img-iwb-1776570955214 .mleft img, #sx-img-iwb-1776570955214 .mcenter img {\n\t\t\theight:100%;\n\t\t\twidth:auto;\n\t\t\tobject-fit: cover;\n\t\t}\n\t\t@media (max-width:1399px) {\n\t\t\t#sx-img-iwb-1776570955214 .mright, #sx-img-iwb-1776570955214 .mleft, #sx-img-iwb-1776570955214 .mcenter {\n\t\t\t\theight:580px;\n\t\t\t}\n\t\t\t#sx-img-iwb-1776570955214 .mcenter img {\n\t\t\t\tobject-position: 35.5%;\n\t\t\t}\n\t\t}\n\t\t@media (max-width:1199px) {\n\t\t\t#sx-img-iwb-1776570955214 .mright, #sx-img-iwb-1776570955214 .mleft, #sx-img-iwb-1776570955214 .mcenter {\n\t\t\t\theight:500px;\n\t\t\t}\n\t\t\t#sx-img-iwb-1776570955214 .mcenter img {\n\t\t\t\tobject-position: 41%;\n\t\t\t}\n\t\t}\n\t\t@media (min-width:1400px) {\n\t\t\t#sx-img-iwb-1776570955214 .mcenter img {\n\t\t\t\tobject-position: 36.5%;\n\t\t\t}\n\t\t}\n\n\t\t@media (min-width: 1399px) {\n\t\t\t#sx-img-iwb-1776570955214 .testo-pagina {\n\t\t\t\tpadding:80px 80px 80px inherit;\n\t\t\t}\n\t\t}\n\t\t@media (min-width: 992px) and (max-width:1199px){\n\t\t\t#sx-img-iwb-1776570955214> .testo-pagina {\n\t\t\t\tpadding:80px 40px 80px inherit;\n\t\t\t}\n\t\t}\n\t\t@media (max-width:991px) {\n\t\t\t\/*\n\t\t\t#sx-img-iwb-1776570955214 .testo-pagina {\n\t\t\t\tpadding:50px;\n\t\t\t}*\/\n\t\t\t#sx-img-iwb-1776570955214 .testo-pagina {\n\t\t\t\tpadding:0 50px 50px;\n\t\t\t}\n\t\t}\n\t\t@media (max-width:474px) {\n\t\t\t\/*\n\t\t\t#sx-img-iwb-1776570955214 .testo-pagina {\n\t\t\t\tpadding:50px;\n\t\t\t}*\/\n\t\t\t#sx-img-iwb-1776570955214 .testo-pagina {\n\t\t\t\tpadding:0 35px 15px;\n\t\t\t}\n\t\t}\n        <\/style>\n        <div class=\"col-sm-12 col-md-12 col-lg-7 col-xl-7 immagine-pagina px-0 text-end d-none d-lg-block\">\n        \t<div id=\"imgsxleft\" class=\"mleft\"><img decoding=\"async\" class=\"img-sx\" src=\"https:\/\/www.italianwinebrands.it\/wp-content\/uploads\/2021\/05\/profilo-top-sx.jpg\" \/><\/div>\n        \t<div id=\"imgsxcenter\" class=\"mcenter\"><img decoding=\"async\" class=\"img-fluid\" src=\"https:\/\/www.italianwinebrands.it\/wp-content\/uploads\/2021\/05\/profilo-top-sx.jpg\" \/><\/div>\n        \t<div id=\"imgsxright\" class=\"mright\"><img decoding=\"async\" src=\"https:\/\/www.italianwinebrands.it\/wp-content\/uploads\/2021\/05\/profilo-top-sx.jpg\" \/><\/div>\n        <\/div>\n        <div class=\"col-sm-12 col-md-12 col-lg-5 col-xl-5 testo-pagina text-center text-lg-start\">\n            <h2 class=\"titoli-contenuti text-start \" data-aos=\"fade-out\">Wer wir sind<\/h2>\n            <p class=\"text-justify mb-3 mb-md-0\" data-aos=\"fade-out\">Wir sind eine der gr\u00f6\u00dften Gruppe im privaten italienischen Weinsektor,  die erste , die an der Mail\u00e4nder B\u00f6rse notiert ist. Wir produzieren Qualit\u00e4tsweine, w\u00e4hlen die edelsten Weinbaugebiete Italiens aus und vertreiben sie  weltweit  in den verschiedenen Vertriebskan\u00e4len:  <strong>online, Gro\u00dfvertrieb, Horeca<\/strong>. <br \/>\nMit unseren Eigenmarken erf\u00fcllen wir zeitnah jeden Bedarf unserer Kunden, Unternehmen oder Privatpersonen.<br \/>\n<\/p>\n                    <\/div>\n    <\/div>\n<\/div>\n<div class=\"clearfix clear mb-5\"><\/div>\n\n\n<div class=\"is-layout-flex wp-container-4 wp-block-columns container align-items-center mt-5 pt-5\">\n<div class=\"is-layout-flow wp-block-column full-col-mob hide-mob\" style=\"flex-basis:10%\"><\/div>\n\n\n\n<div class=\"is-layout-flow wp-block-column full-col-mob\" style=\"flex-basis:50%\">\n<figure class=\"wp-block-image size-full mappa-profilo-immagine\"><img decoding=\"async\" width=\"617\" height=\"701\" src=\"https:\/\/www.italianwinebrands.it\/wp-content\/uploads\/2026\/02\/mappa-profilo-2026.jpg\" alt=\"\" class=\"wp-image-8999\" srcset=\"https:\/\/www.italianwinebrands.it\/wp-content\/uploads\/2026\/02\/mappa-profilo-2026.jpg 617w, https:\/\/www.italianwinebrands.it\/wp-content\/uploads\/2026\/02\/mappa-profilo-2026-264x300.jpg 264w\" sizes=\"(max-width: 617px) 100vw, 617px\" \/><\/figure>\n\n\n\n<div class=\"mappa-brand mappa-profile\"><object id=\"animaMappa\" class=\"h-100\" width=\"100%\" type=\"text\/html\" data=\"https:\/\/www.italianwinebrands.it\/wp-content\/themes\/getwid-base\/blocks\/mappe\/profilo\/mappa.html?v=3\"><\/object><\/div>\n<style>\n.mappa-profile #animaMappa {height: 650px!important; width: 100%;}\n.mappa-profilo-immagine {display:none;}\n@media (max-width: 1200px) {\n  .mappa-profile #animaMappa {height: 550px!important;}\n}\n@media (max-width: 992px) {\n  .mappa-profile #animaMappa {height: 450px!important;}\n}\n<\/style>\n\n\n\n<p><\/p>\n<\/div>\n\n\n\n<div class=\"is-layout-flow wp-block-column text-center text-lg-start full-col-mob\" style=\"flex-basis:40%\">\n<h2 class=\"has-text-align-center text-center-void\">Wo wir sind<\/h2>\n\n\n\n<p>Milan &#8211; Konzernzentrale<br>Rovereto (TN) &#8211; Gro\u00dfhandelsabteilung<br>Bardolino (VR) &#8211; <meta charset=\"utf-8\">Weinkeller und Abf\u00fcllanlage<br>Torricella (TA) &#8211; <meta charset=\"utf-8\">Weinkeller und Abf\u00fcllanlage<br>Montebello Vicentino (VI) &#8211; <meta charset=\"utf-8\">Weinkeller und Abf\u00fcllanlage<br>Cetona (SI) &#8211; Weinkeller und Abf\u00fcllanlage<br>Zurich &#8211; Schweizer Hauptsitz<\/p>\n\n\n\n<p><\/p>\n\n\n\n<p><\/p>\n\n\n\n<p><\/p>\n<\/div>\n<\/div>\n\n\n<style>\n@media (max-width:991px) {\n\t#titolo-testo-iwb-1776570955223 h2.date-contenuti {\n\t\tfont-size:24px;\n\t}\n\t#titolo-testo-iwb-1776570955223 h2.date-contenuti::after {\n\t\tcontent:\"\";\n\t\tmax-width:20%;\n\t\theight:2px;\n\t\tbackground:#862f36;\n\t\tdisplay:block;\n\t\tmargin-top: calc(1rem - 2px );\n\t}\n}\n<\/style>\n<div class=\"clearfix clear mb-5\"><\/div><div class=\"container mt-5\">\n    <div id=\"titolo-testo-iwb-1776570955223\" class=\"row align-items-center\">\n        <div class=\"col-md-10 offset-md-1\" data-aos=\"fade-out\">\n            <h2 class=\"date-contenuti text-start text-md-center px-4 px-dm-0\">Hersteller, seit 120 Jahren                <div class=\"container border-bottom border-muted mb-5 mt-4 d-none d-md-block\"><\/div>\n            <\/h2>\n        <\/div>\n        <div class=\"col-md-10 offset-md-1\" data-aos=\"fade-out\">\n            <p class=\"text-justify fs20 px-4 px-dm-0\">In unseren Kellern stellen wir seit 1900 Weine her, wobei wir das Rohmaterial nach strengen Qualit\u00e4tsprotokollen, die durch die st\u00e4ndige Aufmerksamkeit unserer \u00d6nologen garantiert werden, von einem soliden Netzwerk von Lieferanten beziehen. Unsere Weine sind von der Bersten italienischen Weintradition inspiriert, von S\u00fcdtirol bis Sizilien. Zu unseren besten Sorten geh\u00f6ren die bedeutendsten italienischen Weine: Barolo, Amarone, Prosecco, Primitivo di Manduria. Das historische Weingut befindet sich in der Region Langhe im Piemont, im Herzen des Barolo, wo sich die Einrichtungen f\u00fcr die Vinifikation, Reifung und Abf\u00fcllung befinden. Ein zweites Weingut befindet sich an einem strategisch g\u00fcnstigen Standort in Apulien, in Torricella, dem Land des Primitivo di Manduria, mit einem Vinifizierungs- und Reifungszentrum. Zwei weitere Weing\u00fcter, von denen sich eines auf Schaumweine, insbesondere Prosecco spezialisiert hat, befinden sich in Venetien. Unsere Erfahrung und Produktionskapazit\u00e4t decken alle Bed\u00fcrfnisse des modernen Marktes ab.<\/p>\n        <\/div>\n    <\/div>\n<\/div>\n\n\n<style>\n#chi-siamo-iwb-rombi-prod1776570955224 p {\n\tfont-size: 25px;\n\tline-height: normal;\n}\n#chi-siamo-iwb-rombi-prod1776570955224 {\n\tright: 0;\n\tleft: 0;\n\tposition: relative;\n\tpadding: 85px 0 0 0;\n\twidth: 100%;\n\tmargin: auto 0 !important;\n\tclear:right;\n\tmin-height:650px;\n\tbackground-image:url('https:\/\/www.italianwinebrands.it\/wp-content\/themes\/getwid-base\/img\/manifesto\/bg-manifesto.png');\n\tbackground-repeat:no-repeat;\n\tbackground-size:auto;\n\tbackground-position: top center;\n}\n#chi-siamo-iwb-rombi-prod1776570955224 h2.titolo-iwb-chi-siamo {\n\tfont-size: 100px;\n\tcolor: #000;\n\tmargin-bottom: 0;\n}\n#chi-siamo-iwb-rombi-prod1776570955224 .titolo-produttori {\n\tfont-size: 24px;\n\tmargin-bottom: 0;\n\tline-height:normal!important;\n}\n#chi-siamo-iwb-rombi-prod1776570955224 .hrombi {\n\tmin-height:170px;\n}\n@media (max-width:991px) {\n\t#chi-siamo-iwb-rombi-prod1776570955224 .mobile {\n\t\tbackground:#862f36;\n\t}\n\t#chi-siamo-iwb-rombi-prod1776570955224 {\n\t\tbackground-position: center -70px;\n\t}\n}\n@media (max-width:1199px) {\n\t#chi-siamo-iwb-rombi-prod1776570955224 {\n\t\tbackground-position: center -40px;\n\t}\n}\n@media (max-width:767px) {\n\t#chi-siamo-iwb-rombi-prod1776570955224 .titolo-produttori {\n\t\tfont-size: 20px;\n\t\tmargin-bottom: 0;\n\t\tline-height:normal!important;\n\t}\n\t#chi-siamo-iwb-rombi-prod1776570955224 {\n\t\tbackground-position: center -70px;\n\t}\n\t#chi-siamo-iwb-rombi-prod1776570955224 p {\n\t\tfont-size: 18px;\n\t\tline-height: 18px;\n\t}\n}\n<\/style>\n<div class=\"container px-0 d-none d-lg-flex\">\n    <div id=\"chi-siamo-iwb-rombi-prod1776570955224\" class=\"row align-items-center\">\n        <div class=\"col-12 col-sm-12 col-md-4 text-center px-lg-5 px-sm-3 mb-sm-5\">\n\t\t\t<div class=\"cosa\">\n\t\t\t\t                    <img decoding=\"async\" data-aos=\"flip-left\" id=\"icona\" src=\"https:\/\/www.italianwinebrands.it\/wp-content\/uploads\/2021\/06\/ico_bottcar.png\">\n                                <strong class=\"text-uppercase mt-3 titolo-produttori d-block\" data-aos=\"fade-out\">1 million<\/strong>\n                <p class=\"text-center\" data-aos=\"fade-out\">Sendungen an Privatpersonen <br \/>jedes Jahr<\/p>\n            <\/div>\n        <\/div>\n        <div class=\"col-12 col-sm-12 col-md-4 text-center px-lg-5 px-sm-3 mb-sm-5\">\n\t\t\t<div class=\"bottiglie mb-5\">\n\t\t\t\t                    <img decoding=\"async\" data-aos=\"flip-left\" id=\"icona\" src=\"https:\/\/www.italianwinebrands.it\/wp-content\/uploads\/2023\/01\/ico_180milioni_DE.png\">\n                                <strong class=\"text-uppercase titolo-produttori d-block\" data-aos=\"fade-out\">Flaschen in einem jahr <br>hergestellt<\/strong>\n                <p class=\"text-center\" data-aos=\"fade-out\"><\/p>\n            <\/div>\n\t\t\t<div class=\"clienti d-none d-md-block\">\n\t\t\t\t                    <img decoding=\"async\" data-aos=\"flip-left\" id=\"icona\" src=\"https:\/\/www.italianwinebrands.it\/wp-content\/uploads\/2021\/06\/ico_bicchiere.png\">\n                                <strong class=\"text-uppercase mt-3 titolo-produttori d-block\" data-aos=\"fade-out\">2 millionen<\/strong>\n                <p class=\"text-center\" data-aos=\"fade-out\">zufriedene Privatkunden<\/p>\n            <\/div>\n        <\/div>\n        <div class=\"col-12 col-sm-12 col-md-4 text-center px-lg-5 px-sm-3 mb-sm-5\">\n\t\t\t<div class=\"marchi\">\n\t\t\t\t                    <img decoding=\"async\" data-aos=\"flip-left\" id=\"icona\" src=\"https:\/\/www.italianwinebrands.it\/wp-content\/uploads\/2021\/06\/ico_uva_grap.png\">\n                                <strong class=\"text-uppercase mt-3 titolo-produttori d-block\" data-aos=\"fade-out\">\u00dcber 50<\/strong>\n                <p class=\"text-center\" data-aos=\"fade-out\">Eigenmarken<\/p>\n            <\/div>\n        <\/div>\n    <\/div>\n<\/div>\n<div class=\"container px-0 d-lg-none\">\n    <div id=\"chi-siamo-iwb-rombi-prod1776570955224\" class=\"row align-items-start\">\n        <div class=\"bottiglie mb-5 text-center\">\n            \t\t\t\t<img decoding=\"async\" data-aos=\"flip-left\" id=\"icona\" src=\"https:\/\/www.italianwinebrands.it\/wp-content\/uploads\/2023\/01\/ico_180milioni_DE.png\">\n\t\t\t            <strong class=\"text-uppercase titolo-produttori d-block\" data-aos=\"fade-in\">Flaschen in einem jahr <br>hergestellt<\/strong>\n            <p class=\"text-center pmobile-profile\" data-aos=\"fade-in\"><\/p>\n        <\/div>\n        <div class=\"col-6 cosa text-center\">\n            \t\t\t\t<img decoding=\"async\" data-aos=\"flip-left\" id=\"icona\" src=\"https:\/\/www.italianwinebrands.it\/wp-content\/uploads\/2021\/06\/ico_bottcar.png\">\n\t\t\t            <strong class=\"text-uppercase mt-3 titolo-produttori d-block\" data-aos=\"fade-in\">1 million<\/strong>\n            <p class=\"text-center pmobile-profile\" data-aos=\"fade-in\">Sendungen an Privatpersonen <br \/>jedes Jahr<\/p>\n        <\/div>\n        <div class=\"marchi col-6 text-center\">\n            \t\t\t\t<img decoding=\"async\" data-aos=\"flip-left\" id=\"icona\" src=\"https:\/\/www.italianwinebrands.it\/wp-content\/uploads\/2021\/06\/ico_uva_grap.png\">\n\t\t\t            <strong class=\"text-uppercase mt-3 titolo-produttori d-block\" data-aos=\"fade-in\">\u00dcber 50<\/strong>\n            <p class=\"text-center pmobile-profile\" data-aos=\"fade-in\">Eigenmarken<\/p>\n        <\/div>\n        <div class=\"clienti mobile py-3 mt-5\">\n        \t<div class=\"d-flex justify-content-center\">\n            <div class=\"float-start me-3\">\n\t\t\t\t                    <img decoding=\"async\" data-aos=\"fade-right\" id=\"icona\" src=\"https:\/\/www.italianwinebrands.it\/wp-content\/uploads\/2021\/06\/bicchiere-mobile.png\">\n                            <\/div>\n            <div class=\"float-start\">\n                <h2 class=\"text-start text-uppercase mt-3 titolo-produttori text-white\" data-aos=\"fade-left\">2 millionen<\/h2>\n                <p class=\"text-start text-white\" data-aos=\"fade-left\">zufriedene Privatkunden<\/p>\n            <\/div>\n            <\/div>\n        <\/div>\n    <\/div>\n<\/div>\n\n\n<style>\n#chi-siamo-iwb-mappa1776570955229 .bgmappa {\n\tright: 0;\n\tleft: 0;\n\tposition: relative;\n\tpadding: 0;\n\twidth: 100%;\n\tmargin: auto 0 !important;\n\tclear:right;\n\tmin-height:520px;\n\tbackground-image:url('https:\/\/www.italianwinebrands.it\/wp-content\/themes\/getwid-base\/img\/mappa-export.png');\n\tbackground-repeat:no-repeat;\n\tbackground-size: auto;\n\tbackground-position: center center;\n\tz-index:1;\n}\n#chi-siamo-iwb-mappa1776570955229 .fs140 {\n\tfont-size:50px;\n\tline-height: normal;\n\tcolor:#872e34;\n}\n#chi-siamo-iwb-mappa1776570955229 .fs44 {\n\tfont-size:30px;\n\tline-height: normal;\n\tcolor:#872e34;\n}\n#chi-siamo-iwb-mappa1776570955229 .minheight {\n\tdisplay:block;\n}\n@media (max-width: 767px) {\n}\n@media (max-width: 991px) {\n\t#chi-siamo-iwb-mappa1776570955229 .bgmappa {\n\t\tmargin: 20px 0 !important;\n\t\tmin-height:380px;\n\t\tbackground-size: contain;\n\t}\n}\n@media (max-width: 767px) {\n\t#chi-siamo-iwb-mappa1776570955229 .bgmappa {\n\t\tmin-height:280px;\n\t}\n}\n@media (max-width: 574px) {\n\t#chi-siamo-iwb-mappa1776570955229 .bgmappa {\n\t\tmin-height:220px;\n\t}\n}\n<\/style>\n<div class=\"clearfix clear\"><\/div>\n<section id=\"chi-siamo-iwb-mappa1776570955229\">\n\t<div class=\"container\">\n    \t<div class=\"text-center d-none d-md-block\" data-aos=\"fade-out\"><img decoding=\"async\" src=\"https:\/\/www.italianwinebrands.it\/wp-content\/themes\/getwid-base\/img\/ombra-top.png\" \/><\/div>\n        <div class=\"row text-center align-items-center bgmappa\" data-aos=\"fade-out\">\n            <div class=\"d-none d-md-block col-12 col-sm-12 col-md-4 minheight px-3 px-sm-0 align-items-center mb-5\">\n                <h2 class=\"fs140 m-0 p-0\" data-aos=\"fade-out\">80%<\/h2>\n                <h3 class=\"fs44 m-0 p-0\" data-aos=\"fade-out\">Exportanteil<\/h3>\n            <\/div>\n        <\/div>\n        <div class=\"d-md-none col-12 col-sm-12 col-md-4 minheight px-3 px-sm-0 align-items-center mb-5 text-center\" data-aos=\"fade-out\">\n            <h2 class=\"fs140 m-0 p-0 pcolor\" data-aos=\"fade-out\">80%<\/h2>\n            <h3 class=\"fs44 m-0 p-0 pcolor\" data-aos=\"fade-out\">Exportanteil<\/h3>\n        <\/div>\n    \t<div class=\"text-center d-none d-md-block\" data-aos=\"fade-out\"><img decoding=\"async\" src=\"https:\/\/www.italianwinebrands.it\/wp-content\/themes\/getwid-base\/img\/ombra-bottom.png\" \/><\/div>\n    <\/div>\n<\/section>\n\n\n\n<p><\/p>\n","protected":false},"excerpt":{"rendered":"<p>Wo wir sind Milan &#8211; KonzernzentraleRovereto (TN) &#8211; Gro\u00dfhandelsabteilungBardolino (VR) &#8211; Weinkeller und Abf\u00fcllanlageTorricella (TA) &#8211; Weinkeller und Abf\u00fcllanlageMontebello Vicentino (VI) &#8211; Weinkeller und Abf\u00fcllanlageCetona (SI) &#8211; Weinkeller und Abf\u00fcllanlageZurich &#8211; Schweizer Hauptsitz<\/p>\n","protected":false},"author":1,"featured_media":1105,"parent":4291,"menu_order":1,"comment_status":"closed","ping_status":"closed","template":"template-group-profile.php","meta":{"kt_blocks_editor_width":""},"yoast_head":"<!-- This site is optimized with the Yoast SEO plugin v16.4 - https:\/\/yoast.com\/wordpress\/plugins\/seo\/ -->\n<title>Profil - Italian Wine Brands<\/title>\n<meta name=\"description\" content=\"Wo wir sind Milan - KonzernzentraleRovereto (TN) - Gro\u00dfhandelsabteilungBardolino (VR) - Weinkeller und Abf\u00fcllanlageTorricella (TA) - Weinkeller und\" \/>\n<meta name=\"robots\" content=\"index, follow, max-snippet:-1, max-image-preview:large, max-video-preview:-1\" \/>\n<link rel=\"canonical\" href=\"https:\/\/www.italianwinebrands.it\/de\/gruppe\/profil\/\" \/>\n<meta property=\"og:locale\" content=\"de_DE\" \/>\n<meta property=\"og:type\" content=\"article\" \/>\n<meta property=\"og:title\" content=\"Profil - Italian Wine Brands\" \/>\n<meta property=\"og:description\" content=\"Wo wir sind Milan - KonzernzentraleRovereto (TN) - Gro\u00dfhandelsabteilungBardolino (VR) - Weinkeller und Abf\u00fcllanlageTorricella (TA) - Weinkeller und\" \/>\n<meta property=\"og:url\" content=\"https:\/\/www.italianwinebrands.it\/de\/gruppe\/profil\/\" \/>\n<meta property=\"og:site_name\" content=\"Italian Wine Brands\" \/>\n<meta property=\"article:modified_time\" content=\"2026-02-24T16:25:54+00:00\" \/>\n<meta property=\"og:image\" content=\"https:\/\/www.italianwinebrands.it\/wp-content\/uploads\/2021\/04\/profile-page-1.jpg\" \/>\n\t<meta property=\"og:image:width\" content=\"1462\" \/>\n\t<meta property=\"og:image:height\" content=\"500\" \/>\n<meta name=\"twitter:card\" content=\"summary_large_image\" \/>\n<meta name=\"twitter:label1\" content=\"Gesch\u00e4tzte Lesezeit\" \/>\n\t<meta name=\"twitter:data1\" content=\"1 Minute\" \/>\n<script type=\"application\/ld+json\" class=\"yoast-schema-graph\">{\"@context\":\"https:\/\/schema.org\",\"@graph\":[{\"@type\":\"WebSite\",\"@id\":\"https:\/\/www.italianwinebrands.it\/de\/#website\",\"url\":\"https:\/\/www.italianwinebrands.it\/de\/\",\"name\":\"Italian Wine Brands\",\"description\":\"\",\"potentialAction\":[{\"@type\":\"SearchAction\",\"target\":\"https:\/\/www.italianwinebrands.it\/de\/?s={search_term_string}\",\"query-input\":\"required name=search_term_string\"}],\"inLanguage\":\"de-DE\"},{\"@type\":\"ImageObject\",\"@id\":\"https:\/\/www.italianwinebrands.it\/de\/gruppe\/profil\/#primaryimage\",\"inLanguage\":\"de-DE\",\"url\":\"https:\/\/www.italianwinebrands.it\/wp-content\/uploads\/2021\/04\/profile-page-1.jpg\",\"contentUrl\":\"https:\/\/www.italianwinebrands.it\/wp-content\/uploads\/2021\/04\/profile-page-1.jpg\",\"width\":1462,\"height\":500},{\"@type\":\"WebPage\",\"@id\":\"https:\/\/www.italianwinebrands.it\/de\/gruppe\/profil\/#webpage\",\"url\":\"https:\/\/www.italianwinebrands.it\/de\/gruppe\/profil\/\",\"name\":\"Profil - Italian Wine Brands\",\"isPartOf\":{\"@id\":\"https:\/\/www.italianwinebrands.it\/de\/#website\"},\"primaryImageOfPage\":{\"@id\":\"https:\/\/www.italianwinebrands.it\/de\/gruppe\/profil\/#primaryimage\"},\"datePublished\":\"2021-04-08T08:23:54+00:00\",\"dateModified\":\"2026-02-24T16:25:54+00:00\",\"description\":\"Wo wir sind Milan - KonzernzentraleRovereto (TN) - Gro\\u00dfhandelsabteilungBardolino (VR) - Weinkeller und Abf\\u00fcllanlageTorricella (TA) - Weinkeller und\",\"breadcrumb\":{\"@id\":\"https:\/\/www.italianwinebrands.it\/de\/gruppe\/profil\/#breadcrumb\"},\"inLanguage\":\"de-DE\",\"potentialAction\":[{\"@type\":\"ReadAction\",\"target\":[\"https:\/\/www.italianwinebrands.it\/de\/gruppe\/profil\/\"]}]},{\"@type\":\"BreadcrumbList\",\"@id\":\"https:\/\/www.italianwinebrands.it\/de\/gruppe\/profil\/#breadcrumb\",\"itemListElement\":[{\"@type\":\"ListItem\",\"position\":1,\"item\":{\"@type\":\"WebPage\",\"@id\":\"https:\/\/www.italianwinebrands.it\/de\/\",\"url\":\"https:\/\/www.italianwinebrands.it\/de\/\",\"name\":\"IWB\"}},{\"@type\":\"ListItem\",\"position\":2,\"item\":{\"@type\":\"WebPage\",\"@id\":\"https:\/\/www.italianwinebrands.it\/de\/gruppe\/\",\"url\":\"https:\/\/www.italianwinebrands.it\/de\/gruppe\/\",\"name\":\"Gruppe\"}},{\"@type\":\"ListItem\",\"position\":3,\"item\":{\"@id\":\"https:\/\/www.italianwinebrands.it\/de\/gruppe\/profil\/#webpage\"}}]}]}<\/script>\n<!-- \/ Yoast SEO plugin. -->","_links":{"self":[{"href":"https:\/\/www.italianwinebrands.it\/de\/wp-json\/wp\/v2\/pages\/4293"}],"collection":[{"href":"https:\/\/www.italianwinebrands.it\/de\/wp-json\/wp\/v2\/pages"}],"about":[{"href":"https:\/\/www.italianwinebrands.it\/de\/wp-json\/wp\/v2\/types\/page"}],"author":[{"embeddable":true,"href":"https:\/\/www.italianwinebrands.it\/de\/wp-json\/wp\/v2\/users\/1"}],"replies":[{"embeddable":true,"href":"https:\/\/www.italianwinebrands.it\/de\/wp-json\/wp\/v2\/comments?post=4293"}],"version-history":[{"count":5,"href":"https:\/\/www.italianwinebrands.it\/de\/wp-json\/wp\/v2\/pages\/4293\/revisions"}],"predecessor-version":[{"id":9006,"href":"https:\/\/www.italianwinebrands.it\/de\/wp-json\/wp\/v2\/pages\/4293\/revisions\/9006"}],"up":[{"embeddable":true,"href":"https:\/\/www.italianwinebrands.it\/de\/wp-json\/wp\/v2\/pages\/4291"}],"wp:featuredmedia":[{"embeddable":true,"href":"https:\/\/www.italianwinebrands.it\/de\/wp-json\/wp\/v2\/media\/1105"}],"wp:attachment":[{"href":"https:\/\/www.italianwinebrands.it\/de\/wp-json\/wp\/v2\/media?parent=4293"}],"curies":[{"name":"wp","href":"https:\/\/api.w.org\/{rel}","templated":true}]}}