{"id":2871,"date":"2021-04-08T10:26:39","date_gmt":"2021-04-08T08:26:39","guid":{"rendered":"https:\/\/www.italianwinebrands.it\/investor\/corporate-governance\/"},"modified":"2026-03-05T11:39:12","modified_gmt":"2026-03-05T10:39:12","slug":"corporate-governance","status":"publish","type":"page","link":"https:\/\/www.italianwinebrands.it\/de\/investoren\/corporate-governance\/","title":{"rendered":"Corporate governance"},"content":{"rendered":"\n<h4 class=\"mt-5 mb-4\"><strong>Gesellschafts- und Aktienkapital<\/strong><\/h4>\n\n\n\n<p>Das Gesellschaftskapital von Italian Wine Brands S.p.A. bel\u00e4uft sich auf Euro 1.124.468,80, verteilt in Nr. 9.459.983 im Umlauf befindliche Stammaktien ohne Angabe des Nennwerts.<\/p>\n\n\n\n<p>Die Stammaktien von Italian Wine Brands S.p.A. sind zum Handel am Euronext Growth Milan.<\/p>\n\n\n\n<figure class=\"wp-block-table fs20\"><table class=\"has-fixed-layout\"><tbody><tr><td>UNMITTELBARER AKTION\u00c4R<\/td><td>PROZENTSATZ AUF DAS GESELLSCHAFTSKAPITAL MIT STIMMRECHT<br><sub>(STAMMAKTIEN AKTIEN)<\/sub><\/td><\/tr><tr><td>Gruppo Pizzolo S.r.l.<\/td><td>14,8%<\/td><\/tr><tr><td>Provinco S.r.l.<\/td><td>8,1%<\/td><\/tr><\/tbody><\/table><\/figure>\n\n\n\n<p>Auf der Grundlage der vorliegenden Informationen gehen, au\u00dfer den oben genannten Aktion\u00e4ren, keine weiteren Aktion\u00e4re mit einer Beteiligung von \u00fcber 5% am Gesellschaftskapital mit Stimmrecht hervor.<\/p>\n\n\n<style id=\"kt-blocks_4501da-a7\">.kt-accordion-id_4501da-a7 .kt-accordion-panel-inner {background:#ffffff;padding-top:0px;padding-right:0px;padding-bottom:0px;padding-left:0px;border-width:0px 0px 0px 0px;}.kt-accordion-id_4501da-a7 .wp-block-kadence-pane .kt-accordion-header-wrap .kt-blocks-accordion-header {color:#2c3847;background:#ffffff;border-color:#ffffff #ffffff #ffffff #ffffff;font-size:18px;line-height:24px;text-transform:uppercase;font-style:normal;font-weight:inherit;border-radius:0px 0px 0px 0px;border-width:0px 0px 3px 0px;padding-top:14px;padding-right:0px;padding-bottom:15px;padding-left:0px;margin-top:1px;}.kt-accordion-id_4501da-a7 .kt-blocks-accordion-header .kt-btn-svg-icon svg {width:18px;height:18px;}.kt-accordion-id_4501da-a7:not( .kt-accodion-icon-style-basiccircle ):not( .kt-accodion-icon-style-xclosecircle ):not( .kt-accodion-icon-style-arrowcircle ) .kt-blocks-accordion-icon-trigger:after, .kt-accordion-id_4501da-a7:not( .kt-accodion-icon-style-basiccircle ):not( .kt-accodion-icon-style-xclosecircle ):not( .kt-accodion-icon-style-arrowcircle ) .kt-blocks-accordion-icon-trigger:before {background:#2c3847;}.kt-accordion-id_4501da-a7:not( .kt-accodion-icon-style-basic ):not( .kt-accodion-icon-style-xclose ):not( .kt-accodion-icon-style-arrow ) .kt-blocks-accordion-icon-trigger {background:#2c3847;}.kt-accordion-id_4501da-a7:not( .kt-accodion-icon-style-basic ):not( .kt-accodion-icon-style-xclose ):not( .kt-accodion-icon-style-arrow ) .kt-blocks-accordion-icon-trigger:after, .kt-accordion-id_4501da-a7:not( .kt-accodion-icon-style-basic ):not( .kt-accodion-icon-style-xclose ):not( .kt-accodion-icon-style-arrow ) .kt-blocks-accordion-icon-trigger:before {background:#ffffff;}.kt-accordion-id_4501da-a7 .kt-accordion-header-wrap .kt-blocks-accordion-header:hover, .kt-accordion-id_4501da-a7 .kt-accordion-header-wrap .kt-blocks-accordion-header:focus {color:#444444;background:#ffffff;border-color:#ffffff #eeeeee #eeeeee #ffffff;}.kt-accordion-id_4501da-a7:not( .kt-accodion-icon-style-basiccircle ):not( .kt-accodion-icon-style-xclosecircle ):not( .kt-accodion-icon-style-arrowcircle ) .kt-blocks-accordion-header:hover .kt-blocks-accordion-icon-trigger:after, .kt-accordion-id_4501da-a7:not( .kt-accodion-icon-style-basiccircle ):not( .kt-accodion-icon-style-xclosecircle ):not( .kt-accodion-icon-style-arrowcircle ) .kt-blocks-accordion-header:hover .kt-blocks-accordion-icon-trigger:before, .kt-accordion-id_4501da-a7:not( .kt-accodion-icon-style-basiccircle ):not( .kt-accodion-icon-style-xclosecircle ):not( .kt-accodion-icon-style-arrowcircle ) .kt-blocks-accordion-header:focus .kt-blocks-accordion-icon-trigger:after, .kt-accordion-id_4501da-a7:not( .kt-accodion-icon-style-basiccircle ):not( .kt-accodion-icon-style-xclosecircle ):not( .kt-accodion-icon-style-arrowcircle ) .kt-blocks-accordion-header:focus .kt-blocks-accordion-icon-trigger:before {background:#444444;}.kt-accordion-id_4501da-a7:not( .kt-accodion-icon-style-basic ):not( .kt-accodion-icon-style-xclose ):not( .kt-accodion-icon-style-arrow ) .kt-blocks-accordion-header:hover .kt-blocks-accordion-icon-trigger, .kt-accordion-id_4501da-a7:not( .kt-accodion-icon-style-basic ):not( .kt-accodion-icon-style-xclose ):not( .kt-accodion-icon-style-arrow ) .kt-blocks-accordion-header:focus .kt-blocks-accordion-icon-trigger {background:#444444;}.kt-accordion-id_4501da-a7:not( .kt-accodion-icon-style-basic ):not( .kt-accodion-icon-style-xclose ):not( .kt-accodion-icon-style-arrow ) .kt-blocks-accordion-header:hover .kt-blocks-accordion-icon-trigger:after, .kt-accordion-id_4501da-a7:not( .kt-accodion-icon-style-basic ):not( .kt-accodion-icon-style-xclose ):not( .kt-accodion-icon-style-arrow ) .kt-blocks-accordion-header:hover .kt-blocks-accordion-icon-trigger:before, .kt-accordion-id_4501da-a7:not( .kt-accodion-icon-style-basic ):not( .kt-accodion-icon-style-xclose ):not( .kt-accodion-icon-style-arrow ) .kt-blocks-accordion-header:focus .kt-blocks-accordion-icon-trigger:after, .kt-accordion-id_4501da-a7:not( .kt-accodion-icon-style-basic ):not( .kt-accodion-icon-style-xclose ):not( .kt-accodion-icon-style-arrow ) .kt-blocks-accordion-header:focus .kt-blocks-accordion-icon-trigger:before {background:#ffffff;}.kt-accordion-id_4501da-a7 .kt-accordion-header-wrap .kt-blocks-accordion-header.kt-accordion-panel-active {color:#444444;background:#ffffff;border-color:#ffffff #ffffff #ffffff #eeeeee;}.kt-accordion-id_4501da-a7:not( .kt-accodion-icon-style-basiccircle ):not( .kt-accodion-icon-style-xclosecircle ):not( .kt-accodion-icon-style-arrowcircle ) .kt-blocks-accordion-header.kt-accordion-panel-active .kt-blocks-accordion-icon-trigger:after, .kt-accordion-id_4501da-a7:not( .kt-accodion-icon-style-basiccircle ):not( .kt-accodion-icon-style-xclosecircle ):not( .kt-accodion-icon-style-arrowcircle ) .kt-blocks-accordion-header.kt-accordion-panel-active .kt-blocks-accordion-icon-trigger:before {background:#444444;}.kt-accordion-id_4501da-a7:not( .kt-accodion-icon-style-basic ):not( .kt-accodion-icon-style-xclose ):not( .kt-accodion-icon-style-arrow ) .kt-blocks-accordion-header.kt-accordion-panel-active .kt-blocks-accordion-icon-trigger {background:#444444;}.kt-accordion-id_4501da-a7:not( .kt-accodion-icon-style-basic ):not( .kt-accodion-icon-style-xclose ):not( .kt-accodion-icon-style-arrow ) .kt-blocks-accordion-header.kt-accordion-panel-active .kt-blocks-accordion-icon-trigger:after, .kt-accordion-id_4501da-a7:not( .kt-accodion-icon-style-basic ):not( .kt-accodion-icon-style-xclose ):not( .kt-accodion-icon-style-arrow ) .kt-blocks-accordion-header.kt-accordion-panel-active .kt-blocks-accordion-icon-trigger:before {background:#ffffff;}<\/style>\n<div class=\"wp-block-kadence-accordion alignnone obblighi-informativi\"><div class=\"kt-accordion-wrap kt-accordion-wrap kt-accordion-id_4501da-a7 kt-accordion-has-4-panes kt-active-pane-0 kt-accordion-block kt-pane-header-alignment-left kt-accodion-icon-style-arrow kt-accodion-icon-side-right\" style=\"max-width:none\"><div class=\"kt-accordion-inner-wrap\" data-allow-multiple-open=\"false\" data-start-open=\"none\">\n<div class=\"wp-block-kadence-pane kt-accordion-pane kt-accordion-pane-3 kt-pane_1c94b3-ff\"><h2 class=\"kt-accordion-header-wrap\"><button class=\"kt-blocks-accordion-header kt-acccordion-button-label-show\"><span class=\"kt-blocks-accordion-title-wrap\"><span class=\"kt-blocks-accordion-title\"><strong>Informationspflichten Gro\u00dfe Aktion\u00e4re<\/strong><\/span><\/span><span class=\"kt-blocks-accordion-icon-trigger\"><\/span><\/button><\/h2><div class=\"kt-accordion-panel\"><div class=\"kt-accordion-panel-inner\">\n<p>Nach Ma\u00dfgabe der Satzung sowie der Regelung Emittenten AIM Italia\/Alternativer Kapitalmarkt ist jeder, der Finanzinstrumente von Italian Wine Brands S.p.A. , die zum Handel auf dem AIM Italia\/Alternativer Kapitalmarkt zugelassen sind, mindestens in H\u00f6he des gem\u00e4\u00df derselben Regelung festgelegten Schwellenwerts h\u00e4lt, dazu verpflichtet, den Verwaltungsrat durch Einschreiben mit Empfangsbest\u00e4tigung, im Voraus per Telefax an die Nummer +39.02.7214231. umgehend zu unterrichten.<br>Insbesondere besteht die Pflicht dieser Mitteilung bei Erreichen oder \u00dcberschreiten der Schwellenwerte von 5%, 10%, 15%, 20%, 25%, 30%, 50%, 66,6% und 90% des Gesellschaftskapitals mit Stimmrecht der Ges. Italian Wine Brands S.p.A. sowie bei K\u00fcrzungen unterhalb der vorgenannten Schwellen (die \u201cerhebliche Beteiligung\u201d).<br>Das Erreichen oder \u00dcberschreiten der erheblichen Beteiligung begr\u00fcndet eine \u201dWesentliche \u00c4nderung\u201d, die den Aktion\u00e4ren der Ges. Italian Wine Brands S.p.A. mitzuteilen ist, innerhalb von 5 Handelstagen ab dem Datum der Errichtung der Urkunde oder des Ereignisses, welches das Entstehen der Verpflichtung begr\u00fcndet hat, unabh\u00e4ngig vom Vollzugsdatum, nach den Fristen und Modalit\u00e4ten, so wie sie von der Transparenzrichtlinie vorgesehen sind.<br>Die Mitteilung der \u201dWesentlichen \u00c4nderung\u201d muss den Aktion\u00e4r identifizieren sowie die Art und die H\u00f6he der Beteiligung, das Datum, an dem der Aktion\u00e4r die Kapitalbeteiligung, die eine \u201cWesentliche \u00c4nderung begr\u00fcndet, erworben oder abgetreten hat oder das Datum, an dem die eigene Kapitalbeteiligung eine Erh\u00f6hung oder Herabsetzung im Vergleich zu den von der Regelung festgesetzten Schwellen erlitten hat, enthalten.<br>Zu diesem Zweck werden die Aktion\u00e4re aufgefordert, die Formulare f\u00fcr Mitteilungen und die entsprechenden Anweisungen laut Anlage 4 (Eigentumsverh\u00e4ltnisse) der von Consob mit Beschluss Nr. 11971 vom 1999 erlassenen Regelung zu verwenden, mit der n\u00e4heren Angabe, dass die hier enthaltenen Hinweise auf die reglementierten M\u00e4rkte bzw. auf die b\u00f6rsennotierten Gesellschaften als Hinweise auf die multilateralen Handelssysteme zu verstehen sind.<\/p>\n<\/div><\/div><\/div>\n<\/div><\/div><\/div>\n\n\n\n<p class=\"pt-4\"><a href=\"http:\/\/www.consob.it\/main\/emittenti\/societa_quotate\/11971.html?queryid=reg11971&amp;search=1&amp;resultmethod=tuf&amp;symblink=\/main\/emittenti\/societa_quotate\/regemit.html\" target=\"_blank\" rel=\"noreferrer noopener\"><span class=\"has-inline-color has-black-color\">Siehe Regelung Consob Nr. 11971\/1999 &gt;<\/span><\/a><\/p>\n\n\n\n<p class=\"mt-3\">NoWir weisen darauf hin, dass nach Artikel 8 der Satzung die mangelnde Mitteilung einer \u201cWesentlichen \u00c4nderung\u201d an den Verwaltungsrat die Aussetzung des Stimmrechts bez\u00fcglich der Aktien oder Finanzinstrumente, f\u00fcr die die Mitteilung unterlassen wurde, mit sich bringt.<\/p>\n","protected":false},"excerpt":{"rendered":"<p>Gesellschafts- und Aktienkapital Das Gesellschaftskapital von Italian Wine Brands S.p.A. bel\u00e4uft sich auf Euro 1.124.468,80, verteilt in Nr. 9.459.983 im Umlauf befindliche Stammaktien ohne Angabe des Nennwerts. Die Stammaktien von Italian Wine Brands S.p.A. sind zum Handel am Euronext Growth Milan. UNMITTELBARER AKTION\u00c4R PROZENTSATZ AUF DAS GESELLSCHAFTSKAPITAL MIT STIMMRECHT(STAMMAKTIEN AKTIEN) [&hellip;]<\/p>\n","protected":false},"author":1,"featured_media":1836,"parent":2729,"menu_order":1,"comment_status":"closed","ping_status":"closed","template":"template-corporate.php","meta":{"kt_blocks_editor_width":""},"yoast_head":"<!-- This site is optimized with the Yoast SEO plugin v16.4 - https:\/\/yoast.com\/wordpress\/plugins\/seo\/ -->\n<title>Corporate governance - Italian Wine Brands<\/title>\n<meta name=\"description\" content=\"Gesellschafts- und Aktienkapital Das Gesellschaftskapital von Italian Wine Brands S.p.A. bel\u00e4uft sich auf Euro 1.124.468,80, verteilt in Nr. 9.459.983 im\" \/>\n<meta name=\"robots\" content=\"index, follow, max-snippet:-1, max-image-preview:large, max-video-preview:-1\" \/>\n<link rel=\"canonical\" href=\"https:\/\/www.italianwinebrands.it\/de\/investoren\/corporate-governance\/\" \/>\n<meta property=\"og:locale\" content=\"de_DE\" \/>\n<meta property=\"og:type\" content=\"article\" \/>\n<meta property=\"og:title\" content=\"Corporate governance - Italian Wine Brands\" \/>\n<meta property=\"og:description\" content=\"Gesellschafts- und Aktienkapital Das Gesellschaftskapital von Italian Wine Brands S.p.A. bel\u00e4uft sich auf Euro 1.124.468,80, verteilt in Nr. 9.459.983 im\" \/>\n<meta property=\"og:url\" content=\"https:\/\/www.italianwinebrands.it\/de\/investoren\/corporate-governance\/\" \/>\n<meta property=\"og:site_name\" content=\"Italian Wine Brands\" \/>\n<meta property=\"article:modified_time\" content=\"2026-03-05T10:39:12+00:00\" \/>\n<meta property=\"og:image\" content=\"https:\/\/www.italianwinebrands.it\/wp-content\/uploads\/2021\/06\/inve_governance_header.jpg\" \/>\n\t<meta property=\"og:image:width\" content=\"1600\" \/>\n\t<meta property=\"og:image:height\" content=\"600\" \/>\n<meta name=\"twitter:card\" content=\"summary_large_image\" \/>\n<meta name=\"twitter:label1\" content=\"Gesch\u00e4tzte Lesezeit\" \/>\n\t<meta name=\"twitter:data1\" content=\"2 Minuten\" \/>\n<script type=\"application\/ld+json\" class=\"yoast-schema-graph\">{\"@context\":\"https:\/\/schema.org\",\"@graph\":[{\"@type\":\"WebSite\",\"@id\":\"https:\/\/www.italianwinebrands.it\/de\/#website\",\"url\":\"https:\/\/www.italianwinebrands.it\/de\/\",\"name\":\"Italian Wine Brands\",\"description\":\"\",\"potentialAction\":[{\"@type\":\"SearchAction\",\"target\":\"https:\/\/www.italianwinebrands.it\/de\/?s={search_term_string}\",\"query-input\":\"required name=search_term_string\"}],\"inLanguage\":\"de-DE\"},{\"@type\":\"ImageObject\",\"@id\":\"https:\/\/www.italianwinebrands.it\/de\/investoren\/corporate-governance\/#primaryimage\",\"inLanguage\":\"de-DE\",\"url\":\"https:\/\/www.italianwinebrands.it\/wp-content\/uploads\/2021\/06\/inve_governance_header.jpg\",\"contentUrl\":\"https:\/\/www.italianwinebrands.it\/wp-content\/uploads\/2021\/06\/inve_governance_header.jpg\",\"width\":1600,\"height\":600},{\"@type\":\"WebPage\",\"@id\":\"https:\/\/www.italianwinebrands.it\/de\/investoren\/corporate-governance\/#webpage\",\"url\":\"https:\/\/www.italianwinebrands.it\/de\/investoren\/corporate-governance\/\",\"name\":\"Corporate governance - Italian Wine Brands\",\"isPartOf\":{\"@id\":\"https:\/\/www.italianwinebrands.it\/de\/#website\"},\"primaryImageOfPage\":{\"@id\":\"https:\/\/www.italianwinebrands.it\/de\/investoren\/corporate-governance\/#primaryimage\"},\"datePublished\":\"2021-04-08T08:26:39+00:00\",\"dateModified\":\"2026-03-05T10:39:12+00:00\",\"description\":\"Gesellschafts- und Aktienkapital Das Gesellschaftskapital von Italian Wine Brands S.p.A. bel\\u00e4uft sich auf Euro 1.124.468,80, verteilt in Nr. 9.459.983 im\",\"breadcrumb\":{\"@id\":\"https:\/\/www.italianwinebrands.it\/de\/investoren\/corporate-governance\/#breadcrumb\"},\"inLanguage\":\"de-DE\",\"potentialAction\":[{\"@type\":\"ReadAction\",\"target\":[\"https:\/\/www.italianwinebrands.it\/de\/investoren\/corporate-governance\/\"]}]},{\"@type\":\"BreadcrumbList\",\"@id\":\"https:\/\/www.italianwinebrands.it\/de\/investoren\/corporate-governance\/#breadcrumb\",\"itemListElement\":[{\"@type\":\"ListItem\",\"position\":1,\"item\":{\"@type\":\"WebPage\",\"@id\":\"https:\/\/www.italianwinebrands.it\/de\/\",\"url\":\"https:\/\/www.italianwinebrands.it\/de\/\",\"name\":\"IWB\"}},{\"@type\":\"ListItem\",\"position\":2,\"item\":{\"@type\":\"WebPage\",\"@id\":\"https:\/\/www.italianwinebrands.it\/de\/investoren\/\",\"url\":\"https:\/\/www.italianwinebrands.it\/de\/investoren\/\",\"name\":\"Investoren\"}},{\"@type\":\"ListItem\",\"position\":3,\"item\":{\"@id\":\"https:\/\/www.italianwinebrands.it\/de\/investoren\/corporate-governance\/#webpage\"}}]}]}<\/script>\n<!-- \/ Yoast SEO plugin. -->","_links":{"self":[{"href":"https:\/\/www.italianwinebrands.it\/de\/wp-json\/wp\/v2\/pages\/2871"}],"collection":[{"href":"https:\/\/www.italianwinebrands.it\/de\/wp-json\/wp\/v2\/pages"}],"about":[{"href":"https:\/\/www.italianwinebrands.it\/de\/wp-json\/wp\/v2\/types\/page"}],"author":[{"embeddable":true,"href":"https:\/\/www.italianwinebrands.it\/de\/wp-json\/wp\/v2\/users\/1"}],"replies":[{"embeddable":true,"href":"https:\/\/www.italianwinebrands.it\/de\/wp-json\/wp\/v2\/comments?post=2871"}],"version-history":[{"count":10,"href":"https:\/\/www.italianwinebrands.it\/de\/wp-json\/wp\/v2\/pages\/2871\/revisions"}],"predecessor-version":[{"id":9010,"href":"https:\/\/www.italianwinebrands.it\/de\/wp-json\/wp\/v2\/pages\/2871\/revisions\/9010"}],"up":[{"embeddable":true,"href":"https:\/\/www.italianwinebrands.it\/de\/wp-json\/wp\/v2\/pages\/2729"}],"wp:featuredmedia":[{"embeddable":true,"href":"https:\/\/www.italianwinebrands.it\/de\/wp-json\/wp\/v2\/media\/1836"}],"wp:attachment":[{"href":"https:\/\/www.italianwinebrands.it\/de\/wp-json\/wp\/v2\/media?parent=2871"}],"curies":[{"name":"wp","href":"https:\/\/api.w.org\/{rel}","templated":true}]}}